{"id":101,"date":"2025-10-18T18:12:00","date_gmt":"2025-10-18T18:12:00","guid":{"rendered":"https:\/\/projet.eomiya.com\/?page_id=101"},"modified":"2025-11-17T09:06:27","modified_gmt":"2025-11-17T09:06:27","slug":"expression","status":"publish","type":"page","link":"https:\/\/projet.eomiya.com\/en\/expression\/","title":{"rendered":"EXPRESSION"},"content":{"rendered":"\t\t<div data-elementor-type=\"wp-page\" data-elementor-id=\"101\" class=\"elementor elementor-101\">\n\t\t\t\t<div class=\"elementor-element elementor-element-1728c4e3 e-flex e-con-boxed e-con e-parent\" data-id=\"1728c4e3\" data-element_type=\"container\" data-e-type=\"container\">\n\t\t\t\t\t<div class=\"e-con-inner\">\n\t\t\t\t<div class=\"elementor-element elementor-element-61b36c56 elementor-widget elementor-widget-text-editor\" data-id=\"61b36c56\" data-element_type=\"widget\" data-e-type=\"widget\" data-widget_type=\"text-editor.default\">\n\t\t\t\t\t\t\t\t\t<blockquote class=\"wp-block-quote\">\n<p><\/p>\n<blockquote class=\"wp-block-quote is-layout-flow wp-block-quote-is-layout-flow\">\n<p><\/p>\n<p class=\"has-text-align-center\">Quel est notre fa\u00e7on de mettre en forme notre senbilit\u00e9, quand un silence devient un \u00e9cho<\/p>\n<p><\/p>\n<\/blockquote>\n<p><\/p>\n<\/blockquote>\n<p><!-- \/wp:quote --><!-- wp:image {\"id\":105,\"sizeSlug\":\"large\",\"linkDestination\":\"none\"} --><\/p>\n<figure class=\"wp-block-image size-large\"><img decoding=\"async\" class=\"wp-image-105\" src=\"https:\/\/projet.eomiya.com\/wp-content\/uploads\/2025\/10\/Expression-1024x516.png\" alt=\"\" \/><img fetchpriority=\"high\" decoding=\"async\" class=\"aligncenter size-large wp-image-514\" src=\"https:\/\/projet.eomiya.com\/wp-content\/uploads\/2025\/11\/Expression-1024x516.png\" alt=\"\" width=\"640\" height=\"323\" srcset=\"https:\/\/projet.eomiya.com\/wp-content\/uploads\/2025\/11\/Expression-1024x516.png 1024w, https:\/\/projet.eomiya.com\/wp-content\/uploads\/2025\/11\/Expression-300x151.png 300w, https:\/\/projet.eomiya.com\/wp-content\/uploads\/2025\/11\/Expression-768x387.png 768w, https:\/\/projet.eomiya.com\/wp-content\/uploads\/2025\/11\/Expression-850x428.png 850w, https:\/\/projet.eomiya.com\/wp-content\/uploads\/2025\/11\/Expression.png 1340w\" sizes=\"(max-width: 640px) 100vw, 640px\" \/><\/figure>\n<p><!-- \/wp:image --><!-- wp:heading {\"textAlign\":\"center\"} --><\/p>\n<h2 class=\"wp-block-heading has-text-align-center\">Comprendre le projet<\/h2>\n<p><!-- \/wp:heading --><!-- wp:paragraph {\"align\":\"center\"} --><\/p>\n<p class=\"has-text-align-center\">Selon Hegel, le mouvement romantique serait le point culminant en ce qui concerne la beaut\u00e9 de l&#8217;art, car meilleure repr\u00e9sentation de la sensibilit\u00e9 humaine. Si nous devons mettre en parall\u00e8le avec les\u00a0 diff\u00e9rents facteurs contemporains, que trouvons-nous ? &#8220;violence, impatience&#8221; : plus nous mettons un accent sur le progr\u00e8s plus la tol\u00e9rance \u00e0 la frustration s&#8217;affaiblit ; c&#8217;est-\u00e0-dire que notre sensation d&#8217;esp\u00e9rance s&#8217;annihile, et que la d\u00e9pendance \u00e0 la dopamine (effet imm\u00e9diat) s&#8217;accro\u00eet. Pour citer Fr\u00e9derico Fellini : &#8220;(\u00e0 propos de l&#8217;\u00e9volution de l&#8217;art visuel) \u00c7a habitue le public \u00e0 l&#8217;arr\u00eat de l&#8217;activit\u00e9 c\u00e9r\u00e9brale, \u00e0 ces petites pauses de l&#8217;attention (&#8230;).\u2028\u2028Il devient un \u00eatre impatient, incapable de concentration, de contemplation, d&#8217;anticipation, de la musicalit\u00e9 qui accompagne, du sens de l&#8217;harmonie (&#8230;).\u2028\u2028La destruction de toute syntaxe claire aura pour seule cons\u00e9quence de cr\u00e9er un public analphab\u00e8te.&#8221; nous sommes devenus des \u00eatres sensibles incapables : comment pouvons-nous r\u00e9parer ce lien ? En analysant, appr\u00e9ciant les \u0153uvres produites jusqu&#8217;\u00e0 maintenant, n&#8217;essayerions-nous pas de reconsid\u00e9rer ces rapports ?<\/p>\n<p><!-- \/wp:paragraph --><!-- wp:columns --><\/p>\n<div class=\"wp-block-columns\">\n<p><!-- wp:column --><\/p>\n<div class=\"wp-block-column\">\n<p><!-- wp:image {\"id\":102,\"sizeSlug\":\"full\",\"linkDestination\":\"none\"} --><\/p>\n<\/div>\n<div class=\"wp-block-column\">\n<div class=\"wp-block-buttons\">\n<p><!-- \/wp:button --><\/p>\n<\/div>\n<p><!-- \/wp:buttons --><\/p>\n<\/div>\n<p><!-- \/wp:column --><\/p>\n<\/div>\n<p><!-- \/wp:columns --><!-- wp:paragraph --><\/p>\n<p><!-- \/wp:paragraph --><\/p>\t\t\t\t\t\t\t\t<\/div>\n\t\t\t\t\t<\/div>\n\t\t\t\t<\/div>\n\t\t<div class=\"elementor-element elementor-element-2cfc766 e-grid e-con-boxed elementor-invisible e-con e-parent\" data-id=\"2cfc766\" data-element_type=\"container\" data-e-type=\"container\" data-settings=\"{&quot;animation&quot;:&quot;fadeInUp&quot;}\">\n\t\t\t\t\t<div class=\"e-con-inner\">\n\t\t\t\t<div class=\"elementor-element elementor-element-113f8f6 elementor-widget elementor-widget-image\" data-id=\"113f8f6\" data-element_type=\"widget\" data-e-type=\"widget\" data-widget_type=\"image.default\">\n\t\t\t\t\t\t\t\t\t\t\t\t\t\t\t<img decoding=\"async\" width=\"640\" height=\"600\" src=\"https:\/\/projet.eomiya.com\/wp-content\/uploads\/2025\/11\/Ana-analyse.jpg\" class=\"attachment-large size-large wp-image-410\" alt=\"\" srcset=\"https:\/\/projet.eomiya.com\/wp-content\/uploads\/2025\/11\/Ana-analyse.jpg 720w, https:\/\/projet.eomiya.com\/wp-content\/uploads\/2025\/11\/Ana-analyse-300x281.jpg 300w\" sizes=\"(max-width: 640px) 100vw, 640px\" \/>\t\t\t\t\t\t\t\t\t\t\t\t\t\t\t<\/div>\n\t\t\t\t<div class=\"elementor-element elementor-element-a7c7370 elementor-widget elementor-widget-image\" data-id=\"a7c7370\" data-element_type=\"widget\" data-e-type=\"widget\" data-widget_type=\"image.default\">\n\t\t\t\t\t\t\t\t\t\t\t\t\t\t\t<img decoding=\"async\" width=\"640\" height=\"600\" src=\"https:\/\/projet.eomiya.com\/wp-content\/uploads\/2025\/11\/Art-expression.jpg\" class=\"attachment-large size-large wp-image-405\" alt=\"\" srcset=\"https:\/\/projet.eomiya.com\/wp-content\/uploads\/2025\/11\/Art-expression.jpg 720w, https:\/\/projet.eomiya.com\/wp-content\/uploads\/2025\/11\/Art-expression-300x281.jpg 300w\" sizes=\"(max-width: 640px) 100vw, 640px\" \/>\t\t\t\t\t\t\t\t\t\t\t\t\t\t\t<\/div>\n\t\t\t\t<div class=\"elementor-element elementor-element-1a56b7b elementor-widget elementor-widget-image\" data-id=\"1a56b7b\" data-element_type=\"widget\" data-e-type=\"widget\" data-widget_type=\"image.default\">\n\t\t\t\t\t\t\t\t\t\t\t\t\t\t\t<img loading=\"lazy\" decoding=\"async\" width=\"640\" height=\"600\" src=\"https:\/\/projet.eomiya.com\/wp-content\/uploads\/2025\/11\/Expression-article.jpg\" class=\"attachment-large size-large wp-image-406\" alt=\"\" srcset=\"https:\/\/projet.eomiya.com\/wp-content\/uploads\/2025\/11\/Expression-article.jpg 720w, https:\/\/projet.eomiya.com\/wp-content\/uploads\/2025\/11\/Expression-article-300x281.jpg 300w\" sizes=\"(max-width: 640px) 100vw, 640px\" \/>\t\t\t\t\t\t\t\t\t\t\t\t\t\t\t<\/div>\n\t\t\t\t<div class=\"elementor-element elementor-element-ef23c1b elementor-widget elementor-widget-button\" data-id=\"ef23c1b\" data-element_type=\"widget\" data-e-type=\"widget\" data-widget_type=\"button.default\">\n\t\t\t\t\t\t\t\t\t\t<a class=\"elementor-button elementor-button-link elementor-size-sm elementor-animation-grow\" href=\"https:\/\/projet.eomiya.com\/expression-analyse\/\">\n\t\t\t\t\t\t<span class=\"elementor-button-content-wrapper\">\n\t\t\t\t\t\t\t\t\t<span class=\"elementor-button-text\">D\u00e9couvrir \"Analyse\"<\/span>\n\t\t\t\t\t<\/span>\n\t\t\t\t\t<\/a>\n\t\t\t\t\t\t\t\t<\/div>\n\t\t\t\t<div class=\"elementor-element elementor-element-47150c1 elementor-widget elementor-widget-button\" data-id=\"47150c1\" data-element_type=\"widget\" data-e-type=\"widget\" data-widget_type=\"button.default\">\n\t\t\t\t\t\t\t\t\t\t<a class=\"elementor-button elementor-size-sm\" role=\"button\">\n\t\t\t\t\t\t<span class=\"elementor-button-content-wrapper\">\n\t\t\t\t\t\t\t\t\t<span class=\"elementor-button-text\">D\u00e9couvrir \"Art\"<\/span>\n\t\t\t\t\t<\/span>\n\t\t\t\t\t<\/a>\n\t\t\t\t\t\t\t\t<\/div>\n\t\t\t\t<div class=\"elementor-element elementor-element-efcb4e3 elementor-widget elementor-widget-button\" data-id=\"efcb4e3\" data-element_type=\"widget\" data-e-type=\"widget\" data-widget_type=\"button.default\">\n\t\t\t\t\t\t\t\t\t\t<a class=\"elementor-button elementor-size-sm\" role=\"button\">\n\t\t\t\t\t\t<span class=\"elementor-button-content-wrapper\">\n\t\t\t\t\t\t\t\t\t<span class=\"elementor-button-text\">D\u00e9couvrir \"Articles\"<\/span>\n\t\t\t\t\t<\/span>\n\t\t\t\t\t<\/a>\n\t\t\t\t\t\t\t\t<\/div>\n\t\t\t\t\t<\/div>\n\t\t\t\t<\/div>\n\t\t<div class=\"elementor-element elementor-element-bd25157 e-flex e-con-boxed e-con e-parent\" data-id=\"bd25157\" data-element_type=\"container\" data-e-type=\"container\">\n\t\t\t\t\t<div class=\"e-con-inner\">\n\t\t\t\t<div class=\"elementor-element elementor-element-a80ce14 elementor-widget elementor-widget-text-editor\" data-id=\"a80ce14\" data-element_type=\"widget\" data-e-type=\"widget\" data-widget_type=\"text-editor.default\">\n\t\t\t\t\t\t\t\t\t<p>*N&#8217;h\u00e9sitez pas \u00e0 vous inscrire \u00e0 la newsletter pour suivre l&#8217;\u00e9volution d&#8217;Echoes of the mountain ! \u2193<\/p>\t\t\t\t\t\t\t\t<\/div>\n\t\t\t\t\t<\/div>\n\t\t\t\t<\/div>\n\t\t\t\t<\/div>\n\t\t","protected":false},"excerpt":{"rendered":"<p>Quel est notre fa\u00e7on de mettre en forme notre senbilit\u00e9, quand un silence devient un \u00e9cho Comprendre le projet Selon Hegel, le mouvement romantique serait le point culminant en ce qui concerne la beaut\u00e9 de l&#8217;art, car meilleure repr\u00e9sentation de la sensibilit\u00e9 humaine. Si nous devons mettre en parall\u00e8le avec les\u00a0 diff\u00e9rents facteurs contemporains, que&#8230;<\/p>\n","protected":false},"author":1,"featured_media":0,"parent":0,"menu_order":0,"comment_status":"closed","ping_status":"closed","template":"","meta":{"footnotes":""},"class_list":["post-101","page","type-page","status-publish","hentry"],"yoast_head":"<!-- This site is optimized with the Yoast SEO plugin v27.3 - https:\/\/yoast.com\/product\/yoast-seo-wordpress\/ -->\n<title>EXPRESSION<\/title>\n<meta name=\"description\" content=\"D\u00e9couvrez l\u2019expression cr\u00e9ative dans Echoes of the Mountain : un espace o\u00f9 l\u2019art devient la voix du pass\u00e9, du sens et de la m\u00e9moire\" \/>\n<meta name=\"robots\" content=\"index, follow, max-snippet:-1, max-image-preview:large, max-video-preview:-1\" \/>\n<link rel=\"canonical\" href=\"https:\/\/projet.eomiya.com\/en\/expression\/\" \/>\n<meta property=\"og:locale\" content=\"en_US\" \/>\n<meta property=\"og:locale:alternate\" content=\"fr_FR\" \/>\n<meta property=\"og:locale:alternate\" content=\"ja_JP\" \/>\n<meta property=\"og:type\" content=\"article\" \/>\n<meta property=\"og:title\" content=\"EXPRESSION\" \/>\n<meta property=\"og:description\" content=\"D\u00e9couvrez l\u2019expression cr\u00e9ative dans Echoes of the Mountain : un espace o\u00f9 l\u2019art devient la voix du pass\u00e9, du sens et de la m\u00e9moire\" \/>\n<meta property=\"og:url\" content=\"https:\/\/projet.eomiya.com\/en\/expression\/\" \/>\n<meta property=\"og:site_name\" content=\"KODAMA -echoes of the mountain-\" \/>\n<meta property=\"article:modified_time\" content=\"2025-11-17T09:06:27+00:00\" \/>\n<meta name=\"twitter:card\" content=\"summary_large_image\" \/>\n<meta name=\"twitter:label1\" content=\"Est. reading time\" \/>\n\t<meta name=\"twitter:data1\" content=\"2 minutes\" \/>\n<script type=\"application\/ld+json\" class=\"yoast-schema-graph\">{\"@context\":\"https:\\\/\\\/schema.org\",\"@graph\":[{\"@type\":\"WebPage\",\"@id\":\"https:\\\/\\\/projet.eomiya.com\\\/expression\\\/\",\"url\":\"https:\\\/\\\/projet.eomiya.com\\\/expression\\\/\",\"name\":\"EXPRESSION\",\"isPartOf\":{\"@id\":\"https:\\\/\\\/projet.eomiya.com\\\/#website\"},\"primaryImageOfPage\":{\"@id\":\"https:\\\/\\\/projet.eomiya.com\\\/expression\\\/#primaryimage\"},\"image\":{\"@id\":\"https:\\\/\\\/projet.eomiya.com\\\/expression\\\/#primaryimage\"},\"thumbnailUrl\":\"https:\\\/\\\/projet.eomiya.com\\\/wp-content\\\/uploads\\\/2025\\\/10\\\/Expression-1024x516.png\",\"datePublished\":\"2025-10-18T18:12:00+00:00\",\"dateModified\":\"2025-11-17T09:06:27+00:00\",\"description\":\"D\u00e9couvrez l\u2019expression cr\u00e9ative dans Echoes of the Mountain : un espace o\u00f9 l\u2019art devient la voix du pass\u00e9, du sens et de la m\u00e9moire\",\"breadcrumb\":{\"@id\":\"https:\\\/\\\/projet.eomiya.com\\\/expression\\\/#breadcrumb\"},\"inLanguage\":\"en-US\",\"potentialAction\":[{\"@type\":\"ReadAction\",\"target\":[\"https:\\\/\\\/projet.eomiya.com\\\/expression\\\/\"]}]},{\"@type\":\"ImageObject\",\"inLanguage\":\"en-US\",\"@id\":\"https:\\\/\\\/projet.eomiya.com\\\/expression\\\/#primaryimage\",\"url\":\"https:\\\/\\\/projet.eomiya.com\\\/wp-content\\\/uploads\\\/2025\\\/10\\\/Expression-1024x516.png\",\"contentUrl\":\"https:\\\/\\\/projet.eomiya.com\\\/wp-content\\\/uploads\\\/2025\\\/10\\\/Expression-1024x516.png\"},{\"@type\":\"BreadcrumbList\",\"@id\":\"https:\\\/\\\/projet.eomiya.com\\\/expression\\\/#breadcrumb\",\"itemListElement\":[{\"@type\":\"ListItem\",\"position\":1,\"name\":\"Accueil\",\"item\":\"https:\\\/\\\/projet.eomiya.com\\\/\"},{\"@type\":\"ListItem\",\"position\":2,\"name\":\"EXPRESSION\"}]},{\"@type\":\"WebSite\",\"@id\":\"https:\\\/\\\/projet.eomiya.com\\\/#website\",\"url\":\"https:\\\/\\\/projet.eomiya.com\\\/\",\"name\":\"KODAMA -echoes of the mountain-\",\"description\":\"\",\"publisher\":{\"@id\":\"https:\\\/\\\/projet.eomiya.com\\\/#organization\"},\"potentialAction\":[{\"@type\":\"SearchAction\",\"target\":{\"@type\":\"EntryPoint\",\"urlTemplate\":\"https:\\\/\\\/projet.eomiya.com\\\/?s={search_term_string}\"},\"query-input\":{\"@type\":\"PropertyValueSpecification\",\"valueRequired\":true,\"valueName\":\"search_term_string\"}}],\"inLanguage\":\"en-US\"},{\"@type\":\"Organization\",\"@id\":\"https:\\\/\\\/projet.eomiya.com\\\/#organization\",\"name\":\"KODAMA -echoes of the mountain-\",\"url\":\"https:\\\/\\\/projet.eomiya.com\\\/\",\"logo\":{\"@type\":\"ImageObject\",\"inLanguage\":\"en-US\",\"@id\":\"https:\\\/\\\/projet.eomiya.com\\\/#\\\/schema\\\/logo\\\/image\\\/\",\"url\":\"https:\\\/\\\/projet.eomiya.com\\\/wp-content\\\/uploads\\\/2025\\\/10\\\/cropped-SUBMARKAsset-3.webp\",\"contentUrl\":\"https:\\\/\\\/projet.eomiya.com\\\/wp-content\\\/uploads\\\/2025\\\/10\\\/cropped-SUBMARKAsset-3.webp\",\"width\":262,\"height\":262,\"caption\":\"KODAMA -echoes of the mountain-\"},\"image\":{\"@id\":\"https:\\\/\\\/projet.eomiya.com\\\/#\\\/schema\\\/logo\\\/image\\\/\"}}]}<\/script>\n<!-- \/ Yoast SEO plugin. -->","yoast_head_json":{"title":"EXPRESSION","description":"D\u00e9couvrez l\u2019expression cr\u00e9ative dans Echoes of the Mountain : un espace o\u00f9 l\u2019art devient la voix du pass\u00e9, du sens et de la m\u00e9moire","robots":{"index":"index","follow":"follow","max-snippet":"max-snippet:-1","max-image-preview":"max-image-preview:large","max-video-preview":"max-video-preview:-1"},"canonical":"https:\/\/projet.eomiya.com\/en\/expression\/","og_locale":"en_US","og_type":"article","og_title":"[:fr]EXPRESSION[:] - KODAMA -echoes of the mountain-","og_description":"[:fr]D\u00e9couvrez l\u2019expression cr\u00e9ative dans Echoes of the Mountain : un espace o\u00f9 l\u2019art devient la voix du pass\u00e9, du sens et de la m\u00e9moire[:]","og_url":"https:\/\/projet.eomiya.com\/en\/expression\/","og_site_name":"KODAMA -echoes of the mountain-","article_modified_time":"2025-11-17T09:06:27+00:00","twitter_card":"summary_large_image","twitter_misc":{"Est. reading time":"2 minutes"},"schema":{"@context":"https:\/\/schema.org","@graph":[{"@type":"WebPage","@id":"https:\/\/projet.eomiya.com\/expression\/","url":"https:\/\/projet.eomiya.com\/expression\/","name":"EXPRESSION","isPartOf":{"@id":"https:\/\/projet.eomiya.com\/#website"},"primaryImageOfPage":{"@id":"https:\/\/projet.eomiya.com\/expression\/#primaryimage"},"image":{"@id":"https:\/\/projet.eomiya.com\/expression\/#primaryimage"},"thumbnailUrl":"https:\/\/projet.eomiya.com\/wp-content\/uploads\/2025\/10\/Expression-1024x516.png","datePublished":"2025-10-18T18:12:00+00:00","dateModified":"2025-11-17T09:06:27+00:00","description":"D\u00e9couvrez l\u2019expression cr\u00e9ative dans Echoes of the Mountain : un espace o\u00f9 l\u2019art devient la voix du pass\u00e9, du sens et de la m\u00e9moire","breadcrumb":{"@id":"https:\/\/projet.eomiya.com\/expression\/#breadcrumb"},"inLanguage":"en-US","potentialAction":[{"@type":"ReadAction","target":["https:\/\/projet.eomiya.com\/expression\/"]}]},{"@type":"ImageObject","inLanguage":"en-US","@id":"https:\/\/projet.eomiya.com\/expression\/#primaryimage","url":"https:\/\/projet.eomiya.com\/wp-content\/uploads\/2025\/10\/Expression-1024x516.png","contentUrl":"https:\/\/projet.eomiya.com\/wp-content\/uploads\/2025\/10\/Expression-1024x516.png"},{"@type":"BreadcrumbList","@id":"https:\/\/projet.eomiya.com\/expression\/#breadcrumb","itemListElement":[{"@type":"ListItem","position":1,"name":"Accueil","item":"https:\/\/projet.eomiya.com\/"},{"@type":"ListItem","position":2,"name":"EXPRESSION"}]},{"@type":"WebSite","@id":"https:\/\/projet.eomiya.com\/#website","url":"https:\/\/projet.eomiya.com\/","name":"KODAMA -echoes of the mountain-","description":"","publisher":{"@id":"https:\/\/projet.eomiya.com\/#organization"},"potentialAction":[{"@type":"SearchAction","target":{"@type":"EntryPoint","urlTemplate":"https:\/\/projet.eomiya.com\/?s={search_term_string}"},"query-input":{"@type":"PropertyValueSpecification","valueRequired":true,"valueName":"search_term_string"}}],"inLanguage":"en-US"},{"@type":"Organization","@id":"https:\/\/projet.eomiya.com\/#organization","name":"KODAMA -echoes of the mountain-","url":"https:\/\/projet.eomiya.com\/","logo":{"@type":"ImageObject","inLanguage":"en-US","@id":"https:\/\/projet.eomiya.com\/#\/schema\/logo\/image\/","url":"https:\/\/projet.eomiya.com\/wp-content\/uploads\/2025\/10\/cropped-SUBMARKAsset-3.webp","contentUrl":"https:\/\/projet.eomiya.com\/wp-content\/uploads\/2025\/10\/cropped-SUBMARKAsset-3.webp","width":262,"height":262,"caption":"KODAMA -echoes of the mountain-"},"image":{"@id":"https:\/\/projet.eomiya.com\/#\/schema\/logo\/image\/"}}]}},"_links":{"self":[{"href":"https:\/\/projet.eomiya.com\/en\/wp-json\/wp\/v2\/pages\/101","targetHints":{"allow":["GET"]}}],"collection":[{"href":"https:\/\/projet.eomiya.com\/en\/wp-json\/wp\/v2\/pages"}],"about":[{"href":"https:\/\/projet.eomiya.com\/en\/wp-json\/wp\/v2\/types\/page"}],"author":[{"embeddable":true,"href":"https:\/\/projet.eomiya.com\/en\/wp-json\/wp\/v2\/users\/1"}],"replies":[{"embeddable":true,"href":"https:\/\/projet.eomiya.com\/en\/wp-json\/wp\/v2\/comments?post=101"}],"version-history":[{"count":30,"href":"https:\/\/projet.eomiya.com\/en\/wp-json\/wp\/v2\/pages\/101\/revisions"}],"predecessor-version":[{"id":604,"href":"https:\/\/projet.eomiya.com\/en\/wp-json\/wp\/v2\/pages\/101\/revisions\/604"}],"wp:attachment":[{"href":"https:\/\/projet.eomiya.com\/en\/wp-json\/wp\/v2\/media?parent=101"}],"curies":[{"name":"wp","href":"https:\/\/api.w.org\/{rel}","templated":true}]}}