{"id":107,"date":"2025-10-18T18:30:41","date_gmt":"2025-10-18T18:30:41","guid":{"rendered":"https:\/\/projet.eomiya.com\/?page_id=107"},"modified":"2025-11-06T16:11:29","modified_gmt":"2025-11-06T16:11:29","slug":"artwork","status":"publish","type":"page","link":"https:\/\/projet.eomiya.com\/en\/artwork\/","title":{"rendered":"ARTWORK"},"content":{"rendered":"\t\t<div data-elementor-type=\"wp-page\" data-elementor-id=\"107\" class=\"elementor elementor-107\">\n\t\t\t\t<div class=\"elementor-element elementor-element-03a88c1 e-flex e-con-boxed e-con e-parent\" data-id=\"03a88c1\" data-element_type=\"container\" data-e-type=\"container\">\n\t\t\t\t\t<div class=\"e-con-inner\">\n\t\t\t\t<div class=\"elementor-element elementor-element-8e372c9 elementor-invisible elementor-widget elementor-widget-image-gallery\" data-id=\"8e372c9\" data-element_type=\"widget\" data-e-type=\"widget\" data-settings=\"{&quot;_animation&quot;:&quot;fadeIn&quot;}\" data-widget_type=\"image-gallery.default\">\n\t\t\t\t\t\t\t<div class=\"elementor-image-gallery\">\n\t\t\t<div id='gallery-1' class='gallery galleryid-107 gallery-columns-3 gallery-size-medium'><figure class='gallery-item'>\r\n\t\t\t<div class='gallery-icon portrait'>\r\n\t\t\t\t<a data-elementor-open-lightbox=\"yes\" data-elementor-lightbox-slideshow=\"8e372c9\" data-elementor-lightbox-title=\"beatles\" data-e-action-hash=\"#elementor-action%3Aaction%3Dlightbox%26settings%3DeyJpZCI6MTA5LCJ1cmwiOiJodHRwczpcL1wvcHJvamV0LmVvbWl5YS5jb21cL3dwLWNvbnRlbnRcL3VwbG9hZHNcLzIwMjVcLzEwXC9iZWF0bGVzLnBuZyIsInNsaWRlc2hvdyI6IjhlMzcyYzkifQ%3D%3D\" href='https:\/\/projet.eomiya.com\/wp-content\/uploads\/2025\/10\/beatles.png'><img fetchpriority=\"high\" decoding=\"async\" width=\"241\" height=\"300\" src=\"https:\/\/projet.eomiya.com\/wp-content\/uploads\/2025\/10\/beatles-241x300.png\" class=\"attachment-medium size-medium\" alt=\"\" srcset=\"https:\/\/projet.eomiya.com\/wp-content\/uploads\/2025\/10\/beatles-241x300.png 241w, https:\/\/projet.eomiya.com\/wp-content\/uploads\/2025\/10\/beatles-300x374.png 300w, https:\/\/projet.eomiya.com\/wp-content\/uploads\/2025\/10\/beatles.png 642w\" sizes=\"(max-width: 241px) 100vw, 241px\" \/><\/a>\r\n\t\t\t<\/div><\/figure><figure class='gallery-item'>\r\n\t\t\t<div class='gallery-icon portrait'>\r\n\t\t\t\t<a data-elementor-open-lightbox=\"yes\" data-elementor-lightbox-slideshow=\"8e372c9\" data-elementor-lightbox-title=\"n\" data-e-action-hash=\"#elementor-action%3Aaction%3Dlightbox%26settings%3DeyJpZCI6MTEwLCJ1cmwiOiJodHRwczpcL1wvcHJvamV0LmVvbWl5YS5jb21cL3dwLWNvbnRlbnRcL3VwbG9hZHNcLzIwMjVcLzEwXC9uLXNjYWxlZC5wbmciLCJzbGlkZXNob3ciOiI4ZTM3MmM5In0%3D\" href='https:\/\/projet.eomiya.com\/wp-content\/uploads\/2025\/10\/n-scaled.png'><img decoding=\"async\" width=\"200\" height=\"300\" src=\"https:\/\/projet.eomiya.com\/wp-content\/uploads\/2025\/10\/n-200x300.png\" class=\"attachment-medium size-medium\" alt=\"\" srcset=\"https:\/\/projet.eomiya.com\/wp-content\/uploads\/2025\/10\/n-200x300.png 200w, https:\/\/projet.eomiya.com\/wp-content\/uploads\/2025\/10\/n-683x1024.png 683w, https:\/\/projet.eomiya.com\/wp-content\/uploads\/2025\/10\/n-768x1152.png 768w, https:\/\/projet.eomiya.com\/wp-content\/uploads\/2025\/10\/n-1024x1536.png 1024w, https:\/\/projet.eomiya.com\/wp-content\/uploads\/2025\/10\/n-1365x2048.png 1365w, https:\/\/projet.eomiya.com\/wp-content\/uploads\/2025\/10\/n-300x450.png 300w, https:\/\/projet.eomiya.com\/wp-content\/uploads\/2025\/10\/n-850x1275.png 850w, https:\/\/projet.eomiya.com\/wp-content\/uploads\/2025\/10\/n-scaled.png 1707w\" sizes=\"(max-width: 200px) 100vw, 200px\" \/><\/a>\r\n\t\t\t<\/div><\/figure><figure class='gallery-item'>\r\n\t\t\t<div class='gallery-icon portrait'>\r\n\t\t\t\t<a data-elementor-open-lightbox=\"yes\" data-elementor-lightbox-slideshow=\"8e372c9\" data-elementor-lightbox-title=\"renard\" data-e-action-hash=\"#elementor-action%3Aaction%3Dlightbox%26settings%3DeyJpZCI6MTExLCJ1cmwiOiJodHRwczpcL1wvcHJvamV0LmVvbWl5YS5jb21cL3dwLWNvbnRlbnRcL3VwbG9hZHNcLzIwMjVcLzEwXC9yZW5hcmQucG5nIiwic2xpZGVzaG93IjoiOGUzNzJjOSJ9\" href='https:\/\/projet.eomiya.com\/wp-content\/uploads\/2025\/10\/renard.png'><img decoding=\"async\" width=\"284\" height=\"300\" src=\"https:\/\/projet.eomiya.com\/wp-content\/uploads\/2025\/10\/renard-284x300.png\" class=\"attachment-medium size-medium\" alt=\"\" srcset=\"https:\/\/projet.eomiya.com\/wp-content\/uploads\/2025\/10\/renard-284x300.png 284w, https:\/\/projet.eomiya.com\/wp-content\/uploads\/2025\/10\/renard-768x810.png 768w, https:\/\/projet.eomiya.com\/wp-content\/uploads\/2025\/10\/renard-300x316.png 300w, https:\/\/projet.eomiya.com\/wp-content\/uploads\/2025\/10\/renard-850x897.png 850w, https:\/\/projet.eomiya.com\/wp-content\/uploads\/2025\/10\/renard.png 946w\" sizes=\"(max-width: 284px) 100vw, 284px\" \/><\/a>\r\n\t\t\t<\/div><\/figure><figure class='gallery-item'>\r\n\t\t\t<div class='gallery-icon portrait'>\r\n\t\t\t\t<a data-elementor-open-lightbox=\"yes\" data-elementor-lightbox-slideshow=\"8e372c9\" data-elementor-lightbox-title=\"Oeuvre mus\u00e9e\" data-e-action-hash=\"#elementor-action%3Aaction%3Dlightbox%26settings%3DeyJpZCI6MTEyLCJ1cmwiOiJodHRwczpcL1wvcHJvamV0LmVvbWl5YS5jb21cL3dwLWNvbnRlbnRcL3VwbG9hZHNcLzIwMjVcLzEwXC8xLXNjYWxlZC5qcGciLCJzbGlkZXNob3ciOiI4ZTM3MmM5In0%3D\" href='https:\/\/projet.eomiya.com\/wp-content\/uploads\/2025\/10\/1-scaled.jpg'><img loading=\"lazy\" decoding=\"async\" width=\"200\" height=\"300\" src=\"https:\/\/projet.eomiya.com\/wp-content\/uploads\/2025\/10\/1-200x300.jpg\" class=\"attachment-medium size-medium\" alt=\"\" srcset=\"https:\/\/projet.eomiya.com\/wp-content\/uploads\/2025\/10\/1-200x300.jpg 200w, https:\/\/projet.eomiya.com\/wp-content\/uploads\/2025\/10\/1-683x1024.jpg 683w, https:\/\/projet.eomiya.com\/wp-content\/uploads\/2025\/10\/1-768x1152.jpg 768w, https:\/\/projet.eomiya.com\/wp-content\/uploads\/2025\/10\/1-1024x1536.jpg 1024w, https:\/\/projet.eomiya.com\/wp-content\/uploads\/2025\/10\/1-1365x2048.jpg 1365w, https:\/\/projet.eomiya.com\/wp-content\/uploads\/2025\/10\/1-300x450.jpg 300w, https:\/\/projet.eomiya.com\/wp-content\/uploads\/2025\/10\/1-850x1275.jpg 850w, https:\/\/projet.eomiya.com\/wp-content\/uploads\/2025\/10\/1-scaled.jpg 1707w\" sizes=\"(max-width: 200px) 100vw, 200px\" \/><\/a>\r\n\t\t\t<\/div><\/figure><figure class='gallery-item'>\r\n\t\t\t<div class='gallery-icon portrait'>\r\n\t\t\t\t<a data-elementor-open-lightbox=\"yes\" data-elementor-lightbox-slideshow=\"8e372c9\" data-elementor-lightbox-title=\"Composition graphique self portrait\" data-e-action-hash=\"#elementor-action%3Aaction%3Dlightbox%26settings%3DeyJpZCI6MTEzLCJ1cmwiOiJodHRwczpcL1wvcHJvamV0LmVvbWl5YS5jb21cL3dwLWNvbnRlbnRcL3VwbG9hZHNcLzIwMjVcLzEwXC8xNS5qcGciLCJzbGlkZXNob3ciOiI4ZTM3MmM5In0%3D\" href='https:\/\/projet.eomiya.com\/wp-content\/uploads\/2025\/10\/15.jpg'><img loading=\"lazy\" decoding=\"async\" width=\"225\" height=\"300\" src=\"https:\/\/projet.eomiya.com\/wp-content\/uploads\/2025\/10\/15-225x300.jpg\" class=\"attachment-medium size-medium\" alt=\"\" srcset=\"https:\/\/projet.eomiya.com\/wp-content\/uploads\/2025\/10\/15-225x300.jpg 225w, https:\/\/projet.eomiya.com\/wp-content\/uploads\/2025\/10\/15-768x1024.jpg 768w, https:\/\/projet.eomiya.com\/wp-content\/uploads\/2025\/10\/15-1152x1536.jpg 1152w, https:\/\/projet.eomiya.com\/wp-content\/uploads\/2025\/10\/15-300x400.jpg 300w, https:\/\/projet.eomiya.com\/wp-content\/uploads\/2025\/10\/15-850x1133.jpg 850w, https:\/\/projet.eomiya.com\/wp-content\/uploads\/2025\/10\/15.jpg 1536w\" sizes=\"(max-width: 225px) 100vw, 225px\" \/><\/a>\r\n\t\t\t<\/div><\/figure><figure class='gallery-item'>\r\n\t\t\t<div class='gallery-icon portrait'>\r\n\t\t\t\t<a data-elementor-open-lightbox=\"yes\" data-elementor-lightbox-slideshow=\"8e372c9\" data-elementor-lightbox-title=\"Composition graphique self portrait\" data-e-action-hash=\"#elementor-action%3Aaction%3Dlightbox%26settings%3DeyJpZCI6MTE0LCJ1cmwiOiJodHRwczpcL1wvcHJvamV0LmVvbWl5YS5jb21cL3dwLWNvbnRlbnRcL3VwbG9hZHNcLzIwMjVcLzEwXC8xNy1mbGF0dGVuLTIuanBnIiwic2xpZGVzaG93IjoiOGUzNzJjOSJ9\" href='https:\/\/projet.eomiya.com\/wp-content\/uploads\/2025\/10\/17-flatten-2.jpg'><img loading=\"lazy\" decoding=\"async\" width=\"225\" height=\"300\" src=\"https:\/\/projet.eomiya.com\/wp-content\/uploads\/2025\/10\/17-flatten-2-225x300.jpg\" class=\"attachment-medium size-medium\" alt=\"\" srcset=\"https:\/\/projet.eomiya.com\/wp-content\/uploads\/2025\/10\/17-flatten-2-225x300.jpg 225w, https:\/\/projet.eomiya.com\/wp-content\/uploads\/2025\/10\/17-flatten-2-768x1024.jpg 768w, https:\/\/projet.eomiya.com\/wp-content\/uploads\/2025\/10\/17-flatten-2-1152x1536.jpg 1152w, https:\/\/projet.eomiya.com\/wp-content\/uploads\/2025\/10\/17-flatten-2-300x400.jpg 300w, https:\/\/projet.eomiya.com\/wp-content\/uploads\/2025\/10\/17-flatten-2-850x1133.jpg 850w, https:\/\/projet.eomiya.com\/wp-content\/uploads\/2025\/10\/17-flatten-2.jpg 1342w\" sizes=\"(max-width: 225px) 100vw, 225px\" \/><\/a>\r\n\t\t\t<\/div><\/figure><\/div>\n\t\t<\/div>\n\t\t\t\t\t\t<\/div>\n\t\t\t\t\t<\/div>\n\t\t\t\t<\/div>\n\t\t<div class=\"elementor-element elementor-element-3d6c44a e-con-full e-flex e-con e-parent\" data-id=\"3d6c44a\" data-element_type=\"container\" data-e-type=\"container\">\n\t\t\t\t<div class=\"elementor-element elementor-element-b0bae84 elementor-widget__width-initial elementor-view-default elementor-widget elementor-widget-icon\" data-id=\"b0bae84\" data-element_type=\"widget\" data-e-type=\"widget\" data-widget_type=\"icon.default\">\n\t\t\t\t\t\t\t<div class=\"elementor-icon-wrapper\">\n\t\t\t<div class=\"elementor-icon\">\n\t\t\t<svg aria-hidden=\"true\" class=\"e-font-icon-svg e-fas-quote-left\" viewBox=\"0 0 512 512\" xmlns=\"http:\/\/www.w3.org\/2000\/svg\"><path d=\"M464 256h-80v-64c0-35.3 28.7-64 64-64h8c13.3 0 24-10.7 24-24V56c0-13.3-10.7-24-24-24h-8c-88.4 0-160 71.6-160 160v240c0 26.5 21.5 48 48 48h128c26.5 0 48-21.5 48-48V304c0-26.5-21.5-48-48-48zm-288 0H96v-64c0-35.3 28.7-64 64-64h8c13.3 0 24-10.7 24-24V56c0-13.3-10.7-24-24-24h-8C71.6 32 0 103.6 0 192v240c0 26.5 21.5 48 48 48h128c26.5 0 48-21.5 48-48V304c0-26.5-21.5-48-48-48z\"><\/path><\/svg>\t\t\t<\/div>\n\t\t<\/div>\n\t\t\t\t\t\t<\/div>\n\t\t\t\t<div class=\"elementor-element elementor-element-8861791 elementor-widget elementor-widget-text-editor\" data-id=\"8861791\" data-element_type=\"widget\" data-e-type=\"widget\" data-widget_type=\"text-editor.default\">\n\t\t\t\t\t\t\t\t\t<p>\u2018Toutes les cr\u00e9ations hors projets, une expression libre d\u00e9coulant de diff\u00e9rentes inspirations<\/p>\t\t\t\t\t\t\t\t<\/div>\n\t\t\t\t<\/div>\n\t\t\t\t<\/div>\n\t\t","protected":false},"excerpt":{"rendered":"<p>\u2018Toutes les cr\u00e9ations hors projets, une expression libre d\u00e9coulant de diff\u00e9rentes inspirations<\/p>\n","protected":false},"author":1,"featured_media":0,"parent":0,"menu_order":0,"comment_status":"closed","ping_status":"closed","template":"","meta":{"footnotes":""},"class_list":["post-107","page","type-page","status-publish","hentry"],"yoast_head":"<!-- This site is optimized with the Yoast SEO plugin v27.3 - https:\/\/yoast.com\/product\/yoast-seo-wordpress\/ -->\n<title>ARTWORK - KODAMA -echoes of the mountain-<\/title>\n<meta name=\"robots\" content=\"index, follow, max-snippet:-1, max-image-preview:large, max-video-preview:-1\" \/>\n<link rel=\"canonical\" href=\"https:\/\/projet.eomiya.com\/en\/artwork\/\" \/>\n<meta property=\"og:locale\" content=\"en_US\" \/>\n<meta property=\"og:locale:alternate\" content=\"fr_FR\" \/>\n<meta property=\"og:locale:alternate\" content=\"ja_JP\" \/>\n<meta property=\"og:type\" content=\"article\" \/>\n<meta property=\"og:title\" content=\"ARTWORK - KODAMA -echoes of the mountain-\" \/>\n<meta property=\"og:description\" content=\"\u2018Toutes les cr\u00e9ations hors projets, une expression libre d\u00e9coulant de diff\u00e9rentes inspirations\" \/>\n<meta property=\"og:url\" content=\"https:\/\/projet.eomiya.com\/en\/artwork\/\" \/>\n<meta property=\"og:site_name\" content=\"KODAMA -echoes of the mountain-\" \/>\n<meta property=\"article:modified_time\" content=\"2025-11-06T16:11:29+00:00\" \/>\n<meta property=\"og:image\" content=\"https:\/\/projet.eomiya.com\/wp-content\/uploads\/2025\/10\/beatles-241x300.png\" \/>\n<meta name=\"twitter:card\" content=\"summary_large_image\" \/>\n<meta name=\"twitter:label1\" content=\"Est. reading time\" \/>\n\t<meta name=\"twitter:data1\" content=\"2 minutes\" \/>\n<script type=\"application\/ld+json\" class=\"yoast-schema-graph\">{\"@context\":\"https:\\\/\\\/schema.org\",\"@graph\":[{\"@type\":\"WebPage\",\"@id\":\"https:\\\/\\\/projet.eomiya.com\\\/artwork\\\/\",\"url\":\"https:\\\/\\\/projet.eomiya.com\\\/artwork\\\/\",\"name\":\"ARTWORK - KODAMA -echoes of the mountain-\",\"isPartOf\":{\"@id\":\"https:\\\/\\\/projet.eomiya.com\\\/#website\"},\"primaryImageOfPage\":{\"@id\":\"https:\\\/\\\/projet.eomiya.com\\\/artwork\\\/#primaryimage\"},\"image\":{\"@id\":\"https:\\\/\\\/projet.eomiya.com\\\/artwork\\\/#primaryimage\"},\"thumbnailUrl\":\"https:\\\/\\\/projet.eomiya.com\\\/wp-content\\\/uploads\\\/2025\\\/10\\\/beatles-241x300.png\",\"datePublished\":\"2025-10-18T18:30:41+00:00\",\"dateModified\":\"2025-11-06T16:11:29+00:00\",\"breadcrumb\":{\"@id\":\"https:\\\/\\\/projet.eomiya.com\\\/artwork\\\/#breadcrumb\"},\"inLanguage\":\"en-US\",\"potentialAction\":[{\"@type\":\"ReadAction\",\"target\":[\"https:\\\/\\\/projet.eomiya.com\\\/artwork\\\/\"]}]},{\"@type\":\"ImageObject\",\"inLanguage\":\"en-US\",\"@id\":\"https:\\\/\\\/projet.eomiya.com\\\/artwork\\\/#primaryimage\",\"url\":\"https:\\\/\\\/projet.eomiya.com\\\/wp-content\\\/uploads\\\/2025\\\/10\\\/beatles-241x300.png\",\"contentUrl\":\"https:\\\/\\\/projet.eomiya.com\\\/wp-content\\\/uploads\\\/2025\\\/10\\\/beatles-241x300.png\"},{\"@type\":\"BreadcrumbList\",\"@id\":\"https:\\\/\\\/projet.eomiya.com\\\/artwork\\\/#breadcrumb\",\"itemListElement\":[{\"@type\":\"ListItem\",\"position\":1,\"name\":\"Accueil\",\"item\":\"https:\\\/\\\/projet.eomiya.com\\\/\"},{\"@type\":\"ListItem\",\"position\":2,\"name\":\"ARTWORK\"}]},{\"@type\":\"WebSite\",\"@id\":\"https:\\\/\\\/projet.eomiya.com\\\/#website\",\"url\":\"https:\\\/\\\/projet.eomiya.com\\\/\",\"name\":\"KODAMA -echoes of the mountain-\",\"description\":\"\",\"publisher\":{\"@id\":\"https:\\\/\\\/projet.eomiya.com\\\/#organization\"},\"potentialAction\":[{\"@type\":\"SearchAction\",\"target\":{\"@type\":\"EntryPoint\",\"urlTemplate\":\"https:\\\/\\\/projet.eomiya.com\\\/?s={search_term_string}\"},\"query-input\":{\"@type\":\"PropertyValueSpecification\",\"valueRequired\":true,\"valueName\":\"search_term_string\"}}],\"inLanguage\":\"en-US\"},{\"@type\":\"Organization\",\"@id\":\"https:\\\/\\\/projet.eomiya.com\\\/#organization\",\"name\":\"KODAMA -echoes of the mountain-\",\"url\":\"https:\\\/\\\/projet.eomiya.com\\\/\",\"logo\":{\"@type\":\"ImageObject\",\"inLanguage\":\"en-US\",\"@id\":\"https:\\\/\\\/projet.eomiya.com\\\/#\\\/schema\\\/logo\\\/image\\\/\",\"url\":\"https:\\\/\\\/projet.eomiya.com\\\/wp-content\\\/uploads\\\/2025\\\/10\\\/cropped-SUBMARKAsset-3.webp\",\"contentUrl\":\"https:\\\/\\\/projet.eomiya.com\\\/wp-content\\\/uploads\\\/2025\\\/10\\\/cropped-SUBMARKAsset-3.webp\",\"width\":262,\"height\":262,\"caption\":\"KODAMA -echoes of the mountain-\"},\"image\":{\"@id\":\"https:\\\/\\\/projet.eomiya.com\\\/#\\\/schema\\\/logo\\\/image\\\/\"}}]}<\/script>\n<!-- \/ Yoast SEO plugin. -->","yoast_head_json":{"title":"ARTWORK - KODAMA -echoes of the mountain-","robots":{"index":"index","follow":"follow","max-snippet":"max-snippet:-1","max-image-preview":"max-image-preview:large","max-video-preview":"max-video-preview:-1"},"canonical":"https:\/\/projet.eomiya.com\/en\/artwork\/","og_locale":"en_US","og_type":"article","og_title":"ARTWORK - KODAMA -echoes of the mountain-","og_description":"\u2018Toutes les cr\u00e9ations hors projets, une expression libre d\u00e9coulant de diff\u00e9rentes inspirations","og_url":"https:\/\/projet.eomiya.com\/en\/artwork\/","og_site_name":"KODAMA -echoes of the mountain-","article_modified_time":"2025-11-06T16:11:29+00:00","og_image":[{"url":"https:\/\/projet.eomiya.com\/wp-content\/uploads\/2025\/10\/beatles-241x300.png","type":"","width":"","height":""}],"twitter_card":"summary_large_image","twitter_misc":{"Est. reading time":"2 minutes"},"schema":{"@context":"https:\/\/schema.org","@graph":[{"@type":"WebPage","@id":"https:\/\/projet.eomiya.com\/artwork\/","url":"https:\/\/projet.eomiya.com\/artwork\/","name":"ARTWORK - KODAMA -echoes of the mountain-","isPartOf":{"@id":"https:\/\/projet.eomiya.com\/#website"},"primaryImageOfPage":{"@id":"https:\/\/projet.eomiya.com\/artwork\/#primaryimage"},"image":{"@id":"https:\/\/projet.eomiya.com\/artwork\/#primaryimage"},"thumbnailUrl":"https:\/\/projet.eomiya.com\/wp-content\/uploads\/2025\/10\/beatles-241x300.png","datePublished":"2025-10-18T18:30:41+00:00","dateModified":"2025-11-06T16:11:29+00:00","breadcrumb":{"@id":"https:\/\/projet.eomiya.com\/artwork\/#breadcrumb"},"inLanguage":"en-US","potentialAction":[{"@type":"ReadAction","target":["https:\/\/projet.eomiya.com\/artwork\/"]}]},{"@type":"ImageObject","inLanguage":"en-US","@id":"https:\/\/projet.eomiya.com\/artwork\/#primaryimage","url":"https:\/\/projet.eomiya.com\/wp-content\/uploads\/2025\/10\/beatles-241x300.png","contentUrl":"https:\/\/projet.eomiya.com\/wp-content\/uploads\/2025\/10\/beatles-241x300.png"},{"@type":"BreadcrumbList","@id":"https:\/\/projet.eomiya.com\/artwork\/#breadcrumb","itemListElement":[{"@type":"ListItem","position":1,"name":"Accueil","item":"https:\/\/projet.eomiya.com\/"},{"@type":"ListItem","position":2,"name":"ARTWORK"}]},{"@type":"WebSite","@id":"https:\/\/projet.eomiya.com\/#website","url":"https:\/\/projet.eomiya.com\/","name":"KODAMA -echoes of the mountain-","description":"","publisher":{"@id":"https:\/\/projet.eomiya.com\/#organization"},"potentialAction":[{"@type":"SearchAction","target":{"@type":"EntryPoint","urlTemplate":"https:\/\/projet.eomiya.com\/?s={search_term_string}"},"query-input":{"@type":"PropertyValueSpecification","valueRequired":true,"valueName":"search_term_string"}}],"inLanguage":"en-US"},{"@type":"Organization","@id":"https:\/\/projet.eomiya.com\/#organization","name":"KODAMA -echoes of the mountain-","url":"https:\/\/projet.eomiya.com\/","logo":{"@type":"ImageObject","inLanguage":"en-US","@id":"https:\/\/projet.eomiya.com\/#\/schema\/logo\/image\/","url":"https:\/\/projet.eomiya.com\/wp-content\/uploads\/2025\/10\/cropped-SUBMARKAsset-3.webp","contentUrl":"https:\/\/projet.eomiya.com\/wp-content\/uploads\/2025\/10\/cropped-SUBMARKAsset-3.webp","width":262,"height":262,"caption":"KODAMA -echoes of the mountain-"},"image":{"@id":"https:\/\/projet.eomiya.com\/#\/schema\/logo\/image\/"}}]}},"_links":{"self":[{"href":"https:\/\/projet.eomiya.com\/en\/wp-json\/wp\/v2\/pages\/107","targetHints":{"allow":["GET"]}}],"collection":[{"href":"https:\/\/projet.eomiya.com\/en\/wp-json\/wp\/v2\/pages"}],"about":[{"href":"https:\/\/projet.eomiya.com\/en\/wp-json\/wp\/v2\/types\/page"}],"author":[{"embeddable":true,"href":"https:\/\/projet.eomiya.com\/en\/wp-json\/wp\/v2\/users\/1"}],"replies":[{"embeddable":true,"href":"https:\/\/projet.eomiya.com\/en\/wp-json\/wp\/v2\/comments?post=107"}],"version-history":[{"count":11,"href":"https:\/\/projet.eomiya.com\/en\/wp-json\/wp\/v2\/pages\/107\/revisions"}],"predecessor-version":[{"id":567,"href":"https:\/\/projet.eomiya.com\/en\/wp-json\/wp\/v2\/pages\/107\/revisions\/567"}],"wp:attachment":[{"href":"https:\/\/projet.eomiya.com\/en\/wp-json\/wp\/v2\/media?parent=107"}],"curies":[{"name":"wp","href":"https:\/\/api.w.org\/{rel}","templated":true}]}}