{"id":128,"date":"2025-10-19T06:12:49","date_gmt":"2025-10-19T06:12:49","guid":{"rendered":"https:\/\/projet.eomiya.com\/?page_id=128"},"modified":"2025-11-07T10:25:32","modified_gmt":"2025-11-07T10:25:32","slug":"expression-live","status":"publish","type":"page","link":"https:\/\/projet.eomiya.com\/en\/expression-live\/","title":{"rendered":"EXPRESSION &#8211; LIVE"},"content":{"rendered":"\t\t<div data-elementor-type=\"wp-page\" data-elementor-id=\"128\" class=\"elementor elementor-128\">\n\t\t\t\t<div class=\"elementor-element elementor-element-474963c e-grid e-con-full e-con e-parent\" data-id=\"474963c\" data-element_type=\"container\" data-e-type=\"container\">\n\t\t\t\t<div class=\"elementor-element elementor-element-96cf1dd elementor-widget elementor-widget-image\" data-id=\"96cf1dd\" data-element_type=\"widget\" data-e-type=\"widget\" data-widget_type=\"image.default\">\n\t\t\t\t\t\t\t\t\t\t\t\t\t\t\t<img fetchpriority=\"high\" decoding=\"async\" width=\"640\" height=\"286\" src=\"https:\/\/projet.eomiya.com\/wp-content\/uploads\/2025\/10\/compil-mieux.png\" class=\"attachment-large size-large wp-image-146\" alt=\"\" srcset=\"https:\/\/projet.eomiya.com\/wp-content\/uploads\/2025\/10\/compil-mieux.png 972w, https:\/\/projet.eomiya.com\/wp-content\/uploads\/2025\/10\/compil-mieux-300x134.png 300w, https:\/\/projet.eomiya.com\/wp-content\/uploads\/2025\/10\/compil-mieux-768x343.png 768w, https:\/\/projet.eomiya.com\/wp-content\/uploads\/2025\/10\/compil-mieux-850x380.png 850w\" sizes=\"(max-width: 640px) 100vw, 640px\" \/>\t\t\t\t\t\t\t\t\t\t\t\t\t\t\t<\/div>\n\t\t\t\t<\/div>\n\t\t<div class=\"elementor-element elementor-element-eebf9e8 e-flex e-con-boxed e-con e-parent\" data-id=\"eebf9e8\" data-element_type=\"container\" data-e-type=\"container\">\n\t\t\t\t\t<div class=\"e-con-inner\">\n\t\t\t\t<div class=\"elementor-element elementor-element-c6060af elementor-widget elementor-widget-heading\" data-id=\"c6060af\" data-element_type=\"widget\" data-e-type=\"widget\" data-widget_type=\"heading.default\">\n\t\t\t\t\t<h2 class=\"elementor-heading-title elementor-size-default\">EO - The Visible Unseen<\/h2>\t\t\t\t<\/div>\n\t\t\t\t\t<\/div>\n\t\t\t\t<\/div>\n\t\t<div class=\"elementor-element elementor-element-ac6c151 e-flex e-con-boxed e-con e-parent\" data-id=\"ac6c151\" data-element_type=\"container\" data-e-type=\"container\">\n\t\t\t\t\t<div class=\"e-con-inner\">\n\t\t\t\t<div class=\"elementor-element elementor-element-41b9945 elementor-widget elementor-widget-text-editor\" data-id=\"41b9945\" data-element_type=\"widget\" data-e-type=\"widget\" data-widget_type=\"text-editor.default\">\n\t\t\t\t\t\t\t\t\t<p>Mienai Mono no Kashika \/ \u898b\u3048\u306a\u3044\u3082\u306e\u306e\u53ef\u8996\u5316\u00a0<\/p>\t\t\t\t\t\t\t\t<\/div>\n\t\t\t\t\t<\/div>\n\t\t\t\t<\/div>\n\t\t<div class=\"elementor-element elementor-element-371a706 e-flex e-con-boxed e-con e-parent\" data-id=\"371a706\" data-element_type=\"container\" data-e-type=\"container\">\n\t\t\t\t\t<div class=\"e-con-inner\">\n\t\t\t\t<div class=\"elementor-element elementor-element-a293a4b elementor-widget elementor-widget-text-editor\" data-id=\"a293a4b\" data-element_type=\"widget\" data-e-type=\"widget\" data-widget_type=\"text-editor.default\">\n\t\t\t\t\t\t\t\t\t<p>Dans un monde satur\u00e9 par les productions du divertissement, comment comprendre ce que ces \u0153uvres nous disent r\u00e9ellement ?\u2028 \u00c0 travers l\u2019analyse de diff\u00e9rentes mises en sc\u00e8ne de concerts \u2014 de Taylor Swift \u00e0 Hoshino Gen, en passant par Ariana Grande \u2014 ce travail interroge la construction visuelle, symbolique et \u00e9motionnelle de ces spectacles contemporains.<br \/>Au-del\u00e0 du simple divertissement, ces performances traduisent une \u00e9poque : elles r\u00e9v\u00e8lent nos d\u00e9sirs collectifs, nos mythologies modernes et les formes que prend aujourd\u2019hui la qu\u00eate de singularit\u00e9 dans une soci\u00e9t\u00e9 globalis\u00e9e.<br \/>Ainsi, ce projet propose une lecture critique et sensible de la sc\u00e8ne musicale, o\u00f9 la lumi\u00e8re, le son et le corps deviennent les miroirs d\u2019une identit\u00e9 en constante (re)construction.<br \/>Que se cache-t-il derri\u00e8re une p\u00e9riode charni\u00e8re et cruciale ?<\/p><p>\u21d2 Composition \u2028\u21d2 Lumi\u00e8re utilis\u00e9e\u2028\u21d2 Choix du costume\u2028\u21d2 Les r\u00e9f\u00e9rences<\/p>\t\t\t\t\t\t\t\t<\/div>\n\t\t\t\t\t<\/div>\n\t\t\t\t<\/div>\n\t\t<div class=\"elementor-element elementor-element-c118891 e-grid e-con-boxed e-con e-parent\" data-id=\"c118891\" data-element_type=\"container\" data-e-type=\"container\">\n\t\t\t\t\t<div class=\"e-con-inner\">\n\t\t\t\t<div class=\"elementor-element elementor-element-cd384cf elementor-widget elementor-widget-image\" data-id=\"cd384cf\" data-element_type=\"widget\" data-e-type=\"widget\" data-widget_type=\"image.default\">\n\t\t\t\t\t\t\t\t\t\t\t\t\t\t\t<img decoding=\"async\" width=\"569\" height=\"784\" src=\"https:\/\/projet.eomiya.com\/wp-content\/uploads\/2025\/10\/COUV-2.jpg\" class=\"attachment-large size-large wp-image-149\" alt=\"\" srcset=\"https:\/\/projet.eomiya.com\/wp-content\/uploads\/2025\/10\/COUV-2.jpg 569w, https:\/\/projet.eomiya.com\/wp-content\/uploads\/2025\/10\/COUV-2-218x300.jpg 218w, https:\/\/projet.eomiya.com\/wp-content\/uploads\/2025\/10\/COUV-2-300x413.jpg 300w\" sizes=\"(max-width: 569px) 100vw, 569px\" \/>\t\t\t\t\t\t\t\t\t\t\t\t\t\t\t<\/div>\n\t\t\t\t<div class=\"elementor-element elementor-element-c9bd001 elementor-widget elementor-widget-image\" data-id=\"c9bd001\" data-element_type=\"widget\" data-e-type=\"widget\" data-widget_type=\"image.default\">\n\t\t\t\t\t\t\t\t\t\t\t\t\t\t\t<img decoding=\"async\" width=\"565\" height=\"779\" src=\"https:\/\/projet.eomiya.com\/wp-content\/uploads\/2025\/10\/COUV-1.jpg\" class=\"attachment-large size-large wp-image-148\" alt=\"\" srcset=\"https:\/\/projet.eomiya.com\/wp-content\/uploads\/2025\/10\/COUV-1.jpg 565w, https:\/\/projet.eomiya.com\/wp-content\/uploads\/2025\/10\/COUV-1-218x300.jpg 218w, https:\/\/projet.eomiya.com\/wp-content\/uploads\/2025\/10\/COUV-1-300x414.jpg 300w\" sizes=\"(max-width: 565px) 100vw, 565px\" \/>\t\t\t\t\t\t\t\t\t\t\t\t\t\t\t<\/div>\n\t\t\t\t<div class=\"elementor-element elementor-element-f25dcb1 elementor-widget elementor-widget-image\" data-id=\"f25dcb1\" data-element_type=\"widget\" data-e-type=\"widget\" data-widget_type=\"image.default\">\n\t\t\t\t\t\t\t\t\t\t\t\t\t\t\t<img loading=\"lazy\" decoding=\"async\" width=\"583\" height=\"756\" src=\"https:\/\/projet.eomiya.com\/wp-content\/uploads\/2025\/10\/COUV-3.jpg\" class=\"attachment-large size-large wp-image-150\" alt=\"\" srcset=\"https:\/\/projet.eomiya.com\/wp-content\/uploads\/2025\/10\/COUV-3.jpg 583w, https:\/\/projet.eomiya.com\/wp-content\/uploads\/2025\/10\/COUV-3-231x300.jpg 231w, https:\/\/projet.eomiya.com\/wp-content\/uploads\/2025\/10\/COUV-3-300x389.jpg 300w\" sizes=\"(max-width: 583px) 100vw, 583px\" \/>\t\t\t\t\t\t\t\t\t\t\t\t\t\t\t<\/div>\n\t\t\t\t<div class=\"elementor-element elementor-element-7e3fa08 elementor-widget elementor-widget-image\" data-id=\"7e3fa08\" data-element_type=\"widget\" data-e-type=\"widget\" data-widget_type=\"image.default\">\n\t\t\t\t\t\t\t\t\t\t\t\t\t\t\t<img loading=\"lazy\" decoding=\"async\" width=\"553\" height=\"739\" src=\"https:\/\/projet.eomiya.com\/wp-content\/uploads\/2025\/10\/COUV-4.jpg\" class=\"attachment-large size-large wp-image-151\" alt=\"\" srcset=\"https:\/\/projet.eomiya.com\/wp-content\/uploads\/2025\/10\/COUV-4.jpg 553w, https:\/\/projet.eomiya.com\/wp-content\/uploads\/2025\/10\/COUV-4-224x300.jpg 224w, https:\/\/projet.eomiya.com\/wp-content\/uploads\/2025\/10\/COUV-4-300x401.jpg 300w\" sizes=\"(max-width: 553px) 100vw, 553px\" \/>\t\t\t\t\t\t\t\t\t\t\t\t\t\t\t<\/div>\n\t\t\t\t<div class=\"elementor-element elementor-element-e75643a elementor-widget__width-inherit elementor-widget elementor-widget-heading\" data-id=\"e75643a\" data-element_type=\"widget\" data-e-type=\"widget\" data-widget_type=\"heading.default\">\n\t\t\t\t\t<p class=\"elementor-heading-title elementor-size-default\">TAYLOR SWIFT - <br>REPUTATION TOUR<\/p>\t\t\t\t<\/div>\n\t\t\t\t<div class=\"elementor-element elementor-element-7f8f479 elementor-widget elementor-widget-heading\" data-id=\"7f8f479\" data-element_type=\"widget\" data-e-type=\"widget\" data-widget_type=\"heading.default\">\n\t\t\t\t\t<p class=\"elementor-heading-title elementor-size-default\">ARIANA GRANDE - SWEETENER WORLD TOUR<\/p>\t\t\t\t<\/div>\n\t\t\t\t<div class=\"elementor-element elementor-element-61691b8 elementor-widget elementor-widget-heading\" data-id=\"61691b8\" data-element_type=\"widget\" data-e-type=\"widget\" data-widget_type=\"heading.default\">\n\t\t\t\t\t<p class=\"elementor-heading-title elementor-size-default\">HOSHINO GEN - POP VIRUS<\/p>\t\t\t\t<\/div>\n\t\t\t\t<div class=\"elementor-element elementor-element-b800cde elementor-widget elementor-widget-heading\" data-id=\"b800cde\" data-element_type=\"widget\" data-e-type=\"widget\" data-widget_type=\"heading.default\">\n\t\t\t\t\t<p class=\"elementor-heading-title elementor-size-default\">BUMP OF CHICKEN - AURORA PARK TOUR<\/p>\t\t\t\t<\/div>\n\t\t\t\t\t<\/div>\n\t\t\t\t<\/div>\n\t\t\t\t<\/div>\n\t\t","protected":false},"excerpt":{"rendered":"<p>EO &#8211; The Visible Unseen Mienai Mono no Kashika \/ \u898b\u3048\u306a\u3044\u3082\u306e\u306e\u53ef\u8996\u5316\u00a0 Dans un monde satur\u00e9 par les productions du divertissement, comment comprendre ce que ces \u0153uvres nous disent r\u00e9ellement ?\u2028 \u00c0 travers l\u2019analyse de diff\u00e9rentes mises en sc\u00e8ne de concerts \u2014 de Taylor Swift \u00e0 Hoshino Gen, en passant par Ariana Grande \u2014 ce travail&#8230;<\/p>\n","protected":false},"author":1,"featured_media":0,"parent":0,"menu_order":0,"comment_status":"closed","ping_status":"closed","template":"","meta":{"footnotes":""},"class_list":["post-128","page","type-page","status-publish","hentry"],"yoast_head":"<!-- This site is optimized with the Yoast SEO plugin v27.3 - https:\/\/yoast.com\/product\/yoast-seo-wordpress\/ -->\n<title>EXPRESSION - LIVE - KODAMA -echoes of the mountain-<\/title>\n<meta name=\"robots\" content=\"index, follow, max-snippet:-1, max-image-preview:large, max-video-preview:-1\" \/>\n<link rel=\"canonical\" href=\"https:\/\/projet.eomiya.com\/en\/expression-live\/\" \/>\n<meta property=\"og:locale\" content=\"en_US\" \/>\n<meta property=\"og:locale:alternate\" content=\"fr_FR\" \/>\n<meta property=\"og:locale:alternate\" content=\"ja_JP\" \/>\n<meta property=\"og:type\" content=\"article\" \/>\n<meta property=\"og:title\" content=\"EXPRESSION - LIVE - KODAMA -echoes of the mountain-\" \/>\n<meta property=\"og:description\" content=\"EO &#8211; The Visible Unseen Mienai Mono no Kashika \/ \u898b\u3048\u306a\u3044\u3082\u306e\u306e\u53ef\u8996\u5316\u00a0 Dans un monde satur\u00e9 par les productions du divertissement, comment comprendre ce que ces \u0153uvres nous disent r\u00e9ellement ?\u2028 \u00c0 travers l\u2019analyse de diff\u00e9rentes mises en sc\u00e8ne de concerts \u2014 de Taylor Swift \u00e0 Hoshino Gen, en passant par Ariana Grande \u2014 ce travail...\" \/>\n<meta property=\"og:url\" content=\"https:\/\/projet.eomiya.com\/en\/expression-live\/\" \/>\n<meta property=\"og:site_name\" content=\"KODAMA -echoes of the mountain-\" \/>\n<meta property=\"article:modified_time\" content=\"2025-11-07T10:25:32+00:00\" \/>\n<meta property=\"og:image\" content=\"https:\/\/projet.eomiya.com\/wp-content\/uploads\/2025\/10\/compil-mieux.png\" \/>\n\t<meta property=\"og:image:width\" content=\"972\" \/>\n\t<meta property=\"og:image:height\" content=\"434\" \/>\n\t<meta property=\"og:image:type\" content=\"image\/png\" \/>\n<meta name=\"twitter:card\" content=\"summary_large_image\" \/>\n<meta name=\"twitter:label1\" content=\"Est. reading time\" \/>\n\t<meta name=\"twitter:data1\" content=\"1 minute\" \/>\n<script type=\"application\/ld+json\" class=\"yoast-schema-graph\">{\"@context\":\"https:\\\/\\\/schema.org\",\"@graph\":[{\"@type\":\"WebPage\",\"@id\":\"https:\\\/\\\/projet.eomiya.com\\\/expression-live\\\/\",\"url\":\"https:\\\/\\\/projet.eomiya.com\\\/expression-live\\\/\",\"name\":\"EXPRESSION - LIVE - KODAMA -echoes of the mountain-\",\"isPartOf\":{\"@id\":\"https:\\\/\\\/projet.eomiya.com\\\/#website\"},\"primaryImageOfPage\":{\"@id\":\"https:\\\/\\\/projet.eomiya.com\\\/expression-live\\\/#primaryimage\"},\"image\":{\"@id\":\"https:\\\/\\\/projet.eomiya.com\\\/expression-live\\\/#primaryimage\"},\"thumbnailUrl\":\"https:\\\/\\\/projet.eomiya.com\\\/wp-content\\\/uploads\\\/2025\\\/10\\\/compil-mieux.png\",\"datePublished\":\"2025-10-19T06:12:49+00:00\",\"dateModified\":\"2025-11-07T10:25:32+00:00\",\"breadcrumb\":{\"@id\":\"https:\\\/\\\/projet.eomiya.com\\\/expression-live\\\/#breadcrumb\"},\"inLanguage\":\"en-US\",\"potentialAction\":[{\"@type\":\"ReadAction\",\"target\":[\"https:\\\/\\\/projet.eomiya.com\\\/expression-live\\\/\"]}]},{\"@type\":\"ImageObject\",\"inLanguage\":\"en-US\",\"@id\":\"https:\\\/\\\/projet.eomiya.com\\\/expression-live\\\/#primaryimage\",\"url\":\"https:\\\/\\\/projet.eomiya.com\\\/wp-content\\\/uploads\\\/2025\\\/10\\\/compil-mieux.png\",\"contentUrl\":\"https:\\\/\\\/projet.eomiya.com\\\/wp-content\\\/uploads\\\/2025\\\/10\\\/compil-mieux.png\"},{\"@type\":\"BreadcrumbList\",\"@id\":\"https:\\\/\\\/projet.eomiya.com\\\/expression-live\\\/#breadcrumb\",\"itemListElement\":[{\"@type\":\"ListItem\",\"position\":1,\"name\":\"Accueil\",\"item\":\"https:\\\/\\\/projet.eomiya.com\\\/\"},{\"@type\":\"ListItem\",\"position\":2,\"name\":\"EXPRESSION &#8211; LIVE\"}]},{\"@type\":\"WebSite\",\"@id\":\"https:\\\/\\\/projet.eomiya.com\\\/#website\",\"url\":\"https:\\\/\\\/projet.eomiya.com\\\/\",\"name\":\"KODAMA -echoes of the mountain-\",\"description\":\"\",\"publisher\":{\"@id\":\"https:\\\/\\\/projet.eomiya.com\\\/#organization\"},\"potentialAction\":[{\"@type\":\"SearchAction\",\"target\":{\"@type\":\"EntryPoint\",\"urlTemplate\":\"https:\\\/\\\/projet.eomiya.com\\\/?s={search_term_string}\"},\"query-input\":{\"@type\":\"PropertyValueSpecification\",\"valueRequired\":true,\"valueName\":\"search_term_string\"}}],\"inLanguage\":\"en-US\"},{\"@type\":\"Organization\",\"@id\":\"https:\\\/\\\/projet.eomiya.com\\\/#organization\",\"name\":\"KODAMA -echoes of the mountain-\",\"url\":\"https:\\\/\\\/projet.eomiya.com\\\/\",\"logo\":{\"@type\":\"ImageObject\",\"inLanguage\":\"en-US\",\"@id\":\"https:\\\/\\\/projet.eomiya.com\\\/#\\\/schema\\\/logo\\\/image\\\/\",\"url\":\"https:\\\/\\\/projet.eomiya.com\\\/wp-content\\\/uploads\\\/2025\\\/10\\\/cropped-SUBMARKAsset-3.webp\",\"contentUrl\":\"https:\\\/\\\/projet.eomiya.com\\\/wp-content\\\/uploads\\\/2025\\\/10\\\/cropped-SUBMARKAsset-3.webp\",\"width\":262,\"height\":262,\"caption\":\"KODAMA -echoes of the mountain-\"},\"image\":{\"@id\":\"https:\\\/\\\/projet.eomiya.com\\\/#\\\/schema\\\/logo\\\/image\\\/\"}}]}<\/script>\n<!-- \/ Yoast SEO plugin. -->","yoast_head_json":{"title":"EXPRESSION - LIVE - KODAMA -echoes of the mountain-","robots":{"index":"index","follow":"follow","max-snippet":"max-snippet:-1","max-image-preview":"max-image-preview:large","max-video-preview":"max-video-preview:-1"},"canonical":"https:\/\/projet.eomiya.com\/en\/expression-live\/","og_locale":"en_US","og_type":"article","og_title":"EXPRESSION - LIVE - KODAMA -echoes of the mountain-","og_description":"EO &#8211; The Visible Unseen Mienai Mono no Kashika \/ \u898b\u3048\u306a\u3044\u3082\u306e\u306e\u53ef\u8996\u5316\u00a0 Dans un monde satur\u00e9 par les productions du divertissement, comment comprendre ce que ces \u0153uvres nous disent r\u00e9ellement ?\u2028 \u00c0 travers l\u2019analyse de diff\u00e9rentes mises en sc\u00e8ne de concerts \u2014 de Taylor Swift \u00e0 Hoshino Gen, en passant par Ariana Grande \u2014 ce travail...","og_url":"https:\/\/projet.eomiya.com\/en\/expression-live\/","og_site_name":"KODAMA -echoes of the mountain-","article_modified_time":"2025-11-07T10:25:32+00:00","og_image":[{"width":972,"height":434,"url":"https:\/\/projet.eomiya.com\/wp-content\/uploads\/2025\/10\/compil-mieux.png","type":"image\/png"}],"twitter_card":"summary_large_image","twitter_misc":{"Est. reading time":"1 minute"},"schema":{"@context":"https:\/\/schema.org","@graph":[{"@type":"WebPage","@id":"https:\/\/projet.eomiya.com\/expression-live\/","url":"https:\/\/projet.eomiya.com\/expression-live\/","name":"EXPRESSION - LIVE - KODAMA -echoes of the mountain-","isPartOf":{"@id":"https:\/\/projet.eomiya.com\/#website"},"primaryImageOfPage":{"@id":"https:\/\/projet.eomiya.com\/expression-live\/#primaryimage"},"image":{"@id":"https:\/\/projet.eomiya.com\/expression-live\/#primaryimage"},"thumbnailUrl":"https:\/\/projet.eomiya.com\/wp-content\/uploads\/2025\/10\/compil-mieux.png","datePublished":"2025-10-19T06:12:49+00:00","dateModified":"2025-11-07T10:25:32+00:00","breadcrumb":{"@id":"https:\/\/projet.eomiya.com\/expression-live\/#breadcrumb"},"inLanguage":"en-US","potentialAction":[{"@type":"ReadAction","target":["https:\/\/projet.eomiya.com\/expression-live\/"]}]},{"@type":"ImageObject","inLanguage":"en-US","@id":"https:\/\/projet.eomiya.com\/expression-live\/#primaryimage","url":"https:\/\/projet.eomiya.com\/wp-content\/uploads\/2025\/10\/compil-mieux.png","contentUrl":"https:\/\/projet.eomiya.com\/wp-content\/uploads\/2025\/10\/compil-mieux.png"},{"@type":"BreadcrumbList","@id":"https:\/\/projet.eomiya.com\/expression-live\/#breadcrumb","itemListElement":[{"@type":"ListItem","position":1,"name":"Accueil","item":"https:\/\/projet.eomiya.com\/"},{"@type":"ListItem","position":2,"name":"EXPRESSION &#8211; LIVE"}]},{"@type":"WebSite","@id":"https:\/\/projet.eomiya.com\/#website","url":"https:\/\/projet.eomiya.com\/","name":"KODAMA -echoes of the mountain-","description":"","publisher":{"@id":"https:\/\/projet.eomiya.com\/#organization"},"potentialAction":[{"@type":"SearchAction","target":{"@type":"EntryPoint","urlTemplate":"https:\/\/projet.eomiya.com\/?s={search_term_string}"},"query-input":{"@type":"PropertyValueSpecification","valueRequired":true,"valueName":"search_term_string"}}],"inLanguage":"en-US"},{"@type":"Organization","@id":"https:\/\/projet.eomiya.com\/#organization","name":"KODAMA -echoes of the mountain-","url":"https:\/\/projet.eomiya.com\/","logo":{"@type":"ImageObject","inLanguage":"en-US","@id":"https:\/\/projet.eomiya.com\/#\/schema\/logo\/image\/","url":"https:\/\/projet.eomiya.com\/wp-content\/uploads\/2025\/10\/cropped-SUBMARKAsset-3.webp","contentUrl":"https:\/\/projet.eomiya.com\/wp-content\/uploads\/2025\/10\/cropped-SUBMARKAsset-3.webp","width":262,"height":262,"caption":"KODAMA -echoes of the mountain-"},"image":{"@id":"https:\/\/projet.eomiya.com\/#\/schema\/logo\/image\/"}}]}},"_links":{"self":[{"href":"https:\/\/projet.eomiya.com\/en\/wp-json\/wp\/v2\/pages\/128","targetHints":{"allow":["GET"]}}],"collection":[{"href":"https:\/\/projet.eomiya.com\/en\/wp-json\/wp\/v2\/pages"}],"about":[{"href":"https:\/\/projet.eomiya.com\/en\/wp-json\/wp\/v2\/types\/page"}],"author":[{"embeddable":true,"href":"https:\/\/projet.eomiya.com\/en\/wp-json\/wp\/v2\/users\/1"}],"replies":[{"embeddable":true,"href":"https:\/\/projet.eomiya.com\/en\/wp-json\/wp\/v2\/comments?post=128"}],"version-history":[{"count":10,"href":"https:\/\/projet.eomiya.com\/en\/wp-json\/wp\/v2\/pages\/128\/revisions"}],"predecessor-version":[{"id":471,"href":"https:\/\/projet.eomiya.com\/en\/wp-json\/wp\/v2\/pages\/128\/revisions\/471"}],"wp:attachment":[{"href":"https:\/\/projet.eomiya.com\/en\/wp-json\/wp\/v2\/media?parent=128"}],"curies":[{"name":"wp","href":"https:\/\/api.w.org\/{rel}","templated":true}]}}