{"id":132,"date":"2025-10-19T05:12:23","date_gmt":"2025-10-19T05:12:23","guid":{"rendered":"https:\/\/projet.eomiya.com\/?page_id=132"},"modified":"2025-11-07T10:08:28","modified_gmt":"2025-11-07T10:08:28","slug":"expression-analyse","status":"publish","type":"page","link":"https:\/\/projet.eomiya.com\/en\/expression-analyse\/","title":{"rendered":"EXPRESSION &#8211; ANALYSE"},"content":{"rendered":"\t\t<div data-elementor-type=\"wp-page\" data-elementor-id=\"132\" class=\"elementor elementor-132\">\n\t\t\t\t<div class=\"elementor-element elementor-element-c703d72 e-flex e-con-boxed e-con e-parent\" data-id=\"c703d72\" data-element_type=\"container\" data-e-type=\"container\">\n\t\t\t\t\t<div class=\"e-con-inner\">\n\t\t<div class=\"elementor-element elementor-element-7dc43c5 e-con-full e-flex e-con e-child\" data-id=\"7dc43c5\" data-element_type=\"container\" data-e-type=\"container\">\n\t\t\t\t<div class=\"elementor-element elementor-element-395a365 elementor-widget elementor-widget-heading\" data-id=\"395a365\" data-element_type=\"widget\" data-e-type=\"widget\" data-widget_type=\"heading.default\">\n\t\t\t\t\t<h2 class=\"elementor-heading-title elementor-size-default\">Projet 1 - LIVE<\/h2>\t\t\t\t<\/div>\n\t\t\t\t<div class=\"elementor-element elementor-element-1b365f1 elementor-widget__width-initial elementor-widget elementor-widget-text-editor\" data-id=\"1b365f1\" data-element_type=\"widget\" data-e-type=\"widget\" data-widget_type=\"text-editor.default\">\n\t\t\t\t\t\t\t\t\t<p>En explorant diverses formes d\u2019expression,\u2028 j\u2019ai souhait\u00e9 approfondir ma r\u00e9flexion sur le monde du divertissement,\u2028 ce qui m\u2019a conduit \u00e0 r\u00e9aliser un rapport incluant notamment l\u2019analyse de la mise en sc\u00e8ne des concerts de diff\u00e9rents artistes du monde entier.<\/p>\t\t\t\t\t\t\t\t<\/div>\n\t\t\t\t<\/div>\n\t\t<div class=\"elementor-element elementor-element-99c0794 e-con-full e-flex e-con e-child\" data-id=\"99c0794\" data-element_type=\"container\" data-e-type=\"container\">\n\t\t\t\t<div class=\"elementor-element elementor-element-89172fb animated-slow elementor-widget elementor-widget-image\" data-id=\"89172fb\" data-element_type=\"widget\" data-e-type=\"widget\" data-settings=\"{&quot;_animation&quot;:&quot;none&quot;}\" data-widget_type=\"image.default\">\n\t\t\t\t\t\t\t\t\t\t\t\t\t\t\t<img fetchpriority=\"high\" decoding=\"async\" width=\"640\" height=\"135\" src=\"https:\/\/projet.eomiya.com\/wp-content\/uploads\/2025\/10\/2.png\" class=\"attachment-large size-large wp-image-134\" alt=\"\" srcset=\"https:\/\/projet.eomiya.com\/wp-content\/uploads\/2025\/10\/2.png 974w, https:\/\/projet.eomiya.com\/wp-content\/uploads\/2025\/10\/2-300x63.png 300w, https:\/\/projet.eomiya.com\/wp-content\/uploads\/2025\/10\/2-768x162.png 768w, https:\/\/projet.eomiya.com\/wp-content\/uploads\/2025\/10\/2-850x179.png 850w\" sizes=\"(max-width: 640px) 100vw, 640px\" \/>\t\t\t\t\t\t\t\t\t\t\t\t\t\t\t<\/div>\n\t\t\t\t<div class=\"elementor-element elementor-element-ce87bdc elementor-button-info elementor-align-right elementor-widget elementor-widget-button\" data-id=\"ce87bdc\" data-element_type=\"widget\" data-e-type=\"widget\" data-widget_type=\"button.default\">\n\t\t\t\t\t\t\t\t\t\t<a class=\"elementor-button elementor-button-link elementor-size-sm elementor-animation-grow\" href=\"https:\/\/projet.eomiya.com\/Expression-live\/\">\n\t\t\t\t\t\t<span class=\"elementor-button-content-wrapper\">\n\t\t\t\t\t\t\t\t\t<span class=\"elementor-button-text\">D\u00e9couvrir le projet<\/span>\n\t\t\t\t\t<\/span>\n\t\t\t\t\t<\/a>\n\t\t\t\t\t\t\t\t<\/div>\n\t\t\t\t<\/div>\n\t\t\t\t\t<\/div>\n\t\t\t\t<\/div>\n\t\t<div class=\"elementor-element elementor-element-f2e7fce e-flex e-con-boxed e-con e-parent\" data-id=\"f2e7fce\" data-element_type=\"container\" data-e-type=\"container\">\n\t\t\t\t\t<div class=\"e-con-inner\">\n\t\t\t\t<div class=\"elementor-element elementor-element-9bcf99f elementor-widget-divider--view-line elementor-widget elementor-widget-divider\" data-id=\"9bcf99f\" data-element_type=\"widget\" data-e-type=\"widget\" data-widget_type=\"divider.default\">\n\t\t\t\t\t\t\t<div class=\"elementor-divider\">\n\t\t\t<span class=\"elementor-divider-separator\">\n\t\t\t\t\t\t<\/span>\n\t\t<\/div>\n\t\t\t\t\t\t<\/div>\n\t\t\t\t\t<\/div>\n\t\t\t\t<\/div>\n\t\t<div class=\"elementor-element elementor-element-20330ca e-flex e-con-boxed e-con e-parent\" data-id=\"20330ca\" data-element_type=\"container\" data-e-type=\"container\" data-settings=\"{&quot;background_background&quot;:&quot;classic&quot;}\">\n\t\t\t\t\t<div class=\"e-con-inner\">\n\t\t<div class=\"elementor-element elementor-element-8011bae e-con-full e-flex e-con e-child\" data-id=\"8011bae\" data-element_type=\"container\" data-e-type=\"container\">\n\t\t\t\t<div class=\"elementor-element elementor-element-de85df5 elementor-widget elementor-widget-heading\" data-id=\"de85df5\" data-element_type=\"widget\" data-e-type=\"widget\" data-widget_type=\"heading.default\">\n\t\t\t\t\t<h2 class=\"elementor-heading-title elementor-size-default\">Projet 2 - COMING SOON<\/h2>\t\t\t\t<\/div>\n\t\t\t\t<\/div>\n\t\t<div class=\"elementor-element elementor-element-08bdc82 e-con-full e-flex e-con e-child\" data-id=\"08bdc82\" data-element_type=\"container\" data-e-type=\"container\" data-settings=\"{&quot;background_background&quot;:&quot;classic&quot;}\">\n\t\t\t\t<div class=\"elementor-element elementor-element-1e6dd39 elementor-widget elementor-widget-image\" data-id=\"1e6dd39\" data-element_type=\"widget\" data-e-type=\"widget\" data-widget_type=\"image.default\">\n\t\t\t\t\t\t\t\t\t\t\t\t\t\t\t<img decoding=\"async\" width=\"640\" height=\"323\" src=\"https:\/\/projet.eomiya.com\/wp-content\/uploads\/2025\/10\/unavailable-1024x516.png\" class=\"attachment-large size-large wp-image-139\" alt=\"\" srcset=\"https:\/\/projet.eomiya.com\/wp-content\/uploads\/2025\/10\/unavailable-1024x516.png 1024w, https:\/\/projet.eomiya.com\/wp-content\/uploads\/2025\/10\/unavailable-300x151.png 300w, https:\/\/projet.eomiya.com\/wp-content\/uploads\/2025\/10\/unavailable-768x387.png 768w, https:\/\/projet.eomiya.com\/wp-content\/uploads\/2025\/10\/unavailable-850x428.png 850w, https:\/\/projet.eomiya.com\/wp-content\/uploads\/2025\/10\/unavailable.png 1340w\" sizes=\"(max-width: 640px) 100vw, 640px\" \/>\t\t\t\t\t\t\t\t\t\t\t\t\t\t\t<\/div>\n\t\t\t\t<\/div>\n\t\t\t\t\t<\/div>\n\t\t\t\t<\/div>\n\t\t\t\t<\/div>\n\t\t","protected":false},"excerpt":{"rendered":"<p>Projet 1 &#8211; LIVE En explorant diverses formes d\u2019expression,\u2028 j\u2019ai souhait\u00e9 approfondir ma r\u00e9flexion sur le monde du divertissement,\u2028 ce qui m\u2019a conduit \u00e0 r\u00e9aliser un rapport incluant notamment l\u2019analyse de la mise en sc\u00e8ne des concerts de diff\u00e9rents artistes du monde entier. D\u00e9couvrir le projet Projet 2 &#8211; COMING SOON<\/p>\n","protected":false},"author":1,"featured_media":0,"parent":0,"menu_order":0,"comment_status":"closed","ping_status":"closed","template":"","meta":{"footnotes":""},"class_list":["post-132","page","type-page","status-publish","hentry"],"yoast_head":"<!-- This site is optimized with the Yoast SEO plugin v27.3 - https:\/\/yoast.com\/product\/yoast-seo-wordpress\/ -->\n<title>EXPRESSION - ANALYSE - KODAMA -echoes of the mountain-<\/title>\n<meta name=\"robots\" content=\"index, follow, max-snippet:-1, max-image-preview:large, max-video-preview:-1\" \/>\n<link rel=\"canonical\" href=\"https:\/\/projet.eomiya.com\/en\/expression-analyse\/\" \/>\n<meta property=\"og:locale\" content=\"en_US\" \/>\n<meta property=\"og:locale:alternate\" content=\"fr_FR\" \/>\n<meta property=\"og:locale:alternate\" content=\"ja_JP\" \/>\n<meta property=\"og:type\" content=\"article\" \/>\n<meta property=\"og:title\" content=\"EXPRESSION - ANALYSE - KODAMA -echoes of the mountain-\" \/>\n<meta property=\"og:description\" content=\"Projet 1 &#8211; LIVE En explorant diverses formes d\u2019expression,\u2028 j\u2019ai souhait\u00e9 approfondir ma r\u00e9flexion sur le monde du divertissement,\u2028 ce qui m\u2019a conduit \u00e0 r\u00e9aliser un rapport incluant notamment l\u2019analyse de la mise en sc\u00e8ne des concerts de diff\u00e9rents artistes du monde entier. D\u00e9couvrir le projet Projet 2 &#8211; COMING SOON\" \/>\n<meta property=\"og:url\" content=\"https:\/\/projet.eomiya.com\/en\/expression-analyse\/\" \/>\n<meta property=\"og:site_name\" content=\"KODAMA -echoes of the mountain-\" \/>\n<meta property=\"article:modified_time\" content=\"2025-11-07T10:08:28+00:00\" \/>\n<meta property=\"og:image\" content=\"https:\/\/projet.eomiya.com\/wp-content\/uploads\/2025\/10\/2.png\" \/>\n\t<meta property=\"og:image:width\" content=\"974\" \/>\n\t<meta property=\"og:image:height\" content=\"205\" \/>\n\t<meta property=\"og:image:type\" content=\"image\/png\" \/>\n<meta name=\"twitter:card\" content=\"summary_large_image\" \/>\n<meta name=\"twitter:label1\" content=\"Est. reading time\" \/>\n\t<meta name=\"twitter:data1\" content=\"1 minute\" \/>\n<script type=\"application\/ld+json\" class=\"yoast-schema-graph\">{\"@context\":\"https:\\\/\\\/schema.org\",\"@graph\":[{\"@type\":\"WebPage\",\"@id\":\"https:\\\/\\\/projet.eomiya.com\\\/expression-analyse\\\/\",\"url\":\"https:\\\/\\\/projet.eomiya.com\\\/expression-analyse\\\/\",\"name\":\"EXPRESSION - ANALYSE - KODAMA -echoes of the mountain-\",\"isPartOf\":{\"@id\":\"https:\\\/\\\/projet.eomiya.com\\\/#website\"},\"primaryImageOfPage\":{\"@id\":\"https:\\\/\\\/projet.eomiya.com\\\/expression-analyse\\\/#primaryimage\"},\"image\":{\"@id\":\"https:\\\/\\\/projet.eomiya.com\\\/expression-analyse\\\/#primaryimage\"},\"thumbnailUrl\":\"https:\\\/\\\/projet.eomiya.com\\\/wp-content\\\/uploads\\\/2025\\\/10\\\/2.png\",\"datePublished\":\"2025-10-19T05:12:23+00:00\",\"dateModified\":\"2025-11-07T10:08:28+00:00\",\"breadcrumb\":{\"@id\":\"https:\\\/\\\/projet.eomiya.com\\\/expression-analyse\\\/#breadcrumb\"},\"inLanguage\":\"en-US\",\"potentialAction\":[{\"@type\":\"ReadAction\",\"target\":[\"https:\\\/\\\/projet.eomiya.com\\\/expression-analyse\\\/\"]}]},{\"@type\":\"ImageObject\",\"inLanguage\":\"en-US\",\"@id\":\"https:\\\/\\\/projet.eomiya.com\\\/expression-analyse\\\/#primaryimage\",\"url\":\"https:\\\/\\\/projet.eomiya.com\\\/wp-content\\\/uploads\\\/2025\\\/10\\\/2.png\",\"contentUrl\":\"https:\\\/\\\/projet.eomiya.com\\\/wp-content\\\/uploads\\\/2025\\\/10\\\/2.png\"},{\"@type\":\"BreadcrumbList\",\"@id\":\"https:\\\/\\\/projet.eomiya.com\\\/expression-analyse\\\/#breadcrumb\",\"itemListElement\":[{\"@type\":\"ListItem\",\"position\":1,\"name\":\"Accueil\",\"item\":\"https:\\\/\\\/projet.eomiya.com\\\/\"},{\"@type\":\"ListItem\",\"position\":2,\"name\":\"EXPRESSION &#8211; ANALYSE\"}]},{\"@type\":\"WebSite\",\"@id\":\"https:\\\/\\\/projet.eomiya.com\\\/#website\",\"url\":\"https:\\\/\\\/projet.eomiya.com\\\/\",\"name\":\"KODAMA -echoes of the mountain-\",\"description\":\"\",\"publisher\":{\"@id\":\"https:\\\/\\\/projet.eomiya.com\\\/#organization\"},\"potentialAction\":[{\"@type\":\"SearchAction\",\"target\":{\"@type\":\"EntryPoint\",\"urlTemplate\":\"https:\\\/\\\/projet.eomiya.com\\\/?s={search_term_string}\"},\"query-input\":{\"@type\":\"PropertyValueSpecification\",\"valueRequired\":true,\"valueName\":\"search_term_string\"}}],\"inLanguage\":\"en-US\"},{\"@type\":\"Organization\",\"@id\":\"https:\\\/\\\/projet.eomiya.com\\\/#organization\",\"name\":\"KODAMA -echoes of the mountain-\",\"url\":\"https:\\\/\\\/projet.eomiya.com\\\/\",\"logo\":{\"@type\":\"ImageObject\",\"inLanguage\":\"en-US\",\"@id\":\"https:\\\/\\\/projet.eomiya.com\\\/#\\\/schema\\\/logo\\\/image\\\/\",\"url\":\"https:\\\/\\\/projet.eomiya.com\\\/wp-content\\\/uploads\\\/2025\\\/10\\\/cropped-SUBMARKAsset-3.webp\",\"contentUrl\":\"https:\\\/\\\/projet.eomiya.com\\\/wp-content\\\/uploads\\\/2025\\\/10\\\/cropped-SUBMARKAsset-3.webp\",\"width\":262,\"height\":262,\"caption\":\"KODAMA -echoes of the mountain-\"},\"image\":{\"@id\":\"https:\\\/\\\/projet.eomiya.com\\\/#\\\/schema\\\/logo\\\/image\\\/\"}}]}<\/script>\n<!-- \/ Yoast SEO plugin. -->","yoast_head_json":{"title":"EXPRESSION - ANALYSE - KODAMA -echoes of the mountain-","robots":{"index":"index","follow":"follow","max-snippet":"max-snippet:-1","max-image-preview":"max-image-preview:large","max-video-preview":"max-video-preview:-1"},"canonical":"https:\/\/projet.eomiya.com\/en\/expression-analyse\/","og_locale":"en_US","og_type":"article","og_title":"EXPRESSION - ANALYSE - KODAMA -echoes of the mountain-","og_description":"Projet 1 &#8211; LIVE En explorant diverses formes d\u2019expression,\u2028 j\u2019ai souhait\u00e9 approfondir ma r\u00e9flexion sur le monde du divertissement,\u2028 ce qui m\u2019a conduit \u00e0 r\u00e9aliser un rapport incluant notamment l\u2019analyse de la mise en sc\u00e8ne des concerts de diff\u00e9rents artistes du monde entier. D\u00e9couvrir le projet Projet 2 &#8211; COMING SOON","og_url":"https:\/\/projet.eomiya.com\/en\/expression-analyse\/","og_site_name":"KODAMA -echoes of the mountain-","article_modified_time":"2025-11-07T10:08:28+00:00","og_image":[{"width":974,"height":205,"url":"https:\/\/projet.eomiya.com\/wp-content\/uploads\/2025\/10\/2.png","type":"image\/png"}],"twitter_card":"summary_large_image","twitter_misc":{"Est. reading time":"1 minute"},"schema":{"@context":"https:\/\/schema.org","@graph":[{"@type":"WebPage","@id":"https:\/\/projet.eomiya.com\/expression-analyse\/","url":"https:\/\/projet.eomiya.com\/expression-analyse\/","name":"EXPRESSION - ANALYSE - KODAMA -echoes of the mountain-","isPartOf":{"@id":"https:\/\/projet.eomiya.com\/#website"},"primaryImageOfPage":{"@id":"https:\/\/projet.eomiya.com\/expression-analyse\/#primaryimage"},"image":{"@id":"https:\/\/projet.eomiya.com\/expression-analyse\/#primaryimage"},"thumbnailUrl":"https:\/\/projet.eomiya.com\/wp-content\/uploads\/2025\/10\/2.png","datePublished":"2025-10-19T05:12:23+00:00","dateModified":"2025-11-07T10:08:28+00:00","breadcrumb":{"@id":"https:\/\/projet.eomiya.com\/expression-analyse\/#breadcrumb"},"inLanguage":"en-US","potentialAction":[{"@type":"ReadAction","target":["https:\/\/projet.eomiya.com\/expression-analyse\/"]}]},{"@type":"ImageObject","inLanguage":"en-US","@id":"https:\/\/projet.eomiya.com\/expression-analyse\/#primaryimage","url":"https:\/\/projet.eomiya.com\/wp-content\/uploads\/2025\/10\/2.png","contentUrl":"https:\/\/projet.eomiya.com\/wp-content\/uploads\/2025\/10\/2.png"},{"@type":"BreadcrumbList","@id":"https:\/\/projet.eomiya.com\/expression-analyse\/#breadcrumb","itemListElement":[{"@type":"ListItem","position":1,"name":"Accueil","item":"https:\/\/projet.eomiya.com\/"},{"@type":"ListItem","position":2,"name":"EXPRESSION &#8211; ANALYSE"}]},{"@type":"WebSite","@id":"https:\/\/projet.eomiya.com\/#website","url":"https:\/\/projet.eomiya.com\/","name":"KODAMA -echoes of the mountain-","description":"","publisher":{"@id":"https:\/\/projet.eomiya.com\/#organization"},"potentialAction":[{"@type":"SearchAction","target":{"@type":"EntryPoint","urlTemplate":"https:\/\/projet.eomiya.com\/?s={search_term_string}"},"query-input":{"@type":"PropertyValueSpecification","valueRequired":true,"valueName":"search_term_string"}}],"inLanguage":"en-US"},{"@type":"Organization","@id":"https:\/\/projet.eomiya.com\/#organization","name":"KODAMA -echoes of the mountain-","url":"https:\/\/projet.eomiya.com\/","logo":{"@type":"ImageObject","inLanguage":"en-US","@id":"https:\/\/projet.eomiya.com\/#\/schema\/logo\/image\/","url":"https:\/\/projet.eomiya.com\/wp-content\/uploads\/2025\/10\/cropped-SUBMARKAsset-3.webp","contentUrl":"https:\/\/projet.eomiya.com\/wp-content\/uploads\/2025\/10\/cropped-SUBMARKAsset-3.webp","width":262,"height":262,"caption":"KODAMA -echoes of the mountain-"},"image":{"@id":"https:\/\/projet.eomiya.com\/#\/schema\/logo\/image\/"}}]}},"_links":{"self":[{"href":"https:\/\/projet.eomiya.com\/en\/wp-json\/wp\/v2\/pages\/132","targetHints":{"allow":["GET"]}}],"collection":[{"href":"https:\/\/projet.eomiya.com\/en\/wp-json\/wp\/v2\/pages"}],"about":[{"href":"https:\/\/projet.eomiya.com\/en\/wp-json\/wp\/v2\/types\/page"}],"author":[{"embeddable":true,"href":"https:\/\/projet.eomiya.com\/en\/wp-json\/wp\/v2\/users\/1"}],"replies":[{"embeddable":true,"href":"https:\/\/projet.eomiya.com\/en\/wp-json\/wp\/v2\/comments?post=132"}],"version-history":[{"count":15,"href":"https:\/\/projet.eomiya.com\/en\/wp-json\/wp\/v2\/pages\/132\/revisions"}],"predecessor-version":[{"id":467,"href":"https:\/\/projet.eomiya.com\/en\/wp-json\/wp\/v2\/pages\/132\/revisions\/467"}],"wp:attachment":[{"href":"https:\/\/projet.eomiya.com\/en\/wp-json\/wp\/v2\/media?parent=132"}],"curies":[{"name":"wp","href":"https:\/\/api.w.org\/{rel}","templated":true}]}}