{"id":188,"date":"2025-10-19T09:47:01","date_gmt":"2025-10-19T09:47:01","guid":{"rendered":"https:\/\/projet.eomiya.com\/?page_id=188"},"modified":"2025-11-08T01:50:34","modified_gmt":"2025-11-08T01:50:34","slug":"anachronism-azushi-momoyama","status":"publish","type":"page","link":"https:\/\/projet.eomiya.com\/en\/anachronism-azushi-momoyama\/","title":{"rendered":"ANACHRONISM &#8211; AZUSHI MOMOYAMA"},"content":{"rendered":"\t\t<div data-elementor-type=\"wp-page\" data-elementor-id=\"188\" class=\"elementor elementor-188\">\n\t\t\t\t<div class=\"elementor-element elementor-element-4bb9a4a e-flex e-con-boxed e-con e-parent\" data-id=\"4bb9a4a\" data-element_type=\"container\" data-e-type=\"container\">\n\t\t\t\t\t<div class=\"e-con-inner\">\n\t\t\t\t<div class=\"elementor-element elementor-element-cfa2a25 elementor-widget elementor-widget-image\" data-id=\"cfa2a25\" data-element_type=\"widget\" data-e-type=\"widget\" data-widget_type=\"image.default\">\n\t\t\t\t\t\t\t\t\t\t\t\t\t\t\t<img fetchpriority=\"high\" decoding=\"async\" width=\"640\" height=\"494\" src=\"https:\/\/projet.eomiya.com\/wp-content\/uploads\/2025\/10\/DSC_0714-2.webp\" class=\"attachment-large size-large wp-image-192\" alt=\"\" srcset=\"https:\/\/projet.eomiya.com\/wp-content\/uploads\/2025\/10\/DSC_0714-2.webp 1001w, https:\/\/projet.eomiya.com\/wp-content\/uploads\/2025\/10\/DSC_0714-2-300x232.webp 300w, https:\/\/projet.eomiya.com\/wp-content\/uploads\/2025\/10\/DSC_0714-2-768x593.webp 768w, https:\/\/projet.eomiya.com\/wp-content\/uploads\/2025\/10\/DSC_0714-2-850x656.webp 850w\" sizes=\"(max-width: 640px) 100vw, 640px\" \/>\t\t\t\t\t\t\t\t\t\t\t\t\t\t\t<\/div>\n\t\t\t\t<div class=\"elementor-element elementor-element-ca7abc4 elementor-widget elementor-widget-heading\" data-id=\"ca7abc4\" data-element_type=\"widget\" data-e-type=\"widget\" data-widget_type=\"heading.default\">\n\t\t\t\t\t<h2 class=\"elementor-heading-title elementor-size-default\">EO - The fading dawn <\/h2>\t\t\t\t<\/div>\n\t\t\t\t<div class=\"elementor-element elementor-element-632d1b9 elementor-widget elementor-widget-text-editor\" data-id=\"632d1b9\" data-element_type=\"widget\" data-e-type=\"widget\" data-widget_type=\"text-editor.default\">\n\t\t\t\t\t\t\t\t\t<p><em>L\u2019aube fuyante \u2014 \u6d88\u3048\u3086\u304f\u591c\u660e\u3051<\/em><\/p>\t\t\t\t\t\t\t\t<\/div>\n\t\t\t\t<div class=\"elementor-element elementor-element-32fcc1c elementor-widget elementor-widget-text-editor\" data-id=\"32fcc1c\" data-element_type=\"widget\" data-e-type=\"widget\" data-widget_type=\"text-editor.default\">\n\t\t\t\t\t\t\t\t\t<p>Que se cache-t-il derri\u00e8re une p\u00e9riode charni\u00e8re et cruciale ?<\/p><p data-start=\"234\" data-end=\"475\">L\u2019\u00e9poque <strong data-start=\"243\" data-end=\"262\">Azuchi\u2013Momoyama<\/strong> (1573\u20131603) constitue une <strong data-start=\"289\" data-end=\"310\">p\u00e9riode charni\u00e8re<\/strong> de l\u2019histoire japonaise.<br data-start=\"335\" data-end=\"338\" \/>Elle marque la <strong data-start=\"353\" data-end=\"411\">transition entre les guerres f\u00e9odales du Sengoku Jidai<\/strong> et la <strong data-start=\"418\" data-end=\"447\">paix du shogunat Tokugawa<\/strong>, qui ouvrira l\u2019\u00e8re d\u2019Edo.<\/p><p data-start=\"477\" data-end=\"847\">C\u2019est un moment de <strong data-start=\"496\" data-end=\"523\">r\u00e9unification politique<\/strong> men\u00e9 par <strong data-start=\"533\" data-end=\"549\">Oda Nobunaga<\/strong>, <strong data-start=\"551\" data-end=\"573\">Toyotomi Hideyoshi<\/strong> puis <strong data-start=\"579\" data-end=\"598\">Tokugawa Ieyasu<\/strong>, mais aussi une p\u00e9riode de <strong data-start=\"626\" data-end=\"667\">profondes transformations culturelles<\/strong> :<br data-start=\"669\" data-end=\"672\" \/>l\u2019architecture des ch\u00e2teaux devient monumentale, la peinture se colore d\u2019or et de symboles, la c\u00e9r\u00e9monie du th\u00e9 et les arts raffin\u00e9s se d\u00e9veloppent comme reflets du pouvoir.<\/p><p data-start=\"849\" data-end=\"1044\">Cette \u00e8re, br\u00e8ve mais intense, annonce \u00e0 la fois <strong data-start=\"898\" data-end=\"928\">la fin d\u2019un monde instable<\/strong> et <strong data-start=\"932\" data-end=\"970\">le commencement d\u2019un ordre nouveau<\/strong>.<br data-start=\"971\" data-end=\"974\" \/>Un cr\u00e9puscule lumineux o\u00f9 la guerre, la foi et la beaut\u00e9 coexistent.<\/p><p>\ud83d\udd39 <span style=\"text-decoration: underline;\">En cours<\/span> \u27f6 Rassembler des informations sur la p\u00e9riode \u201cazushi momoyama\u201d et les mettre en forme dans une sorte \u201cd\u2019art book\u201d. Explorer diff\u00e9rentes formes d\u2019expression afin d\u2019interpr\u00e9ter au mieux des faits historiques.<\/p>\t\t\t\t\t\t\t\t<\/div>\n\t\t\t\t\t<\/div>\n\t\t\t\t<\/div>\n\t\t<div class=\"elementor-element elementor-element-3c4fc33 e-flex e-con-boxed e-con e-parent\" data-id=\"3c4fc33\" data-element_type=\"container\" data-e-type=\"container\">\n\t\t\t\t\t<div class=\"e-con-inner\">\n\t\t\t\t<div class=\"elementor-element elementor-element-c6d7194 elementor-widget-divider--view-line elementor-widget elementor-widget-divider\" data-id=\"c6d7194\" data-element_type=\"widget\" data-e-type=\"widget\" data-widget_type=\"divider.default\">\n\t\t\t\t\t\t\t<div class=\"elementor-divider\">\n\t\t\t<span class=\"elementor-divider-separator\">\n\t\t\t\t\t\t<\/span>\n\t\t<\/div>\n\t\t\t\t\t\t<\/div>\n\t\t\t\t<div class=\"elementor-element elementor-element-e0fa0a3 elementor-widget elementor-widget-text-editor\" data-id=\"e0fa0a3\" data-element_type=\"widget\" data-e-type=\"widget\" data-widget_type=\"text-editor.default\">\n\t\t\t\t\t\t\t\t\t<h3><span style=\"white-space: pre-wrap;\">I.\u2061\uff0d\u672c\u80fd\u5bfa\u306e\u5909\u2061 Honnoji no hen\u2028<\/span><\/h3><div><span style=\"white-space: pre-wrap;\">\u2061\uff0d \u2776 \u80cc\u666f\u2061 Background\u2028<\/span><\/div><div><span style=\"white-space: pre-wrap;\">\uff0d \u2777 \u660e\u667a\u5149\u79c0\u306e\u7acb\u5834\u2061 Akechi Mitsuhide&#8217;s position\u2028<\/span><br \/><span style=\"white-space: pre-wrap;\">\uff0d \u2778 \u76f4\u524d\u307e\u3067\u306e\u72b6\u6cc1 Situtions before the incident\u00a0 \u27f6\u2061\u2028\u2061\u5149\u79c0\u660e\u667a\u3001\u7fbd\u67f4\u79c0\u5409\u3001\u5fb3\u5ddd\u5bb6\u5eb7\u2061(Akechi Mitsuhide, Hashiba Hideyoshi, Tokugawa Ieyasu)<\/span><br \/><span style=\"white-space: pre-wrap;\">\u2028\u2061\uff0d <\/span><span style=\"white-space: pre-wrap;\">\u2779 \u8a0e\u5165\u306e\u899a\u609f\u2061 Preparation the attack <\/span><br \/><span style=\"white-space: pre-wrap;\">\u2028\u2061\uff0d \u277a \u5149\u79c0\u306e\u7b56\u7565\u5909\u66f4\u2061 The modification of Mituhide&#8217;s strategy\u2028\u2061<\/span><br \/><span style=\"white-space: pre-wrap;\">\uff0d \u277b \u4fe1\u9577\u306e\u6700\u5f8c\u306e\u591c\u2061 The last night of Nobunaga \u2028\u2061<\/span><br \/><span style=\"white-space: pre-wrap;\">\uff0d \u277c \u672c\u80fd\u5bfa\u306e\u5909\u2061 Honnoji no hen\u2028<\/span><br \/><span style=\"white-space: pre-wrap;\">\u2061\uff0d \u277d \u672c\u80fd\u5bfa\u306e\u5909\u306e\u76f4\u5f8c After the incident\u27f6\u2061\u2028\u2061\u4f0a\u8cc0\u8d8a\u3048\u2061 Iga crossing<\/span><\/div><div>\u00a0<\/div><h3><span style=\"white-space: pre-wrap;\">\u2028\u2028<\/span><span style=\"white-space: pre-wrap;\">II.\u2061\uff0d\u9577\u7be0\u306e\u6226\u3044\u2061 The battle of Nagashino\u2028\u2028\u2061\u2061\uff0d<\/span><\/h3><div><span style=\"white-space: pre-wrap;\"> \uff0d \u2776\u9577\u7be0\u57ce\u653b\u57ce\u2061 Attack on Nagashino castle <\/span><br \/><span style=\"white-space: pre-wrap;\">\u2028\uff0d \u2777\u4fe1\u9577\u8ecd\u56e3\u306e\u5230\u7740 \u2061Arrival of Nobunaga&#8217;s army<\/span><br \/><span style=\"white-space: pre-wrap;\">\u2028\u2061\uff0d \u2778\u9cf6\u30f6\u5de3\u5c71\u653b\u9632\u6226\u2061 Attack on Mount Tobigasu\u2028<\/span><br \/><span style=\"white-space: pre-wrap;\">\u2061\uff0d \u2779\u8a2d\u697d\u539f\u6c7a\u6226\u2061 Battle of Shitara-hara<\/span><\/div><div>\u00a0<\/div><h3><span style=\"white-space: pre-wrap;\">\u2028\u2028\u2061\u2061III.\u2061\uff0d\u95a2\u30b1\u539f\u306e\u6226\u3044 The battle of Sekigahara\u2028<\/span><\/h3><div>\u00a0<\/div><div><span style=\"white-space: pre-wrap;\">\u2061\uff0d \u2776\u6c7a\u6226\u307e\u3067\u306e\u7d4c\u7def The process leading up to the battle<\/span><\/div><div><span style=\"white-space: pre-wrap;\">\u2028\uff0d \u2777\u653f\u6cbb\u6297\u4e89\u306e\u767a\u751f Political strife\u2028\u2061<\/span><\/div><div><span style=\"white-space: pre-wrap;\">\uff0d \u2778\u52a0\u8cc0\u524d\u7530\u5f81\u4f10\u3068\u5bb6\u5eb7\u306e\u6a29\u529b\u5f37\u5316 The conquest of Kaga Maeda and the strengthening of Ieyasu&#8217;s power\u2028\u2061<\/span><\/div><div><span style=\"white-space: pre-wrap;\">\uff0d \u2779\u672c\u6226\u307e\u3067\u306e\u52d5\u304d Actions before the main battle<\/span><\/div><p><span style=\"white-space: pre-wrap;\">\uff0d \u277a\u6771\u8ecd\u8af8\u5927\u540d\u306e\u53cd\u8ee2 Reversal of the Eastern lords\u2028\u2061<\/span><\/p><p><span style=\"white-space: pre-wrap;\">\uff0d \u277b \u897f\u8ecd\u306e\u4f0a\u52e2\u4fb5\u653b\u3068\u6771\u8ecd\u306e\u5c90\u961c\u57ce\u653b\u3081 The invasion of Ise by the Western Army and the attack on Gifu Castle by the Eastern Army\u2028\u2061<\/span><\/p><p><span style=\"white-space: pre-wrap;\">\uff0d \u277c \u6c7a\u6226\u3068\u6297\u4e89\u7d42\u7d50 Decisive battle and the end of the conflict<\/span><br \/><span style=\"white-space: pre-wrap;\">\u2061\u2061\uff0d \u6c7a\u6226\u958b\u59cb Start of decisive battle<\/span><br \/><span style=\"white-space: pre-wrap;\">\u2061\uff0d \u277d \u5cf6\u6d25\u8ecd\u30fb\u6bdb\u5229\u8ecd\u5074\u00a0 Shimazu&#8217;s and Mori&#8217;s sides<\/span><br \/><span style=\"white-space: pre-wrap;\">\u2061\uff0d \u2792\u5c0f\u65e9\u5ddd\u79c0\u79cb\u306e\u5bdd\u8fd4\u308a The\u00a0betrayal of Kobayakawa Hideaki<\/span><br \/><span style=\"white-space: pre-wrap;\">\u2061\uff0d \u2793 \u897f\u8ecd\u6226\u6557 Defeat of the Western Army<\/span><br \/><span style=\"white-space: pre-wrap;\">\uff0d \u24eb \u7d42\u6226\u5f8c After the battle <br \/><\/span><\/p>\t\t\t\t\t\t\t\t<\/div>\n\t\t\t\t\t<\/div>\n\t\t\t\t<\/div>\n\t\t\t\t<\/div>\n\t\t","protected":false},"excerpt":{"rendered":"<p>EO &#8211; The fading dawn L\u2019aube fuyante \u2014 \u6d88\u3048\u3086\u304f\u591c\u660e\u3051 Que se cache-t-il derri\u00e8re une p\u00e9riode charni\u00e8re et cruciale ? L\u2019\u00e9poque Azuchi\u2013Momoyama (1573\u20131603) constitue une p\u00e9riode charni\u00e8re de l\u2019histoire japonaise.Elle marque la transition entre les guerres f\u00e9odales du Sengoku Jidai et la paix du shogunat Tokugawa, qui ouvrira l\u2019\u00e8re d\u2019Edo. C\u2019est un moment de r\u00e9unification politique&#8230;<\/p>\n","protected":false},"author":1,"featured_media":0,"parent":0,"menu_order":0,"comment_status":"closed","ping_status":"closed","template":"","meta":{"footnotes":""},"class_list":["post-188","page","type-page","status-publish","hentry"],"yoast_head":"<!-- This site is optimized with the Yoast SEO plugin v27.3 - https:\/\/yoast.com\/product\/yoast-seo-wordpress\/ -->\n<title>ANACHRONISM - AZUSHI MOMOYAMA - KODAMA -echoes of the mountain-<\/title>\n<meta name=\"robots\" content=\"index, follow, max-snippet:-1, max-image-preview:large, max-video-preview:-1\" \/>\n<link rel=\"canonical\" href=\"https:\/\/projet.eomiya.com\/en\/anachronism-azushi-momoyama\/\" \/>\n<meta property=\"og:locale\" content=\"en_US\" \/>\n<meta property=\"og:locale:alternate\" content=\"fr_FR\" \/>\n<meta property=\"og:locale:alternate\" content=\"ja_JP\" \/>\n<meta property=\"og:type\" content=\"article\" \/>\n<meta property=\"og:title\" content=\"ANACHRONISM - AZUSHI MOMOYAMA - KODAMA -echoes of the mountain-\" \/>\n<meta property=\"og:description\" content=\"EO &#8211; The fading dawn L\u2019aube fuyante \u2014 \u6d88\u3048\u3086\u304f\u591c\u660e\u3051 Que se cache-t-il derri\u00e8re une p\u00e9riode charni\u00e8re et cruciale ? L\u2019\u00e9poque Azuchi\u2013Momoyama (1573\u20131603) constitue une p\u00e9riode charni\u00e8re de l\u2019histoire japonaise.Elle marque la transition entre les guerres f\u00e9odales du Sengoku Jidai et la paix du shogunat Tokugawa, qui ouvrira l\u2019\u00e8re d\u2019Edo. C\u2019est un moment de r\u00e9unification politique...\" \/>\n<meta property=\"og:url\" content=\"https:\/\/projet.eomiya.com\/en\/anachronism-azushi-momoyama\/\" \/>\n<meta property=\"og:site_name\" content=\"KODAMA -echoes of the mountain-\" \/>\n<meta property=\"article:modified_time\" content=\"2025-11-08T01:50:34+00:00\" \/>\n<meta property=\"og:image\" content=\"https:\/\/projet.eomiya.com\/wp-content\/uploads\/2025\/10\/DSC_0714-2.webp\" \/>\n<meta name=\"twitter:card\" content=\"summary_large_image\" \/>\n<meta name=\"twitter:label1\" content=\"Est. reading time\" \/>\n\t<meta name=\"twitter:data1\" content=\"2 minutes\" \/>\n<script type=\"application\/ld+json\" class=\"yoast-schema-graph\">{\"@context\":\"https:\\\/\\\/schema.org\",\"@graph\":[{\"@type\":\"WebPage\",\"@id\":\"https:\\\/\\\/projet.eomiya.com\\\/anachronism-azushi-momoyama\\\/\",\"url\":\"https:\\\/\\\/projet.eomiya.com\\\/anachronism-azushi-momoyama\\\/\",\"name\":\"ANACHRONISM - AZUSHI MOMOYAMA - KODAMA -echoes of the mountain-\",\"isPartOf\":{\"@id\":\"https:\\\/\\\/projet.eomiya.com\\\/#website\"},\"primaryImageOfPage\":{\"@id\":\"https:\\\/\\\/projet.eomiya.com\\\/anachronism-azushi-momoyama\\\/#primaryimage\"},\"image\":{\"@id\":\"https:\\\/\\\/projet.eomiya.com\\\/anachronism-azushi-momoyama\\\/#primaryimage\"},\"thumbnailUrl\":\"https:\\\/\\\/projet.eomiya.com\\\/wp-content\\\/uploads\\\/2025\\\/10\\\/DSC_0714-2.webp\",\"datePublished\":\"2025-10-19T09:47:01+00:00\",\"dateModified\":\"2025-11-08T01:50:34+00:00\",\"breadcrumb\":{\"@id\":\"https:\\\/\\\/projet.eomiya.com\\\/anachronism-azushi-momoyama\\\/#breadcrumb\"},\"inLanguage\":\"en-US\",\"potentialAction\":[{\"@type\":\"ReadAction\",\"target\":[\"https:\\\/\\\/projet.eomiya.com\\\/anachronism-azushi-momoyama\\\/\"]}]},{\"@type\":\"ImageObject\",\"inLanguage\":\"en-US\",\"@id\":\"https:\\\/\\\/projet.eomiya.com\\\/anachronism-azushi-momoyama\\\/#primaryimage\",\"url\":\"https:\\\/\\\/projet.eomiya.com\\\/wp-content\\\/uploads\\\/2025\\\/10\\\/DSC_0714-2.webp\",\"contentUrl\":\"https:\\\/\\\/projet.eomiya.com\\\/wp-content\\\/uploads\\\/2025\\\/10\\\/DSC_0714-2.webp\"},{\"@type\":\"BreadcrumbList\",\"@id\":\"https:\\\/\\\/projet.eomiya.com\\\/anachronism-azushi-momoyama\\\/#breadcrumb\",\"itemListElement\":[{\"@type\":\"ListItem\",\"position\":1,\"name\":\"Accueil\",\"item\":\"https:\\\/\\\/projet.eomiya.com\\\/\"},{\"@type\":\"ListItem\",\"position\":2,\"name\":\"ANACHRONISM &#8211; AZUSHI MOMOYAMA\"}]},{\"@type\":\"WebSite\",\"@id\":\"https:\\\/\\\/projet.eomiya.com\\\/#website\",\"url\":\"https:\\\/\\\/projet.eomiya.com\\\/\",\"name\":\"KODAMA -echoes of the mountain-\",\"description\":\"\",\"publisher\":{\"@id\":\"https:\\\/\\\/projet.eomiya.com\\\/#organization\"},\"potentialAction\":[{\"@type\":\"SearchAction\",\"target\":{\"@type\":\"EntryPoint\",\"urlTemplate\":\"https:\\\/\\\/projet.eomiya.com\\\/?s={search_term_string}\"},\"query-input\":{\"@type\":\"PropertyValueSpecification\",\"valueRequired\":true,\"valueName\":\"search_term_string\"}}],\"inLanguage\":\"en-US\"},{\"@type\":\"Organization\",\"@id\":\"https:\\\/\\\/projet.eomiya.com\\\/#organization\",\"name\":\"KODAMA -echoes of the mountain-\",\"url\":\"https:\\\/\\\/projet.eomiya.com\\\/\",\"logo\":{\"@type\":\"ImageObject\",\"inLanguage\":\"en-US\",\"@id\":\"https:\\\/\\\/projet.eomiya.com\\\/#\\\/schema\\\/logo\\\/image\\\/\",\"url\":\"https:\\\/\\\/projet.eomiya.com\\\/wp-content\\\/uploads\\\/2025\\\/10\\\/cropped-SUBMARKAsset-3.webp\",\"contentUrl\":\"https:\\\/\\\/projet.eomiya.com\\\/wp-content\\\/uploads\\\/2025\\\/10\\\/cropped-SUBMARKAsset-3.webp\",\"width\":262,\"height\":262,\"caption\":\"KODAMA -echoes of the mountain-\"},\"image\":{\"@id\":\"https:\\\/\\\/projet.eomiya.com\\\/#\\\/schema\\\/logo\\\/image\\\/\"}}]}<\/script>\n<!-- \/ Yoast SEO plugin. -->","yoast_head_json":{"title":"ANACHRONISM - AZUSHI MOMOYAMA - KODAMA -echoes of the mountain-","robots":{"index":"index","follow":"follow","max-snippet":"max-snippet:-1","max-image-preview":"max-image-preview:large","max-video-preview":"max-video-preview:-1"},"canonical":"https:\/\/projet.eomiya.com\/en\/anachronism-azushi-momoyama\/","og_locale":"en_US","og_type":"article","og_title":"ANACHRONISM - AZUSHI MOMOYAMA - KODAMA -echoes of the mountain-","og_description":"EO &#8211; The fading dawn L\u2019aube fuyante \u2014 \u6d88\u3048\u3086\u304f\u591c\u660e\u3051 Que se cache-t-il derri\u00e8re une p\u00e9riode charni\u00e8re et cruciale ? L\u2019\u00e9poque Azuchi\u2013Momoyama (1573\u20131603) constitue une p\u00e9riode charni\u00e8re de l\u2019histoire japonaise.Elle marque la transition entre les guerres f\u00e9odales du Sengoku Jidai et la paix du shogunat Tokugawa, qui ouvrira l\u2019\u00e8re d\u2019Edo. C\u2019est un moment de r\u00e9unification politique...","og_url":"https:\/\/projet.eomiya.com\/en\/anachronism-azushi-momoyama\/","og_site_name":"KODAMA -echoes of the mountain-","article_modified_time":"2025-11-08T01:50:34+00:00","og_image":[{"url":"https:\/\/projet.eomiya.com\/wp-content\/uploads\/2025\/10\/DSC_0714-2.webp","type":"","width":"","height":""}],"twitter_card":"summary_large_image","twitter_misc":{"Est. reading time":"2 minutes"},"schema":{"@context":"https:\/\/schema.org","@graph":[{"@type":"WebPage","@id":"https:\/\/projet.eomiya.com\/anachronism-azushi-momoyama\/","url":"https:\/\/projet.eomiya.com\/anachronism-azushi-momoyama\/","name":"ANACHRONISM - AZUSHI MOMOYAMA - KODAMA -echoes of the mountain-","isPartOf":{"@id":"https:\/\/projet.eomiya.com\/#website"},"primaryImageOfPage":{"@id":"https:\/\/projet.eomiya.com\/anachronism-azushi-momoyama\/#primaryimage"},"image":{"@id":"https:\/\/projet.eomiya.com\/anachronism-azushi-momoyama\/#primaryimage"},"thumbnailUrl":"https:\/\/projet.eomiya.com\/wp-content\/uploads\/2025\/10\/DSC_0714-2.webp","datePublished":"2025-10-19T09:47:01+00:00","dateModified":"2025-11-08T01:50:34+00:00","breadcrumb":{"@id":"https:\/\/projet.eomiya.com\/anachronism-azushi-momoyama\/#breadcrumb"},"inLanguage":"en-US","potentialAction":[{"@type":"ReadAction","target":["https:\/\/projet.eomiya.com\/anachronism-azushi-momoyama\/"]}]},{"@type":"ImageObject","inLanguage":"en-US","@id":"https:\/\/projet.eomiya.com\/anachronism-azushi-momoyama\/#primaryimage","url":"https:\/\/projet.eomiya.com\/wp-content\/uploads\/2025\/10\/DSC_0714-2.webp","contentUrl":"https:\/\/projet.eomiya.com\/wp-content\/uploads\/2025\/10\/DSC_0714-2.webp"},{"@type":"BreadcrumbList","@id":"https:\/\/projet.eomiya.com\/anachronism-azushi-momoyama\/#breadcrumb","itemListElement":[{"@type":"ListItem","position":1,"name":"Accueil","item":"https:\/\/projet.eomiya.com\/"},{"@type":"ListItem","position":2,"name":"ANACHRONISM &#8211; AZUSHI MOMOYAMA"}]},{"@type":"WebSite","@id":"https:\/\/projet.eomiya.com\/#website","url":"https:\/\/projet.eomiya.com\/","name":"KODAMA -echoes of the mountain-","description":"","publisher":{"@id":"https:\/\/projet.eomiya.com\/#organization"},"potentialAction":[{"@type":"SearchAction","target":{"@type":"EntryPoint","urlTemplate":"https:\/\/projet.eomiya.com\/?s={search_term_string}"},"query-input":{"@type":"PropertyValueSpecification","valueRequired":true,"valueName":"search_term_string"}}],"inLanguage":"en-US"},{"@type":"Organization","@id":"https:\/\/projet.eomiya.com\/#organization","name":"KODAMA -echoes of the mountain-","url":"https:\/\/projet.eomiya.com\/","logo":{"@type":"ImageObject","inLanguage":"en-US","@id":"https:\/\/projet.eomiya.com\/#\/schema\/logo\/image\/","url":"https:\/\/projet.eomiya.com\/wp-content\/uploads\/2025\/10\/cropped-SUBMARKAsset-3.webp","contentUrl":"https:\/\/projet.eomiya.com\/wp-content\/uploads\/2025\/10\/cropped-SUBMARKAsset-3.webp","width":262,"height":262,"caption":"KODAMA -echoes of the mountain-"},"image":{"@id":"https:\/\/projet.eomiya.com\/#\/schema\/logo\/image\/"}}]}},"_links":{"self":[{"href":"https:\/\/projet.eomiya.com\/en\/wp-json\/wp\/v2\/pages\/188","targetHints":{"allow":["GET"]}}],"collection":[{"href":"https:\/\/projet.eomiya.com\/en\/wp-json\/wp\/v2\/pages"}],"about":[{"href":"https:\/\/projet.eomiya.com\/en\/wp-json\/wp\/v2\/types\/page"}],"author":[{"embeddable":true,"href":"https:\/\/projet.eomiya.com\/en\/wp-json\/wp\/v2\/users\/1"}],"replies":[{"embeddable":true,"href":"https:\/\/projet.eomiya.com\/en\/wp-json\/wp\/v2\/comments?post=188"}],"version-history":[{"count":13,"href":"https:\/\/projet.eomiya.com\/en\/wp-json\/wp\/v2\/pages\/188\/revisions"}],"predecessor-version":[{"id":513,"href":"https:\/\/projet.eomiya.com\/en\/wp-json\/wp\/v2\/pages\/188\/revisions\/513"}],"wp:attachment":[{"href":"https:\/\/projet.eomiya.com\/en\/wp-json\/wp\/v2\/media?parent=188"}],"curies":[{"name":"wp","href":"https:\/\/api.w.org\/{rel}","templated":true}]}}