{"id":214,"date":"2025-10-19T11:15:26","date_gmt":"2025-10-19T11:15:26","guid":{"rendered":"https:\/\/projet.eomiya.com\/?page_id=214"},"modified":"2025-11-17T08:53:32","modified_gmt":"2025-11-17T08:53:32","slug":"anachronism-les-souverains","status":"publish","type":"page","link":"https:\/\/projet.eomiya.com\/en\/anachronism-les-souverains\/","title":{"rendered":"ANACHRONISM &#8211; LES SOUVERAINS"},"content":{"rendered":"\t\t<div data-elementor-type=\"wp-page\" data-elementor-id=\"214\" class=\"elementor elementor-214\">\n\t\t\t\t<div class=\"elementor-element elementor-element-354b8cc e-grid e-con-full e-con e-parent\" data-id=\"354b8cc\" data-element_type=\"container\" data-e-type=\"container\">\n\t\t\t\t<div class=\"elementor-element elementor-element-f68950f elementor-widget elementor-widget-image\" data-id=\"f68950f\" data-element_type=\"widget\" data-e-type=\"widget\" data-widget_type=\"image.default\">\n\t\t\t\t\t\t\t\t\t\t\t\t\t\t\t<img fetchpriority=\"high\" decoding=\"async\" width=\"640\" height=\"640\" src=\"https:\/\/projet.eomiya.com\/wp-content\/uploads\/2025\/10\/toshop-1024x1024.webp\" class=\"attachment-large size-large wp-image-216\" alt=\"\" srcset=\"https:\/\/projet.eomiya.com\/wp-content\/uploads\/2025\/10\/toshop-1024x1024.webp 1024w, https:\/\/projet.eomiya.com\/wp-content\/uploads\/2025\/10\/toshop-300x300.webp 300w, https:\/\/projet.eomiya.com\/wp-content\/uploads\/2025\/10\/toshop-150x150.webp 150w, https:\/\/projet.eomiya.com\/wp-content\/uploads\/2025\/10\/toshop-768x768.webp 768w, https:\/\/projet.eomiya.com\/wp-content\/uploads\/2025\/10\/toshop-850x850.webp 850w, https:\/\/projet.eomiya.com\/wp-content\/uploads\/2025\/10\/toshop.webp 1080w\" sizes=\"(max-width: 640px) 100vw, 640px\" \/>\t\t\t\t\t\t\t\t\t\t\t\t\t\t\t<\/div>\n\t\t\t\t<\/div>\n\t\t<div class=\"elementor-element elementor-element-ae2bc4b e-flex e-con-boxed e-con e-parent\" data-id=\"ae2bc4b\" data-element_type=\"container\" data-e-type=\"container\">\n\t\t\t\t\t<div class=\"e-con-inner\">\n\t\t\t\t<div class=\"elementor-element elementor-element-70472e6 elementor-widget elementor-widget-heading\" data-id=\"70472e6\" data-element_type=\"widget\" data-e-type=\"widget\" data-widget_type=\"heading.default\">\n\t\t\t\t\t<h2 class=\"elementor-heading-title elementor-size-default\">EO - Sacred Violence<\/h2>\t\t\t\t<\/div>\n\t\t\t\t\t<\/div>\n\t\t\t\t<\/div>\n\t\t<div class=\"elementor-element elementor-element-b062629 e-flex e-con-boxed e-con e-parent\" data-id=\"b062629\" data-element_type=\"container\" data-e-type=\"container\">\n\t\t\t\t\t<div class=\"e-con-inner\">\n\t\t\t\t<div class=\"elementor-element elementor-element-d8c4ec1 elementor-widget elementor-widget-text-editor\" data-id=\"d8c4ec1\" data-element_type=\"widget\" data-e-type=\"widget\" data-widget_type=\"text-editor.default\">\n\t\t\t\t\t\t\t\t\t<p>Violence sacr\u00e9e \/ \u8056\u306a\u308b\u66b4\u529b<\/p>\t\t\t\t\t\t\t\t<\/div>\n\t\t\t\t\t<\/div>\n\t\t\t\t<\/div>\n\t\t<div class=\"elementor-element elementor-element-eceeeed e-flex e-con-boxed e-con e-parent\" data-id=\"eceeeed\" data-element_type=\"container\" data-e-type=\"container\">\n\t\t\t\t\t<div class=\"e-con-inner\">\n\t\t\t\t<div class=\"elementor-element elementor-element-418dcd1 elementor-widget elementor-widget-text-editor\" data-id=\"418dcd1\" data-element_type=\"widget\" data-e-type=\"widget\" data-widget_type=\"text-editor.default\">\n\t\t\t\t\t\t\t\t\t<p>Que croyons-nous vraiment lorsque nous peignons le visage d\u2019un souverain ?<\/p><p>\u2028\u00a0Pourquoi des figures telles que Louis XIV, Napol\u00e9on ou Jules C\u00e9sar [&#8230;], symboles du pouvoir et de la domination, continuent-elles d\u2019\u00eatre id\u00e9alis\u00e9es et c\u00e9l\u00e9br\u00e9es comme des h\u00e9ros dans notre soci\u00e9t\u00e9 contemporaine ?<\/p><p>Nous connaissons pourtant les r\u00e9alit\u00e9s historiques \u2014 les violences, les politiques d\u2019oppression, les logiques de conqu\u00eate qui se cachaient derri\u00e8re leurs actions.\u2028 Malgr\u00e9 cela, notre soci\u00e9t\u00e9 persiste \u00e0 les glorifier au nom de la \u201cgloire\u201d et de la \u201cgrandeur\u201d.\u2028Cette contradiction m\u2019intrigue.<\/p><p>Ce questionnement est n\u00e9 de mes visites dans de nombreux monuments historiques, mus\u00e9es et ch\u00e2teaux, o\u00f9 j\u2019ai ressenti avec force la relation entre l\u2019espace et la m\u00e9moire, et la n\u00e9cessit\u00e9 de reconstruire les r\u00e9cits qui y sommeillent.<\/p>\t\t\t\t\t\t\t\t<\/div>\n\t\t\t\t\t<\/div>\n\t\t\t\t<\/div>\n\t\t<div class=\"elementor-element elementor-element-80c9d2a e-grid e-con-full e-con e-parent\" data-id=\"80c9d2a\" data-element_type=\"container\" data-e-type=\"container\">\n\t\t\t\t<div class=\"elementor-element elementor-element-1b430f2 elementor-widget elementor-widget-image\" data-id=\"1b430f2\" data-element_type=\"widget\" data-e-type=\"widget\" data-widget_type=\"image.default\">\n\t\t\t\t\t\t\t\t\t\t\t\t\t\t\t<img decoding=\"async\" width=\"640\" height=\"908\" src=\"https:\/\/projet.eomiya.com\/wp-content\/uploads\/2025\/10\/3-722x1024.webp\" class=\"attachment-large size-large wp-image-217\" alt=\"\" srcset=\"https:\/\/projet.eomiya.com\/wp-content\/uploads\/2025\/10\/3-722x1024.webp 722w, https:\/\/projet.eomiya.com\/wp-content\/uploads\/2025\/10\/3-212x300.webp 212w, https:\/\/projet.eomiya.com\/wp-content\/uploads\/2025\/10\/3-768x1089.webp 768w, https:\/\/projet.eomiya.com\/wp-content\/uploads\/2025\/10\/3-1084x1536.webp 1084w, https:\/\/projet.eomiya.com\/wp-content\/uploads\/2025\/10\/3-scaled.webp 1355w, https:\/\/projet.eomiya.com\/wp-content\/uploads\/2025\/10\/3-300x425.webp 300w, https:\/\/projet.eomiya.com\/wp-content\/uploads\/2025\/10\/3-850x1205.webp 850w\" sizes=\"(max-width: 640px) 100vw, 640px\" \/>\t\t\t\t\t\t\t\t\t\t\t\t\t\t\t<\/div>\n\t\t\t\t<div class=\"elementor-element elementor-element-befab8b elementor-widget elementor-widget-image\" data-id=\"befab8b\" data-element_type=\"widget\" data-e-type=\"widget\" data-widget_type=\"image.default\">\n\t\t\t\t\t\t\t\t\t\t\t\t\t\t\t<img decoding=\"async\" width=\"640\" height=\"686\" src=\"https:\/\/projet.eomiya.com\/wp-content\/uploads\/2025\/10\/6-956x1024.webp\" class=\"attachment-large size-large wp-image-220\" alt=\"\" srcset=\"https:\/\/projet.eomiya.com\/wp-content\/uploads\/2025\/10\/6-956x1024.webp 956w, https:\/\/projet.eomiya.com\/wp-content\/uploads\/2025\/10\/6-280x300.webp 280w, https:\/\/projet.eomiya.com\/wp-content\/uploads\/2025\/10\/6-768x822.webp 768w, https:\/\/projet.eomiya.com\/wp-content\/uploads\/2025\/10\/6-1434x1536.webp 1434w, https:\/\/projet.eomiya.com\/wp-content\/uploads\/2025\/10\/6-scaled.webp 1793w, https:\/\/projet.eomiya.com\/wp-content\/uploads\/2025\/10\/6-300x321.webp 300w, https:\/\/projet.eomiya.com\/wp-content\/uploads\/2025\/10\/6-850x910.webp 850w\" sizes=\"(max-width: 640px) 100vw, 640px\" \/>\t\t\t\t\t\t\t\t\t\t\t\t\t\t\t<\/div>\n\t\t\t\t<div class=\"elementor-element elementor-element-a94e912 elementor-widget elementor-widget-image\" data-id=\"a94e912\" data-element_type=\"widget\" data-e-type=\"widget\" data-widget_type=\"image.default\">\n\t\t\t\t\t\t\t\t\t\t\t\t\t\t\t<img loading=\"lazy\" decoding=\"async\" width=\"640\" height=\"869\" src=\"https:\/\/projet.eomiya.com\/wp-content\/uploads\/2025\/10\/5-754x1024.webp\" class=\"attachment-large size-large wp-image-219\" alt=\"\" srcset=\"https:\/\/projet.eomiya.com\/wp-content\/uploads\/2025\/10\/5-754x1024.webp 754w, https:\/\/projet.eomiya.com\/wp-content\/uploads\/2025\/10\/5-221x300.webp 221w, https:\/\/projet.eomiya.com\/wp-content\/uploads\/2025\/10\/5-768x1043.webp 768w, https:\/\/projet.eomiya.com\/wp-content\/uploads\/2025\/10\/5-1131x1536.webp 1131w, https:\/\/projet.eomiya.com\/wp-content\/uploads\/2025\/10\/5-scaled.webp 1414w, https:\/\/projet.eomiya.com\/wp-content\/uploads\/2025\/10\/5-300x408.webp 300w, https:\/\/projet.eomiya.com\/wp-content\/uploads\/2025\/10\/5-850x1155.webp 850w\" sizes=\"(max-width: 640px) 100vw, 640px\" \/>\t\t\t\t\t\t\t\t\t\t\t\t\t\t\t<\/div>\n\t\t\t\t<div class=\"elementor-element elementor-element-8575eed elementor-widget elementor-widget-image\" data-id=\"8575eed\" data-element_type=\"widget\" data-e-type=\"widget\" data-widget_type=\"image.default\">\n\t\t\t\t\t\t\t\t\t\t\t\t\t\t\t<img loading=\"lazy\" decoding=\"async\" width=\"640\" height=\"881\" src=\"https:\/\/projet.eomiya.com\/wp-content\/uploads\/2025\/10\/4-744x1024.webp\" class=\"attachment-large size-large wp-image-218\" alt=\"\" srcset=\"https:\/\/projet.eomiya.com\/wp-content\/uploads\/2025\/10\/4-744x1024.webp 744w, https:\/\/projet.eomiya.com\/wp-content\/uploads\/2025\/10\/4-218x300.webp 218w, https:\/\/projet.eomiya.com\/wp-content\/uploads\/2025\/10\/4-768x1057.webp 768w, https:\/\/projet.eomiya.com\/wp-content\/uploads\/2025\/10\/4-1116x1536.webp 1116w, https:\/\/projet.eomiya.com\/wp-content\/uploads\/2025\/10\/4-scaled.webp 1395w, https:\/\/projet.eomiya.com\/wp-content\/uploads\/2025\/10\/4-300x413.webp 300w, https:\/\/projet.eomiya.com\/wp-content\/uploads\/2025\/10\/4-850x1170.webp 850w\" sizes=\"(max-width: 640px) 100vw, 640px\" \/>\t\t\t\t\t\t\t\t\t\t\t\t\t\t\t<\/div>\n\t\t\t\t<div class=\"elementor-element elementor-element-8618225 elementor-widget elementor-widget-text-editor\" data-id=\"8618225\" data-element_type=\"widget\" data-e-type=\"widget\" data-widget_type=\"text-editor.default\">\n\t\t\t\t\t\t\t\t\t<h3>Napol\u00e9on<\/h3>\t\t\t\t\t\t\t\t<\/div>\n\t\t\t\t<div class=\"elementor-element elementor-element-bea14c5 elementor-widget elementor-widget-text-editor\" data-id=\"bea14c5\" data-element_type=\"widget\" data-e-type=\"widget\" data-widget_type=\"text-editor.default\">\n\t\t\t\t\t\t\t\t\t<h3>Admiration\u00a0<\/h3><div>\u00a0<\/div>\t\t\t\t\t\t\t\t<\/div>\n\t\t\t\t<div class=\"elementor-element elementor-element-4baec4d elementor-widget elementor-widget-text-editor\" data-id=\"4baec4d\" data-element_type=\"widget\" data-e-type=\"widget\" data-widget_type=\"text-editor.default\">\n\t\t\t\t\t\t\t\t\t<h3>Soleil pourpre<\/h3><p>\u00a0<\/p>\t\t\t\t\t\t\t\t<\/div>\n\t\t\t\t<div class=\"elementor-element elementor-element-6530533 elementor-widget elementor-widget-text-editor\" data-id=\"6530533\" data-element_type=\"widget\" data-e-type=\"widget\" data-widget_type=\"text-editor.default\">\n\t\t\t\t\t\t\t\t\t<h3>Jules Cesar\u00a0<\/h3>\t\t\t\t\t\t\t\t<\/div>\n\t\t\t\t<\/div>\n\t\t\t\t<\/div>\n\t\t","protected":false},"excerpt":{"rendered":"<p>EO &#8211; Sacred Violence Violence sacr\u00e9e \/ \u8056\u306a\u308b\u66b4\u529b Que croyons-nous vraiment lorsque nous peignons le visage d\u2019un souverain ? \u2028\u00a0Pourquoi des figures telles que Louis XIV, Napol\u00e9on ou Jules C\u00e9sar [&#8230;], symboles du pouvoir et de la domination, continuent-elles d\u2019\u00eatre id\u00e9alis\u00e9es et c\u00e9l\u00e9br\u00e9es comme des h\u00e9ros dans notre soci\u00e9t\u00e9 contemporaine ? Nous connaissons pourtant les&#8230;<\/p>\n","protected":false},"author":1,"featured_media":0,"parent":0,"menu_order":0,"comment_status":"closed","ping_status":"closed","template":"","meta":{"footnotes":""},"class_list":["post-214","page","type-page","status-publish","hentry"],"yoast_head":"<!-- This site is optimized with the Yoast SEO plugin v27.3 - https:\/\/yoast.com\/product\/yoast-seo-wordpress\/ -->\n<title>ANACHRONISM - LES SOUVERAINS<\/title>\n<meta name=\"robots\" content=\"index, follow, max-snippet:-1, max-image-preview:large, max-video-preview:-1\" \/>\n<link rel=\"canonical\" href=\"https:\/\/projet.eomiya.com\/en\/anachronism-les-souverains\/\" \/>\n<meta property=\"og:locale\" content=\"en_US\" \/>\n<meta property=\"og:locale:alternate\" content=\"fr_FR\" \/>\n<meta property=\"og:locale:alternate\" content=\"ja_JP\" \/>\n<meta property=\"og:type\" content=\"article\" \/>\n<meta property=\"og:title\" content=\"ANACHRONISM - LES SOUVERAINS\" \/>\n<meta property=\"og:description\" content=\"EO &#8211; Sacred Violence Violence sacr\u00e9e \/ \u8056\u306a\u308b\u66b4\u529b Que croyons-nous vraiment lorsque nous peignons le visage d\u2019un souverain ? \u2028\u00a0Pourquoi des figures telles que Louis XIV, Napol\u00e9on ou Jules C\u00e9sar [&#8230;], symboles du pouvoir et de la domination, continuent-elles d\u2019\u00eatre id\u00e9alis\u00e9es et c\u00e9l\u00e9br\u00e9es comme des h\u00e9ros dans notre soci\u00e9t\u00e9 contemporaine ? Nous connaissons pourtant les...\" \/>\n<meta property=\"og:url\" content=\"https:\/\/projet.eomiya.com\/en\/anachronism-les-souverains\/\" \/>\n<meta property=\"og:site_name\" content=\"KODAMA -echoes of the mountain-\" \/>\n<meta property=\"article:modified_time\" content=\"2025-11-17T08:53:32+00:00\" \/>\n<meta property=\"og:image\" content=\"https:\/\/projet.eomiya.com\/wp-content\/uploads\/2025\/10\/toshop.webp\" \/>\n\t<meta property=\"og:image:width\" content=\"1080\" \/>\n\t<meta property=\"og:image:height\" content=\"1080\" \/>\n\t<meta property=\"og:image:type\" content=\"image\/webp\" \/>\n<meta name=\"twitter:card\" content=\"summary_large_image\" \/>\n<meta name=\"twitter:label1\" content=\"Est. reading time\" \/>\n\t<meta name=\"twitter:data1\" content=\"1 minute\" \/>\n<script type=\"application\/ld+json\" class=\"yoast-schema-graph\">{\"@context\":\"https:\\\/\\\/schema.org\",\"@graph\":[{\"@type\":\"WebPage\",\"@id\":\"https:\\\/\\\/projet.eomiya.com\\\/anachronism-les-souverains\\\/\",\"url\":\"https:\\\/\\\/projet.eomiya.com\\\/anachronism-les-souverains\\\/\",\"name\":\"ANACHRONISM - LES SOUVERAINS\",\"isPartOf\":{\"@id\":\"https:\\\/\\\/projet.eomiya.com\\\/#website\"},\"primaryImageOfPage\":{\"@id\":\"https:\\\/\\\/projet.eomiya.com\\\/anachronism-les-souverains\\\/#primaryimage\"},\"image\":{\"@id\":\"https:\\\/\\\/projet.eomiya.com\\\/anachronism-les-souverains\\\/#primaryimage\"},\"thumbnailUrl\":\"https:\\\/\\\/projet.eomiya.com\\\/wp-content\\\/uploads\\\/2025\\\/10\\\/toshop-1024x1024.webp\",\"datePublished\":\"2025-10-19T11:15:26+00:00\",\"dateModified\":\"2025-11-17T08:53:32+00:00\",\"breadcrumb\":{\"@id\":\"https:\\\/\\\/projet.eomiya.com\\\/anachronism-les-souverains\\\/#breadcrumb\"},\"inLanguage\":\"en-US\",\"potentialAction\":[{\"@type\":\"ReadAction\",\"target\":[\"https:\\\/\\\/projet.eomiya.com\\\/anachronism-les-souverains\\\/\"]}]},{\"@type\":\"ImageObject\",\"inLanguage\":\"en-US\",\"@id\":\"https:\\\/\\\/projet.eomiya.com\\\/anachronism-les-souverains\\\/#primaryimage\",\"url\":\"https:\\\/\\\/projet.eomiya.com\\\/wp-content\\\/uploads\\\/2025\\\/10\\\/toshop-1024x1024.webp\",\"contentUrl\":\"https:\\\/\\\/projet.eomiya.com\\\/wp-content\\\/uploads\\\/2025\\\/10\\\/toshop-1024x1024.webp\"},{\"@type\":\"BreadcrumbList\",\"@id\":\"https:\\\/\\\/projet.eomiya.com\\\/anachronism-les-souverains\\\/#breadcrumb\",\"itemListElement\":[{\"@type\":\"ListItem\",\"position\":1,\"name\":\"Accueil\",\"item\":\"https:\\\/\\\/projet.eomiya.com\\\/\"},{\"@type\":\"ListItem\",\"position\":2,\"name\":\"ANACHRONISM &#8211; LES SOUVERAINS\"}]},{\"@type\":\"WebSite\",\"@id\":\"https:\\\/\\\/projet.eomiya.com\\\/#website\",\"url\":\"https:\\\/\\\/projet.eomiya.com\\\/\",\"name\":\"KODAMA -echoes of the mountain-\",\"description\":\"\",\"publisher\":{\"@id\":\"https:\\\/\\\/projet.eomiya.com\\\/#organization\"},\"potentialAction\":[{\"@type\":\"SearchAction\",\"target\":{\"@type\":\"EntryPoint\",\"urlTemplate\":\"https:\\\/\\\/projet.eomiya.com\\\/?s={search_term_string}\"},\"query-input\":{\"@type\":\"PropertyValueSpecification\",\"valueRequired\":true,\"valueName\":\"search_term_string\"}}],\"inLanguage\":\"en-US\"},{\"@type\":\"Organization\",\"@id\":\"https:\\\/\\\/projet.eomiya.com\\\/#organization\",\"name\":\"KODAMA -echoes of the mountain-\",\"url\":\"https:\\\/\\\/projet.eomiya.com\\\/\",\"logo\":{\"@type\":\"ImageObject\",\"inLanguage\":\"en-US\",\"@id\":\"https:\\\/\\\/projet.eomiya.com\\\/#\\\/schema\\\/logo\\\/image\\\/\",\"url\":\"https:\\\/\\\/projet.eomiya.com\\\/wp-content\\\/uploads\\\/2025\\\/10\\\/cropped-SUBMARKAsset-3.webp\",\"contentUrl\":\"https:\\\/\\\/projet.eomiya.com\\\/wp-content\\\/uploads\\\/2025\\\/10\\\/cropped-SUBMARKAsset-3.webp\",\"width\":262,\"height\":262,\"caption\":\"KODAMA -echoes of the mountain-\"},\"image\":{\"@id\":\"https:\\\/\\\/projet.eomiya.com\\\/#\\\/schema\\\/logo\\\/image\\\/\"}}]}<\/script>\n<!-- \/ Yoast SEO plugin. -->","yoast_head_json":{"title":"ANACHRONISM - LES SOUVERAINS","robots":{"index":"index","follow":"follow","max-snippet":"max-snippet:-1","max-image-preview":"max-image-preview:large","max-video-preview":"max-video-preview:-1"},"canonical":"https:\/\/projet.eomiya.com\/en\/anachronism-les-souverains\/","og_locale":"en_US","og_type":"article","og_title":"[:fr]ANACHRONISM - LES SOUVERAINS[:] - KODAMA -echoes of the mountain-","og_description":"EO &#8211; Sacred Violence Violence sacr\u00e9e \/ \u8056\u306a\u308b\u66b4\u529b Que croyons-nous vraiment lorsque nous peignons le visage d\u2019un souverain ? \u2028\u00a0Pourquoi des figures telles que Louis XIV, Napol\u00e9on ou Jules C\u00e9sar [&#8230;], symboles du pouvoir et de la domination, continuent-elles d\u2019\u00eatre id\u00e9alis\u00e9es et c\u00e9l\u00e9br\u00e9es comme des h\u00e9ros dans notre soci\u00e9t\u00e9 contemporaine ? Nous connaissons pourtant les...","og_url":"https:\/\/projet.eomiya.com\/en\/anachronism-les-souverains\/","og_site_name":"KODAMA -echoes of the mountain-","article_modified_time":"2025-11-17T08:53:32+00:00","og_image":[{"width":1080,"height":1080,"url":"https:\/\/projet.eomiya.com\/wp-content\/uploads\/2025\/10\/toshop.webp","type":"image\/webp"}],"twitter_card":"summary_large_image","twitter_misc":{"Est. reading time":"1 minute"},"schema":{"@context":"https:\/\/schema.org","@graph":[{"@type":"WebPage","@id":"https:\/\/projet.eomiya.com\/anachronism-les-souverains\/","url":"https:\/\/projet.eomiya.com\/anachronism-les-souverains\/","name":"ANACHRONISM - LES SOUVERAINS","isPartOf":{"@id":"https:\/\/projet.eomiya.com\/#website"},"primaryImageOfPage":{"@id":"https:\/\/projet.eomiya.com\/anachronism-les-souverains\/#primaryimage"},"image":{"@id":"https:\/\/projet.eomiya.com\/anachronism-les-souverains\/#primaryimage"},"thumbnailUrl":"https:\/\/projet.eomiya.com\/wp-content\/uploads\/2025\/10\/toshop-1024x1024.webp","datePublished":"2025-10-19T11:15:26+00:00","dateModified":"2025-11-17T08:53:32+00:00","breadcrumb":{"@id":"https:\/\/projet.eomiya.com\/anachronism-les-souverains\/#breadcrumb"},"inLanguage":"en-US","potentialAction":[{"@type":"ReadAction","target":["https:\/\/projet.eomiya.com\/anachronism-les-souverains\/"]}]},{"@type":"ImageObject","inLanguage":"en-US","@id":"https:\/\/projet.eomiya.com\/anachronism-les-souverains\/#primaryimage","url":"https:\/\/projet.eomiya.com\/wp-content\/uploads\/2025\/10\/toshop-1024x1024.webp","contentUrl":"https:\/\/projet.eomiya.com\/wp-content\/uploads\/2025\/10\/toshop-1024x1024.webp"},{"@type":"BreadcrumbList","@id":"https:\/\/projet.eomiya.com\/anachronism-les-souverains\/#breadcrumb","itemListElement":[{"@type":"ListItem","position":1,"name":"Accueil","item":"https:\/\/projet.eomiya.com\/"},{"@type":"ListItem","position":2,"name":"ANACHRONISM &#8211; LES SOUVERAINS"}]},{"@type":"WebSite","@id":"https:\/\/projet.eomiya.com\/#website","url":"https:\/\/projet.eomiya.com\/","name":"KODAMA -echoes of the mountain-","description":"","publisher":{"@id":"https:\/\/projet.eomiya.com\/#organization"},"potentialAction":[{"@type":"SearchAction","target":{"@type":"EntryPoint","urlTemplate":"https:\/\/projet.eomiya.com\/?s={search_term_string}"},"query-input":{"@type":"PropertyValueSpecification","valueRequired":true,"valueName":"search_term_string"}}],"inLanguage":"en-US"},{"@type":"Organization","@id":"https:\/\/projet.eomiya.com\/#organization","name":"KODAMA -echoes of the mountain-","url":"https:\/\/projet.eomiya.com\/","logo":{"@type":"ImageObject","inLanguage":"en-US","@id":"https:\/\/projet.eomiya.com\/#\/schema\/logo\/image\/","url":"https:\/\/projet.eomiya.com\/wp-content\/uploads\/2025\/10\/cropped-SUBMARKAsset-3.webp","contentUrl":"https:\/\/projet.eomiya.com\/wp-content\/uploads\/2025\/10\/cropped-SUBMARKAsset-3.webp","width":262,"height":262,"caption":"KODAMA -echoes of the mountain-"},"image":{"@id":"https:\/\/projet.eomiya.com\/#\/schema\/logo\/image\/"}}]}},"_links":{"self":[{"href":"https:\/\/projet.eomiya.com\/en\/wp-json\/wp\/v2\/pages\/214","targetHints":{"allow":["GET"]}}],"collection":[{"href":"https:\/\/projet.eomiya.com\/en\/wp-json\/wp\/v2\/pages"}],"about":[{"href":"https:\/\/projet.eomiya.com\/en\/wp-json\/wp\/v2\/types\/page"}],"author":[{"embeddable":true,"href":"https:\/\/projet.eomiya.com\/en\/wp-json\/wp\/v2\/users\/1"}],"replies":[{"embeddable":true,"href":"https:\/\/projet.eomiya.com\/en\/wp-json\/wp\/v2\/comments?post=214"}],"version-history":[{"count":19,"href":"https:\/\/projet.eomiya.com\/en\/wp-json\/wp\/v2\/pages\/214\/revisions"}],"predecessor-version":[{"id":587,"href":"https:\/\/projet.eomiya.com\/en\/wp-json\/wp\/v2\/pages\/214\/revisions\/587"}],"wp:attachment":[{"href":"https:\/\/projet.eomiya.com\/en\/wp-json\/wp\/v2\/media?parent=214"}],"curies":[{"name":"wp","href":"https:\/\/api.w.org\/{rel}","templated":true}]}}