{"id":244,"date":"2025-10-27T14:22:39","date_gmt":"2025-10-27T14:22:39","guid":{"rendered":"https:\/\/projet.eomiya.com\/?page_id=244"},"modified":"2025-10-27T14:22:40","modified_gmt":"2025-10-27T14:22:40","slug":"mentions-legales","status":"publish","type":"page","link":"https:\/\/projet.eomiya.com\/en\/mentions-legales\/","title":{"rendered":"Mentions l\u00e9gales"},"content":{"rendered":"\n<p><strong>\u00c9diteur du site<\/strong><br>EOM \u2014 Echoes of the Mountain<br>Site vitrine artistique et de recherche<br>Responsable de la publication : Miya<br>Adresse : disponible sur demande<br>Email : eomiy.artist@gmail.com<\/p>\n\n\n\n<p><strong>H\u00e9bergement<\/strong><br>OVH Hosting, Inc.<br>800-1801 McGill College Avenue, Montreal, QC H3A 2N4, Canada<br>T\u00e9l\u00e9phone : +1 855 684 5463<br>Site web : <a>www.ovh.com<\/a><\/p>\n\n\n\n<p><strong>Conception et design<\/strong><br>Conception \u00e9ditoriale et direction artistique : Miya<br><\/p>\n\n\n\n<p><strong>Cr\u00e9dits<\/strong><br>Tous les contenus visuels, textuels et sonores pr\u00e9sents sur le site EOM \u2014 Echoes of the Mountain sont la propri\u00e9t\u00e9 exclusive de EOM, sauf mention contraire.<br>Toute reproduction, diffusion ou utilisation sans autorisation \u00e9crite pr\u00e9alable est interdite (art. L.122-4 du Code de la propri\u00e9t\u00e9 intellectuelle).<\/p>\n\n\n\n<p><strong>Responsabilit\u00e9<\/strong><br>L\u2019\u00e9diteur du site s\u2019efforce de fournir des informations exactes et \u00e0 jour, mais ne saurait \u00eatre tenu responsable d\u2019erreurs, d\u2019omissions ou d\u2019indisponibilit\u00e9s temporaires du site.<\/p>\n\n\n\n<p><\/p>\n","protected":false},"excerpt":{"rendered":"<p>\u00c9diteur du siteEOM \u2014 Echoes of the MountainSite vitrine artistique et de rechercheResponsable de la publication : MiyaAdresse : disponible sur demandeEmail : eomiy.artist@gmail.com H\u00e9bergementOVH Hosting, Inc.800-1801 McGill College Avenue, Montreal, QC H3A 2N4, CanadaT\u00e9l\u00e9phone : +1 855 684 5463Site web : www.ovh.com Conception et designConception \u00e9ditoriale et direction artistique : Miya Cr\u00e9ditsTous les contenus&#8230;<\/p>\n","protected":false},"author":1,"featured_media":0,"parent":0,"menu_order":0,"comment_status":"closed","ping_status":"closed","template":"","meta":{"footnotes":""},"class_list":["post-244","page","type-page","status-publish","hentry"],"yoast_head":"<!-- This site is optimized with the Yoast SEO plugin v27.3 - https:\/\/yoast.com\/product\/yoast-seo-wordpress\/ -->\n<title>Mentions l\u00e9gales - KODAMA -echoes of the mountain-<\/title>\n<meta name=\"robots\" content=\"index, follow, max-snippet:-1, max-image-preview:large, max-video-preview:-1\" \/>\n<link rel=\"canonical\" href=\"https:\/\/projet.eomiya.com\/en\/mentions-legales\/\" \/>\n<meta property=\"og:locale\" content=\"en_US\" \/>\n<meta property=\"og:locale:alternate\" content=\"fr_FR\" \/>\n<meta property=\"og:locale:alternate\" content=\"ja_JP\" \/>\n<meta property=\"og:type\" content=\"article\" \/>\n<meta property=\"og:title\" content=\"Mentions l\u00e9gales - KODAMA -echoes of the mountain-\" \/>\n<meta property=\"og:description\" content=\"\u00c9diteur du siteEOM \u2014 Echoes of the MountainSite vitrine artistique et de rechercheResponsable de la publication : MiyaAdresse : disponible sur demandeEmail : eomiy.artist@gmail.com H\u00e9bergementOVH Hosting, Inc.800-1801 McGill College Avenue, Montreal, QC H3A 2N4, CanadaT\u00e9l\u00e9phone : +1 855 684 5463Site web : www.ovh.com Conception et designConception \u00e9ditoriale et direction artistique : Miya Cr\u00e9ditsTous les contenus...\" \/>\n<meta property=\"og:url\" content=\"https:\/\/projet.eomiya.com\/en\/mentions-legales\/\" \/>\n<meta property=\"og:site_name\" content=\"KODAMA -echoes of the mountain-\" \/>\n<meta property=\"article:modified_time\" content=\"2025-10-27T14:22:40+00:00\" \/>\n<meta name=\"twitter:card\" content=\"summary_large_image\" \/>\n<meta name=\"twitter:label1\" content=\"Est. reading time\" \/>\n\t<meta name=\"twitter:data1\" content=\"1 minute\" \/>\n<script type=\"application\/ld+json\" class=\"yoast-schema-graph\">{\"@context\":\"https:\\\/\\\/schema.org\",\"@graph\":[{\"@type\":\"WebPage\",\"@id\":\"https:\\\/\\\/projet.eomiya.com\\\/mentions-legales\\\/\",\"url\":\"https:\\\/\\\/projet.eomiya.com\\\/mentions-legales\\\/\",\"name\":\"Mentions l\u00e9gales - KODAMA -echoes of the mountain-\",\"isPartOf\":{\"@id\":\"https:\\\/\\\/projet.eomiya.com\\\/#website\"},\"datePublished\":\"2025-10-27T14:22:39+00:00\",\"dateModified\":\"2025-10-27T14:22:40+00:00\",\"breadcrumb\":{\"@id\":\"https:\\\/\\\/projet.eomiya.com\\\/mentions-legales\\\/#breadcrumb\"},\"inLanguage\":\"en-US\",\"potentialAction\":[{\"@type\":\"ReadAction\",\"target\":[\"https:\\\/\\\/projet.eomiya.com\\\/mentions-legales\\\/\"]}]},{\"@type\":\"BreadcrumbList\",\"@id\":\"https:\\\/\\\/projet.eomiya.com\\\/mentions-legales\\\/#breadcrumb\",\"itemListElement\":[{\"@type\":\"ListItem\",\"position\":1,\"name\":\"Accueil\",\"item\":\"https:\\\/\\\/projet.eomiya.com\\\/\"},{\"@type\":\"ListItem\",\"position\":2,\"name\":\"Mentions l\u00e9gales\"}]},{\"@type\":\"WebSite\",\"@id\":\"https:\\\/\\\/projet.eomiya.com\\\/#website\",\"url\":\"https:\\\/\\\/projet.eomiya.com\\\/\",\"name\":\"KODAMA -echoes of the mountain-\",\"description\":\"\",\"publisher\":{\"@id\":\"https:\\\/\\\/projet.eomiya.com\\\/#organization\"},\"potentialAction\":[{\"@type\":\"SearchAction\",\"target\":{\"@type\":\"EntryPoint\",\"urlTemplate\":\"https:\\\/\\\/projet.eomiya.com\\\/?s={search_term_string}\"},\"query-input\":{\"@type\":\"PropertyValueSpecification\",\"valueRequired\":true,\"valueName\":\"search_term_string\"}}],\"inLanguage\":\"en-US\"},{\"@type\":\"Organization\",\"@id\":\"https:\\\/\\\/projet.eomiya.com\\\/#organization\",\"name\":\"KODAMA -echoes of the mountain-\",\"url\":\"https:\\\/\\\/projet.eomiya.com\\\/\",\"logo\":{\"@type\":\"ImageObject\",\"inLanguage\":\"en-US\",\"@id\":\"https:\\\/\\\/projet.eomiya.com\\\/#\\\/schema\\\/logo\\\/image\\\/\",\"url\":\"https:\\\/\\\/projet.eomiya.com\\\/wp-content\\\/uploads\\\/2025\\\/10\\\/cropped-SUBMARKAsset-3.webp\",\"contentUrl\":\"https:\\\/\\\/projet.eomiya.com\\\/wp-content\\\/uploads\\\/2025\\\/10\\\/cropped-SUBMARKAsset-3.webp\",\"width\":262,\"height\":262,\"caption\":\"KODAMA -echoes of the mountain-\"},\"image\":{\"@id\":\"https:\\\/\\\/projet.eomiya.com\\\/#\\\/schema\\\/logo\\\/image\\\/\"}}]}<\/script>\n<!-- \/ Yoast SEO plugin. -->","yoast_head_json":{"title":"Mentions l\u00e9gales - KODAMA -echoes of the mountain-","robots":{"index":"index","follow":"follow","max-snippet":"max-snippet:-1","max-image-preview":"max-image-preview:large","max-video-preview":"max-video-preview:-1"},"canonical":"https:\/\/projet.eomiya.com\/en\/mentions-legales\/","og_locale":"en_US","og_type":"article","og_title":"Mentions l\u00e9gales - KODAMA -echoes of the mountain-","og_description":"\u00c9diteur du siteEOM \u2014 Echoes of the MountainSite vitrine artistique et de rechercheResponsable de la publication : MiyaAdresse : disponible sur demandeEmail : eomiy.artist@gmail.com H\u00e9bergementOVH Hosting, Inc.800-1801 McGill College Avenue, Montreal, QC H3A 2N4, CanadaT\u00e9l\u00e9phone : +1 855 684 5463Site web : www.ovh.com Conception et designConception \u00e9ditoriale et direction artistique : Miya Cr\u00e9ditsTous les contenus...","og_url":"https:\/\/projet.eomiya.com\/en\/mentions-legales\/","og_site_name":"KODAMA -echoes of the mountain-","article_modified_time":"2025-10-27T14:22:40+00:00","twitter_card":"summary_large_image","twitter_misc":{"Est. reading time":"1 minute"},"schema":{"@context":"https:\/\/schema.org","@graph":[{"@type":"WebPage","@id":"https:\/\/projet.eomiya.com\/mentions-legales\/","url":"https:\/\/projet.eomiya.com\/mentions-legales\/","name":"Mentions l\u00e9gales - KODAMA -echoes of the mountain-","isPartOf":{"@id":"https:\/\/projet.eomiya.com\/#website"},"datePublished":"2025-10-27T14:22:39+00:00","dateModified":"2025-10-27T14:22:40+00:00","breadcrumb":{"@id":"https:\/\/projet.eomiya.com\/mentions-legales\/#breadcrumb"},"inLanguage":"en-US","potentialAction":[{"@type":"ReadAction","target":["https:\/\/projet.eomiya.com\/mentions-legales\/"]}]},{"@type":"BreadcrumbList","@id":"https:\/\/projet.eomiya.com\/mentions-legales\/#breadcrumb","itemListElement":[{"@type":"ListItem","position":1,"name":"Accueil","item":"https:\/\/projet.eomiya.com\/"},{"@type":"ListItem","position":2,"name":"Mentions l\u00e9gales"}]},{"@type":"WebSite","@id":"https:\/\/projet.eomiya.com\/#website","url":"https:\/\/projet.eomiya.com\/","name":"KODAMA -echoes of the mountain-","description":"","publisher":{"@id":"https:\/\/projet.eomiya.com\/#organization"},"potentialAction":[{"@type":"SearchAction","target":{"@type":"EntryPoint","urlTemplate":"https:\/\/projet.eomiya.com\/?s={search_term_string}"},"query-input":{"@type":"PropertyValueSpecification","valueRequired":true,"valueName":"search_term_string"}}],"inLanguage":"en-US"},{"@type":"Organization","@id":"https:\/\/projet.eomiya.com\/#organization","name":"KODAMA -echoes of the mountain-","url":"https:\/\/projet.eomiya.com\/","logo":{"@type":"ImageObject","inLanguage":"en-US","@id":"https:\/\/projet.eomiya.com\/#\/schema\/logo\/image\/","url":"https:\/\/projet.eomiya.com\/wp-content\/uploads\/2025\/10\/cropped-SUBMARKAsset-3.webp","contentUrl":"https:\/\/projet.eomiya.com\/wp-content\/uploads\/2025\/10\/cropped-SUBMARKAsset-3.webp","width":262,"height":262,"caption":"KODAMA -echoes of the mountain-"},"image":{"@id":"https:\/\/projet.eomiya.com\/#\/schema\/logo\/image\/"}}]}},"_links":{"self":[{"href":"https:\/\/projet.eomiya.com\/en\/wp-json\/wp\/v2\/pages\/244","targetHints":{"allow":["GET"]}}],"collection":[{"href":"https:\/\/projet.eomiya.com\/en\/wp-json\/wp\/v2\/pages"}],"about":[{"href":"https:\/\/projet.eomiya.com\/en\/wp-json\/wp\/v2\/types\/page"}],"author":[{"embeddable":true,"href":"https:\/\/projet.eomiya.com\/en\/wp-json\/wp\/v2\/users\/1"}],"replies":[{"embeddable":true,"href":"https:\/\/projet.eomiya.com\/en\/wp-json\/wp\/v2\/comments?post=244"}],"version-history":[{"count":1,"href":"https:\/\/projet.eomiya.com\/en\/wp-json\/wp\/v2\/pages\/244\/revisions"}],"predecessor-version":[{"id":245,"href":"https:\/\/projet.eomiya.com\/en\/wp-json\/wp\/v2\/pages\/244\/revisions\/245"}],"wp:attachment":[{"href":"https:\/\/projet.eomiya.com\/en\/wp-json\/wp\/v2\/media?parent=244"}],"curies":[{"name":"wp","href":"https:\/\/api.w.org\/{rel}","templated":true}]}}