{"id":2,"date":"2025-10-12T07:16:39","date_gmt":"2025-10-12T07:16:39","guid":{"rendered":"http:\/\/projet.eomiya.com\/?page_id=2"},"modified":"2025-11-15T00:44:54","modified_gmt":"2025-11-15T00:44:54","slug":"a-propos","status":"publish","type":"page","link":"https:\/\/projet.eomiya.com\/ja\/a-propos\/","title":{"rendered":"ABOUT"},"content":{"rendered":"\t\t<div data-elementor-type=\"wp-page\" data-elementor-id=\"2\" class=\"elementor elementor-2\">\n\t\t\t\t<div class=\"elementor-element elementor-element-9971f4 animated-slow e-con-full e-flex elementor-invisible e-con e-parent\" data-id=\"9971f4\" data-element_type=\"container\" data-e-type=\"container\" data-settings=\"{&quot;animation&quot;:&quot;fadeIn&quot;}\">\n\t\t\t\t<div class=\"elementor-element elementor-element-577646a3 elementor-widget__width-initial elementor-widget elementor-widget-text-editor\" data-id=\"577646a3\" data-element_type=\"widget\" data-e-type=\"widget\" data-widget_type=\"text-editor.default\">\n\t\t\t\t\t\t\t\t\t\n<p class=\"has-text-align-center\">Retrouver les valeurs fondamentales humaines qui nous ont \u00e9t\u00e9 d\u00e9rob\u00e9es est devenu l&#8217;enjeu principal de cette \u00e9poque trouble. Ainsi, en r\u00e9-apprenant \u00e0 contempler, respecter la nature qui nous entoure, il s&#8217;agirait de trouver un moyen de combattre des principes impos\u00e9s ill\u00e9gitimes, de s&#8217;extraire des pens\u00e9es pollu\u00e9es par -notamment- le consum\u00e9risme. Deux \u00e9l\u00e9ments nous caract\u00e9risent, l&#8217;histoire et l&#8217;art. En s&#8217;appuyant sur ces deux notions, l&#8217;id\u00e9e ici est d&#8217;avoir les outils n\u00e9cessaires afin de provoquer une r\u00e9volution philosophique ; en employant le terme &#8220;\u00e9cho&#8221;,\u00a0 j&#8217;entends le fait d&#8217;\u00eatre accompagn\u00e9e par les sons d\u00e9ploy\u00e9s par des \u00eatres alors disparus sur notre ligne temporelle.<\/p>\n\n<div class=\"wp-block-group is-nowrap is-layout-flex wp-container-core-group-is-layout-ad2f72ca wp-block-group-is-layout-flex\">\n<figure class=\"wp-block-image size-large is-resized\"><img fetchpriority=\"high\" decoding=\"async\" width=\"819\" height=\"1024\" class=\"wp-image-77 alignleft\" style=\"width: 339px; height: auto;\" title=\"Artistic profil picture\" src=\"http:\/\/projet.eomiya.com\/wp-content\/uploads\/2025\/10\/Profil-Miya-819x1024.jpg\" alt=\"Artistic_portrait\" srcset=\"https:\/\/projet.eomiya.com\/wp-content\/uploads\/2025\/10\/Profil-Miya-819x1024.jpg 819w, https:\/\/projet.eomiya.com\/wp-content\/uploads\/2025\/10\/Profil-Miya-240x300.jpg 240w, https:\/\/projet.eomiya.com\/wp-content\/uploads\/2025\/10\/Profil-Miya-768x960.jpg 768w, https:\/\/projet.eomiya.com\/wp-content\/uploads\/2025\/10\/Profil-Miya-300x375.jpg 300w, https:\/\/projet.eomiya.com\/wp-content\/uploads\/2025\/10\/Profil-Miya-850x1063.jpg 850w, https:\/\/projet.eomiya.com\/wp-content\/uploads\/2025\/10\/Profil-Miya.jpg 1080w\" sizes=\"(max-width: 819px) 100vw, 819px\" \/><\/figure>\n\n<div class=\"wp-block-group\"><div class=\"wp-block-group__inner-container is-layout-constrained wp-block-group-is-layout-constrained\">\n<h2 class=\"wp-block-heading\">NOM<\/h2>\n\n<p>\u2014MIYA<\/p>\n\n<h2 class=\"wp-block-heading\">DOMAINES<\/h2>\n\n<p>Histoire, philosophie, art, cin\u00e9ma, photographie, politique, \u2028lire, mus\u00e9es, voyages culturels<\/p>\n\n<h2 class=\"wp-block-heading\">ARTS PRATIQUES<\/h2>\n\n<p>Graphisme, photographie\/vid\u00e9o, arts plastiques, chant<\/p>\n<\/div><\/div>\n<\/div>\n<p>\u00a0<\/p>\n<h2 class=\"wp-block-heading has-text-align-center\">Parcours<\/h2>\n\n<p class=\"has-text-align-center\">Originaire de France, je r\u00e9side actuellement \u00e0 Tokyo.\u2028 Mes \u00e9tudes dans les domaines du cin\u00e9ma et des arts graphiques m\u2019ont permis non seulement d\u2019explorer divers univers cr\u00e9atifs<br \/>Je suis en qu\u00eate de stimulation constante \u2014 esth\u00e9tique autant qu\u2019intellectuelle.\u2028J\u2019essaie de tout questionner, sans cesse \u00e0 la recherche de nouveaux points de vue.\u2028\u2028<br \/>Que ce soit les paysages de mon pays natal, les ondes produites par ma ville d\u2019origine, les multiples influences que j\u2019ai pu absorber jusqu\u2019\u00e0 maintenant ; tout ce processus m\u2019a nourri, \u00e9lev\u00e9e.\u00a0<br \/>Chercher \u00e0 transmettre une vision singuli\u00e8re par mes \u0153uvres, je peux dire en cela que c\u2019est s\u00fbrement ma plus grande ambition. Anim\u00e9e par un d\u00e9sir constant d\u2019apprendre, je consid\u00e8re essentiel de relier les connaissances acquises \u00e0 des exp\u00e9riences visuelles.<br \/>J\u2019aime donner forme, sur papier ou \u00e0 travers le num\u00e9rique, aux couleurs et aux \u00e9motions qui surgissent de mon imagination.\u2028 Peu \u00e0 peu, cette d\u00e9marche m\u2019a conduite \u00e0 vouloir consacrer ma vie \u00e0 une recherche profonde, au service d\u2019\u0153uvres porteuses de sens.<br \/>Je souhaite partager les nuances cach\u00e9es de mon esprit, rencontrer d\u2019autres artistes, et cr\u00e9er ensemble des formes cr\u00e9atives nouvelles.<\/p>\n\n<p>\u00a0<\/p>\n\t\t\t\t\t\t\t\t<\/div>\n\t\t\t\t<\/div>\n\t\t\t\t<\/div>\n\t\t","protected":false},"excerpt":{"rendered":"<p>Retrouver les valeurs fondamentales humaines qui nous ont \u00e9t\u00e9 d\u00e9rob\u00e9es est devenu l&#8217;enjeu principal de c&#8230;<\/p>\n","protected":false},"author":1,"featured_media":0,"parent":0,"menu_order":0,"comment_status":"closed","ping_status":"open","template":"","meta":{"footnotes":""},"class_list":["post-2","page","type-page","status-publish","hentry"],"yoast_head":"<!-- This site is optimized with the Yoast SEO plugin v27.3 - https:\/\/yoast.com\/product\/yoast-seo-wordpress\/ -->\n<title>A PROPOS - L&#039;art de KODAMA -echoes of the mountain-<\/title>\n<meta name=\"description\" content=\"D\u00e9couvrez la d\u00e9marche d\u2019Echoes of the Mountain : une r\u00e9flexion po\u00e9tique sur le temps, la m\u00e9moire et la cr\u00e9ation artistique.\" \/>\n<meta name=\"robots\" content=\"index, follow, max-snippet:-1, max-image-preview:large, max-video-preview:-1\" \/>\n<link rel=\"canonical\" href=\"https:\/\/projet.eomiya.com\/ja\/a-propos\/\" \/>\n<meta property=\"og:locale\" content=\"ja_JP\" \/>\n<meta property=\"og:locale:alternate\" content=\"en_US\" \/>\n<meta property=\"og:locale:alternate\" content=\"fr_FR\" \/>\n<meta property=\"og:type\" content=\"article\" \/>\n<meta property=\"og:title\" content=\"A PROPOS - L&#039;art de KODAMA -echoes of the mountain-\" \/>\n<meta property=\"og:description\" content=\"D\u00e9couvrez la d\u00e9marche d\u2019Echoes of the Mountain : une r\u00e9flexion po\u00e9tique sur le temps, la m\u00e9moire et la cr\u00e9ation artistique.\" \/>\n<meta property=\"og:url\" content=\"https:\/\/projet.eomiya.com\/ja\/a-propos\/\" \/>\n<meta property=\"og:site_name\" content=\"KODAMA -echoes of the mountain-\" \/>\n<meta property=\"article:modified_time\" content=\"2025-11-15T00:44:54+00:00\" \/>\n<meta property=\"og:image\" content=\"http:\/\/projet.eomiya.com\/wp-content\/uploads\/2025\/10\/Profil-Miya-819x1024.jpg\" \/>\n<meta name=\"twitter:card\" content=\"summary_large_image\" \/>\n<meta name=\"twitter:label1\" content=\"\u63a8\u5b9a\u8aad\u307f\u53d6\u308a\u6642\u9593\" \/>\n\t<meta name=\"twitter:data1\" content=\"2\u5206\" \/>\n<script type=\"application\/ld+json\" class=\"yoast-schema-graph\">{\"@context\":\"https:\\\/\\\/schema.org\",\"@graph\":[{\"@type\":\"WebPage\",\"@id\":\"https:\\\/\\\/projet.eomiya.com\\\/a-propos\\\/\",\"url\":\"https:\\\/\\\/projet.eomiya.com\\\/a-propos\\\/\",\"name\":\"A PROPOS - L'art de KODAMA -echoes of the mountain-\",\"isPartOf\":{\"@id\":\"https:\\\/\\\/projet.eomiya.com\\\/#website\"},\"primaryImageOfPage\":{\"@id\":\"https:\\\/\\\/projet.eomiya.com\\\/a-propos\\\/#primaryimage\"},\"image\":{\"@id\":\"https:\\\/\\\/projet.eomiya.com\\\/a-propos\\\/#primaryimage\"},\"thumbnailUrl\":\"http:\\\/\\\/projet.eomiya.com\\\/wp-content\\\/uploads\\\/2025\\\/10\\\/Profil-Miya-819x1024.jpg\",\"datePublished\":\"2025-10-12T07:16:39+00:00\",\"dateModified\":\"2025-11-15T00:44:54+00:00\",\"description\":\"D\u00e9couvrez la d\u00e9marche d\u2019Echoes of the Mountain : une r\u00e9flexion po\u00e9tique sur le temps, la m\u00e9moire et la cr\u00e9ation artistique.\",\"breadcrumb\":{\"@id\":\"https:\\\/\\\/projet.eomiya.com\\\/a-propos\\\/#breadcrumb\"},\"inLanguage\":\"ja\",\"potentialAction\":[{\"@type\":\"ReadAction\",\"target\":[\"https:\\\/\\\/projet.eomiya.com\\\/a-propos\\\/\"]}]},{\"@type\":\"ImageObject\",\"inLanguage\":\"ja\",\"@id\":\"https:\\\/\\\/projet.eomiya.com\\\/a-propos\\\/#primaryimage\",\"url\":\"http:\\\/\\\/projet.eomiya.com\\\/wp-content\\\/uploads\\\/2025\\\/10\\\/Profil-Miya-819x1024.jpg\",\"contentUrl\":\"http:\\\/\\\/projet.eomiya.com\\\/wp-content\\\/uploads\\\/2025\\\/10\\\/Profil-Miya-819x1024.jpg\"},{\"@type\":\"BreadcrumbList\",\"@id\":\"https:\\\/\\\/projet.eomiya.com\\\/a-propos\\\/#breadcrumb\",\"itemListElement\":[{\"@type\":\"ListItem\",\"position\":1,\"name\":\"Accueil\",\"item\":\"https:\\\/\\\/projet.eomiya.com\\\/\"},{\"@type\":\"ListItem\",\"position\":2,\"name\":\"ABOUT\"}]},{\"@type\":\"WebSite\",\"@id\":\"https:\\\/\\\/projet.eomiya.com\\\/#website\",\"url\":\"https:\\\/\\\/projet.eomiya.com\\\/\",\"name\":\"KODAMA -echoes of the mountain-\",\"description\":\"\",\"publisher\":{\"@id\":\"https:\\\/\\\/projet.eomiya.com\\\/#organization\"},\"potentialAction\":[{\"@type\":\"SearchAction\",\"target\":{\"@type\":\"EntryPoint\",\"urlTemplate\":\"https:\\\/\\\/projet.eomiya.com\\\/?s={search_term_string}\"},\"query-input\":{\"@type\":\"PropertyValueSpecification\",\"valueRequired\":true,\"valueName\":\"search_term_string\"}}],\"inLanguage\":\"ja\"},{\"@type\":\"Organization\",\"@id\":\"https:\\\/\\\/projet.eomiya.com\\\/#organization\",\"name\":\"KODAMA -echoes of the mountain-\",\"url\":\"https:\\\/\\\/projet.eomiya.com\\\/\",\"logo\":{\"@type\":\"ImageObject\",\"inLanguage\":\"ja\",\"@id\":\"https:\\\/\\\/projet.eomiya.com\\\/#\\\/schema\\\/logo\\\/image\\\/\",\"url\":\"https:\\\/\\\/projet.eomiya.com\\\/wp-content\\\/uploads\\\/2025\\\/10\\\/cropped-SUBMARKAsset-3.webp\",\"contentUrl\":\"https:\\\/\\\/projet.eomiya.com\\\/wp-content\\\/uploads\\\/2025\\\/10\\\/cropped-SUBMARKAsset-3.webp\",\"width\":262,\"height\":262,\"caption\":\"KODAMA -echoes of the mountain-\"},\"image\":{\"@id\":\"https:\\\/\\\/projet.eomiya.com\\\/#\\\/schema\\\/logo\\\/image\\\/\"}}]}<\/script>\n<!-- \/ Yoast SEO plugin. -->","yoast_head_json":{"title":"A PROPOS - L'art de KODAMA -echoes of the mountain-","description":"D\u00e9couvrez la d\u00e9marche d\u2019Echoes of the Mountain : une r\u00e9flexion po\u00e9tique sur le temps, la m\u00e9moire et la cr\u00e9ation artistique.","robots":{"index":"index","follow":"follow","max-snippet":"max-snippet:-1","max-image-preview":"max-image-preview:large","max-video-preview":"max-video-preview:-1"},"canonical":"https:\/\/projet.eomiya.com\/ja\/a-propos\/","og_locale":"ja_JP","og_type":"article","og_title":"[:fr]A PROPOS - L'art de KODAMA -echoes of the mountain-[:]","og_description":"[:fr]D\u00e9couvrez la d\u00e9marche d\u2019Echoes of the Mountain : une r\u00e9flexion po\u00e9tique sur le temps, la m\u00e9moire et la cr\u00e9ation artistique.[:]","og_url":"https:\/\/projet.eomiya.com\/ja\/a-propos\/","og_site_name":"KODAMA -echoes of the mountain-","article_modified_time":"2025-11-15T00:44:54+00:00","og_image":[{"url":"http:\/\/projet.eomiya.com\/wp-content\/uploads\/2025\/10\/Profil-Miya-819x1024.jpg","type":"","width":"","height":""}],"twitter_card":"summary_large_image","twitter_misc":{"\u63a8\u5b9a\u8aad\u307f\u53d6\u308a\u6642\u9593":"2\u5206"},"schema":{"@context":"https:\/\/schema.org","@graph":[{"@type":"WebPage","@id":"https:\/\/projet.eomiya.com\/a-propos\/","url":"https:\/\/projet.eomiya.com\/a-propos\/","name":"A PROPOS - L'art de KODAMA -echoes of the mountain-","isPartOf":{"@id":"https:\/\/projet.eomiya.com\/#website"},"primaryImageOfPage":{"@id":"https:\/\/projet.eomiya.com\/a-propos\/#primaryimage"},"image":{"@id":"https:\/\/projet.eomiya.com\/a-propos\/#primaryimage"},"thumbnailUrl":"http:\/\/projet.eomiya.com\/wp-content\/uploads\/2025\/10\/Profil-Miya-819x1024.jpg","datePublished":"2025-10-12T07:16:39+00:00","dateModified":"2025-11-15T00:44:54+00:00","description":"D\u00e9couvrez la d\u00e9marche d\u2019Echoes of the Mountain : une r\u00e9flexion po\u00e9tique sur le temps, la m\u00e9moire et la cr\u00e9ation artistique.","breadcrumb":{"@id":"https:\/\/projet.eomiya.com\/a-propos\/#breadcrumb"},"inLanguage":"ja","potentialAction":[{"@type":"ReadAction","target":["https:\/\/projet.eomiya.com\/a-propos\/"]}]},{"@type":"ImageObject","inLanguage":"ja","@id":"https:\/\/projet.eomiya.com\/a-propos\/#primaryimage","url":"http:\/\/projet.eomiya.com\/wp-content\/uploads\/2025\/10\/Profil-Miya-819x1024.jpg","contentUrl":"http:\/\/projet.eomiya.com\/wp-content\/uploads\/2025\/10\/Profil-Miya-819x1024.jpg"},{"@type":"BreadcrumbList","@id":"https:\/\/projet.eomiya.com\/a-propos\/#breadcrumb","itemListElement":[{"@type":"ListItem","position":1,"name":"Accueil","item":"https:\/\/projet.eomiya.com\/"},{"@type":"ListItem","position":2,"name":"ABOUT"}]},{"@type":"WebSite","@id":"https:\/\/projet.eomiya.com\/#website","url":"https:\/\/projet.eomiya.com\/","name":"KODAMA -echoes of the mountain-","description":"","publisher":{"@id":"https:\/\/projet.eomiya.com\/#organization"},"potentialAction":[{"@type":"SearchAction","target":{"@type":"EntryPoint","urlTemplate":"https:\/\/projet.eomiya.com\/?s={search_term_string}"},"query-input":{"@type":"PropertyValueSpecification","valueRequired":true,"valueName":"search_term_string"}}],"inLanguage":"ja"},{"@type":"Organization","@id":"https:\/\/projet.eomiya.com\/#organization","name":"KODAMA -echoes of the mountain-","url":"https:\/\/projet.eomiya.com\/","logo":{"@type":"ImageObject","inLanguage":"ja","@id":"https:\/\/projet.eomiya.com\/#\/schema\/logo\/image\/","url":"https:\/\/projet.eomiya.com\/wp-content\/uploads\/2025\/10\/cropped-SUBMARKAsset-3.webp","contentUrl":"https:\/\/projet.eomiya.com\/wp-content\/uploads\/2025\/10\/cropped-SUBMARKAsset-3.webp","width":262,"height":262,"caption":"KODAMA -echoes of the mountain-"},"image":{"@id":"https:\/\/projet.eomiya.com\/#\/schema\/logo\/image\/"}}]}},"_links":{"self":[{"href":"https:\/\/projet.eomiya.com\/ja\/wp-json\/wp\/v2\/pages\/2","targetHints":{"allow":["GET"]}}],"collection":[{"href":"https:\/\/projet.eomiya.com\/ja\/wp-json\/wp\/v2\/pages"}],"about":[{"href":"https:\/\/projet.eomiya.com\/ja\/wp-json\/wp\/v2\/types\/page"}],"author":[{"embeddable":true,"href":"https:\/\/projet.eomiya.com\/ja\/wp-json\/wp\/v2\/users\/1"}],"replies":[{"embeddable":true,"href":"https:\/\/projet.eomiya.com\/ja\/wp-json\/wp\/v2\/comments?post=2"}],"version-history":[{"count":14,"href":"https:\/\/projet.eomiya.com\/ja\/wp-json\/wp\/v2\/pages\/2\/revisions"}],"predecessor-version":[{"id":569,"href":"https:\/\/projet.eomiya.com\/ja\/wp-json\/wp\/v2\/pages\/2\/revisions\/569"}],"wp:attachment":[{"href":"https:\/\/projet.eomiya.com\/ja\/wp-json\/wp\/v2\/media?parent=2"}],"curies":[{"name":"wp","href":"https:\/\/api.w.org\/{rel}","templated":true}]}}