{"id":202,"date":"2025-10-19T10:54:19","date_gmt":"2025-10-19T10:54:19","guid":{"rendered":"https:\/\/projet.eomiya.com\/?page_id=202"},"modified":"2025-11-07T09:29:10","modified_gmt":"2025-11-07T09:29:10","slug":"anachronism-art","status":"publish","type":"page","link":"https:\/\/projet.eomiya.com\/ja\/anachronism-art\/","title":{"rendered":"ANACHRONISM &#8211; ART"},"content":{"rendered":"\t\t<div data-elementor-type=\"wp-page\" data-elementor-id=\"202\" class=\"elementor elementor-202\">\n\t\t\t\t<div class=\"elementor-element elementor-element-c703d72 e-flex e-con-boxed e-con e-parent\" data-id=\"c703d72\" data-element_type=\"container\" data-e-type=\"container\">\n\t\t\t\t\t<div class=\"e-con-inner\">\n\t\t\t\t<div class=\"elementor-element elementor-element-395a365 elementor-widget elementor-widget-heading\" data-id=\"395a365\" data-element_type=\"widget\" data-e-type=\"widget\" data-widget_type=\"heading.default\">\n\t\t\t\t\t<h2 class=\"elementor-heading-title elementor-size-default\">Projet 1 - LES SOUVERAINS<\/h2>\t\t\t\t<\/div>\n\t\t\t\t<div class=\"elementor-element elementor-element-89172fb animated-slow elementor-widget__width-initial elementor-widget elementor-widget-image\" data-id=\"89172fb\" data-element_type=\"widget\" data-e-type=\"widget\" data-settings=\"{&quot;_animation&quot;:&quot;none&quot;}\" data-widget_type=\"image.default\">\n\t\t\t\t\t\t\t\t\t\t\t\t\t\t\t<img decoding=\"async\" src=\"https:\/\/projet.eomiya.com\/wp-content\/uploads\/elementor\/thumbs\/toshop-2-rdfkinb7p06uyqebqsojhkubkfekmlv6jpmy3jbnw8.webp\" title=\"Oeuvres souverains de France\" alt=\"Oeuvres souverains de France\" loading=\"lazy\" \/>\t\t\t\t\t\t\t\t\t\t\t\t\t\t\t<\/div>\n\t\t<div class=\"elementor-element elementor-element-7dc43c5 e-con-full e-flex e-con e-child\" data-id=\"7dc43c5\" data-element_type=\"container\" data-e-type=\"container\">\n\t\t\t\t<div class=\"elementor-element elementor-element-1b365f1 elementor-widget__width-initial elementor-widget elementor-widget-text-editor\" data-id=\"1b365f1\" data-element_type=\"widget\" data-e-type=\"widget\" data-widget_type=\"text-editor.default\">\n\t\t\t\t\t\t\t\t\t<p>En tant qu\u2019artiste marqu\u00e9e par les influences japonaises depuis son enfance, comprendre comment l\u2019histoire de ce pays est repr\u00e9sent\u00e9 m\u2019est primordial.\u00a0<br \/>\u21d2Les couleurs utilis\u00e9es, les formes exploit\u00e9es, les outils pour mettre en sc\u00e8ne, etc.<\/p><p>Il s\u2019agit du premier chapitre d\u2019une qu\u00eate servant \u00e0 retrouver des valeurs perdues.\u00a0<\/p>\t\t\t\t\t\t\t\t<\/div>\n\t\t\t\t<\/div>\n\t\t<div class=\"elementor-element elementor-element-99c0794 e-con-full e-flex e-con e-child\" data-id=\"99c0794\" data-element_type=\"container\" data-e-type=\"container\">\n\t\t\t\t<div class=\"elementor-element elementor-element-ce87bdc elementor-button-info elementor-align-right elementor-widget elementor-widget-button\" data-id=\"ce87bdc\" data-element_type=\"widget\" data-e-type=\"widget\" data-widget_type=\"button.default\">\n\t\t\t\t\t\t\t\t\t\t<a class=\"elementor-button elementor-button-link elementor-size-sm elementor-animation-grow\" href=\"https:\/\/projet.eomiya.com\/anachronism-les-souverains\/\">\n\t\t\t\t\t\t<span class=\"elementor-button-content-wrapper\">\n\t\t\t\t\t\t\t\t\t<span class=\"elementor-button-text\">D\u00e9couvrir le projet<\/span>\n\t\t\t\t\t<\/span>\n\t\t\t\t\t<\/a>\n\t\t\t\t\t\t\t\t<\/div>\n\t\t\t\t<\/div>\n\t\t\t\t\t<\/div>\n\t\t\t\t<\/div>\n\t\t<div class=\"elementor-element elementor-element-f2e7fce e-flex e-con-boxed e-con e-parent\" data-id=\"f2e7fce\" data-element_type=\"container\" data-e-type=\"container\">\n\t\t\t\t\t<div class=\"e-con-inner\">\n\t\t\t\t<div class=\"elementor-element elementor-element-9bcf99f elementor-widget-divider--view-line elementor-widget elementor-widget-divider\" data-id=\"9bcf99f\" data-element_type=\"widget\" data-e-type=\"widget\" data-widget_type=\"divider.default\">\n\t\t\t\t\t\t\t<div class=\"elementor-divider\">\n\t\t\t<span class=\"elementor-divider-separator\">\n\t\t\t\t\t\t<\/span>\n\t\t<\/div>\n\t\t\t\t\t\t<\/div>\n\t\t\t\t\t<\/div>\n\t\t\t\t<\/div>\n\t\t<div class=\"elementor-element elementor-element-20330ca e-flex e-con-boxed e-con e-parent\" data-id=\"20330ca\" data-element_type=\"container\" data-e-type=\"container\" data-settings=\"{&quot;background_background&quot;:&quot;classic&quot;}\">\n\t\t\t\t\t<div class=\"e-con-inner\">\n\t\t<div class=\"elementor-element elementor-element-8011bae e-con-full e-flex e-con e-child\" data-id=\"8011bae\" data-element_type=\"container\" data-e-type=\"container\">\n\t\t\t\t<div class=\"elementor-element elementor-element-de85df5 elementor-widget elementor-widget-heading\" data-id=\"de85df5\" data-element_type=\"widget\" data-e-type=\"widget\" data-widget_type=\"heading.default\">\n\t\t\t\t\t<h2 class=\"elementor-heading-title elementor-size-default\">Projet 2 - LA PHOTO<\/h2>\t\t\t\t<\/div>\n\t\t\t\t<div class=\"elementor-element elementor-element-e5424d7 elementor-widget elementor-widget-text-editor\" data-id=\"e5424d7\" data-element_type=\"widget\" data-e-type=\"widget\" data-widget_type=\"text-editor.default\">\n\t\t\t\t\t\t\t\t\t<p>L\u2019art de la photographie permet de comprendre au del\u00e0 du r\u00e9el, voyons ce qu\u2019elle nous montre de l\u2019histoire<\/p>\t\t\t\t\t\t\t\t<\/div>\n\t\t\t\t<div class=\"elementor-element elementor-element-407ce41 elementor-widget elementor-widget-button\" data-id=\"407ce41\" data-element_type=\"widget\" data-e-type=\"widget\" data-widget_type=\"button.default\">\n\t\t\t\t\t\t\t\t\t\t<a class=\"elementor-button elementor-button-link elementor-size-sm elementor-animation-grow\" href=\"https:\/\/projet.eomiya.com\/anachronism-la-photo\/\">\n\t\t\t\t\t\t<span class=\"elementor-button-content-wrapper\">\n\t\t\t\t\t\t\t\t\t<span class=\"elementor-button-text\">D\u00e9couvrir le projet<\/span>\n\t\t\t\t\t<\/span>\n\t\t\t\t\t<\/a>\n\t\t\t\t\t\t\t\t<\/div>\n\t\t\t\t<\/div>\n\t\t<div class=\"elementor-element elementor-element-08bdc82 e-con-full e-flex e-con e-child\" data-id=\"08bdc82\" data-element_type=\"container\" data-e-type=\"container\" data-settings=\"{&quot;background_background&quot;:&quot;classic&quot;}\">\n\t\t\t\t<div class=\"elementor-element elementor-element-ec94e0c elementor-widget elementor-widget-image\" data-id=\"ec94e0c\" data-element_type=\"widget\" data-e-type=\"widget\" data-widget_type=\"image.default\">\n\t\t\t\t\t\t\t\t\t\t\t\t\t\t\t<img fetchpriority=\"high\" decoding=\"async\" width=\"640\" height=\"427\" src=\"https:\/\/projet.eomiya.com\/wp-content\/uploads\/2025\/10\/DSC_0372-1024x683.webp\" class=\"attachment-large size-large wp-image-204\" alt=\"\" srcset=\"https:\/\/projet.eomiya.com\/wp-content\/uploads\/2025\/10\/DSC_0372-1024x683.webp 1024w, https:\/\/projet.eomiya.com\/wp-content\/uploads\/2025\/10\/DSC_0372-300x200.webp 300w, https:\/\/projet.eomiya.com\/wp-content\/uploads\/2025\/10\/DSC_0372-768x512.webp 768w, https:\/\/projet.eomiya.com\/wp-content\/uploads\/2025\/10\/DSC_0372-1536x1024.webp 1536w, https:\/\/projet.eomiya.com\/wp-content\/uploads\/2025\/10\/DSC_0372-scaled.webp 1920w, https:\/\/projet.eomiya.com\/wp-content\/uploads\/2025\/10\/DSC_0372-850x567.webp 850w\" sizes=\"(max-width: 640px) 100vw, 640px\" \/>\t\t\t\t\t\t\t\t\t\t\t\t\t\t\t<\/div>\n\t\t\t\t<\/div>\n\t\t\t\t\t<\/div>\n\t\t\t\t<\/div>\n\t\t\t\t<\/div>\n\t\t","protected":false},"excerpt":{"rendered":"<p>Projet 1 &#8211; LES SOUVERAINS En tant qu\u2019artiste marqu\u00e9e par les influences japonaises depuis son enfance, c&#8230;<\/p>\n","protected":false},"author":1,"featured_media":0,"parent":0,"menu_order":0,"comment_status":"closed","ping_status":"closed","template":"","meta":{"footnotes":""},"class_list":["post-202","page","type-page","status-publish","hentry"],"yoast_head":"<!-- This site is optimized with the Yoast SEO plugin v27.3 - https:\/\/yoast.com\/product\/yoast-seo-wordpress\/ -->\n<title>ANACHRONISM - ART - KODAMA -echoes of the mountain-<\/title>\n<meta name=\"robots\" content=\"index, follow, max-snippet:-1, max-image-preview:large, max-video-preview:-1\" \/>\n<link rel=\"canonical\" href=\"https:\/\/projet.eomiya.com\/ja\/anachronism-art\/\" \/>\n<meta property=\"og:locale\" content=\"ja_JP\" \/>\n<meta property=\"og:locale:alternate\" content=\"en_US\" \/>\n<meta property=\"og:locale:alternate\" content=\"fr_FR\" \/>\n<meta property=\"og:type\" content=\"article\" \/>\n<meta property=\"og:title\" content=\"ANACHRONISM - ART - KODAMA -echoes of the mountain-\" \/>\n<meta property=\"og:description\" content=\"Projet 1 &#8211; LES SOUVERAINS En tant qu\u2019artiste marqu\u00e9e par les influences japonaises depuis son enfance, c...\" \/>\n<meta property=\"og:url\" content=\"https:\/\/projet.eomiya.com\/ja\/anachronism-art\/\" \/>\n<meta property=\"og:site_name\" content=\"KODAMA -echoes of the mountain-\" \/>\n<meta property=\"article:modified_time\" content=\"2025-11-07T09:29:10+00:00\" \/>\n<meta property=\"og:image\" content=\"https:\/\/projet.eomiya.com\/wp-content\/uploads\/elementor\/thumbs\/toshop-2-rdfkinb7p06uyqebqsojhkubkfekmlv6jpmy3jbnw8.webp\" \/>\n<meta name=\"twitter:card\" content=\"summary_large_image\" \/>\n<meta name=\"twitter:label1\" content=\"\u63a8\u5b9a\u8aad\u307f\u53d6\u308a\u6642\u9593\" \/>\n\t<meta name=\"twitter:data1\" content=\"1\u5206\" \/>\n<script type=\"application\/ld+json\" class=\"yoast-schema-graph\">{\"@context\":\"https:\\\/\\\/schema.org\",\"@graph\":[{\"@type\":\"WebPage\",\"@id\":\"https:\\\/\\\/projet.eomiya.com\\\/anachronism-art\\\/\",\"url\":\"https:\\\/\\\/projet.eomiya.com\\\/anachronism-art\\\/\",\"name\":\"ANACHRONISM - ART - KODAMA -echoes of the mountain-\",\"isPartOf\":{\"@id\":\"https:\\\/\\\/projet.eomiya.com\\\/#website\"},\"primaryImageOfPage\":{\"@id\":\"https:\\\/\\\/projet.eomiya.com\\\/anachronism-art\\\/#primaryimage\"},\"image\":{\"@id\":\"https:\\\/\\\/projet.eomiya.com\\\/anachronism-art\\\/#primaryimage\"},\"thumbnailUrl\":\"https:\\\/\\\/projet.eomiya.com\\\/wp-content\\\/uploads\\\/elementor\\\/thumbs\\\/toshop-2-rdfkinb7p06uyqebqsojhkubkfekmlv6jpmy3jbnw8.webp\",\"datePublished\":\"2025-10-19T10:54:19+00:00\",\"dateModified\":\"2025-11-07T09:29:10+00:00\",\"breadcrumb\":{\"@id\":\"https:\\\/\\\/projet.eomiya.com\\\/anachronism-art\\\/#breadcrumb\"},\"inLanguage\":\"ja\",\"potentialAction\":[{\"@type\":\"ReadAction\",\"target\":[\"https:\\\/\\\/projet.eomiya.com\\\/anachronism-art\\\/\"]}]},{\"@type\":\"ImageObject\",\"inLanguage\":\"ja\",\"@id\":\"https:\\\/\\\/projet.eomiya.com\\\/anachronism-art\\\/#primaryimage\",\"url\":\"https:\\\/\\\/projet.eomiya.com\\\/wp-content\\\/uploads\\\/elementor\\\/thumbs\\\/toshop-2-rdfkinb7p06uyqebqsojhkubkfekmlv6jpmy3jbnw8.webp\",\"contentUrl\":\"https:\\\/\\\/projet.eomiya.com\\\/wp-content\\\/uploads\\\/elementor\\\/thumbs\\\/toshop-2-rdfkinb7p06uyqebqsojhkubkfekmlv6jpmy3jbnw8.webp\"},{\"@type\":\"BreadcrumbList\",\"@id\":\"https:\\\/\\\/projet.eomiya.com\\\/anachronism-art\\\/#breadcrumb\",\"itemListElement\":[{\"@type\":\"ListItem\",\"position\":1,\"name\":\"Accueil\",\"item\":\"https:\\\/\\\/projet.eomiya.com\\\/\"},{\"@type\":\"ListItem\",\"position\":2,\"name\":\"ANACHRONISM &#8211; ART\"}]},{\"@type\":\"WebSite\",\"@id\":\"https:\\\/\\\/projet.eomiya.com\\\/#website\",\"url\":\"https:\\\/\\\/projet.eomiya.com\\\/\",\"name\":\"KODAMA -echoes of the mountain-\",\"description\":\"\",\"publisher\":{\"@id\":\"https:\\\/\\\/projet.eomiya.com\\\/#organization\"},\"potentialAction\":[{\"@type\":\"SearchAction\",\"target\":{\"@type\":\"EntryPoint\",\"urlTemplate\":\"https:\\\/\\\/projet.eomiya.com\\\/?s={search_term_string}\"},\"query-input\":{\"@type\":\"PropertyValueSpecification\",\"valueRequired\":true,\"valueName\":\"search_term_string\"}}],\"inLanguage\":\"ja\"},{\"@type\":\"Organization\",\"@id\":\"https:\\\/\\\/projet.eomiya.com\\\/#organization\",\"name\":\"KODAMA -echoes of the mountain-\",\"url\":\"https:\\\/\\\/projet.eomiya.com\\\/\",\"logo\":{\"@type\":\"ImageObject\",\"inLanguage\":\"ja\",\"@id\":\"https:\\\/\\\/projet.eomiya.com\\\/#\\\/schema\\\/logo\\\/image\\\/\",\"url\":\"https:\\\/\\\/projet.eomiya.com\\\/wp-content\\\/uploads\\\/2025\\\/10\\\/cropped-SUBMARKAsset-3.webp\",\"contentUrl\":\"https:\\\/\\\/projet.eomiya.com\\\/wp-content\\\/uploads\\\/2025\\\/10\\\/cropped-SUBMARKAsset-3.webp\",\"width\":262,\"height\":262,\"caption\":\"KODAMA -echoes of the mountain-\"},\"image\":{\"@id\":\"https:\\\/\\\/projet.eomiya.com\\\/#\\\/schema\\\/logo\\\/image\\\/\"}}]}<\/script>\n<!-- \/ Yoast SEO plugin. -->","yoast_head_json":{"title":"ANACHRONISM - ART - KODAMA -echoes of the mountain-","robots":{"index":"index","follow":"follow","max-snippet":"max-snippet:-1","max-image-preview":"max-image-preview:large","max-video-preview":"max-video-preview:-1"},"canonical":"https:\/\/projet.eomiya.com\/ja\/anachronism-art\/","og_locale":"ja_JP","og_type":"article","og_title":"ANACHRONISM - ART - KODAMA -echoes of the mountain-","og_description":"Projet 1 &#8211; LES SOUVERAINS En tant qu\u2019artiste marqu\u00e9e par les influences japonaises depuis son enfance, c...","og_url":"https:\/\/projet.eomiya.com\/ja\/anachronism-art\/","og_site_name":"KODAMA -echoes of the mountain-","article_modified_time":"2025-11-07T09:29:10+00:00","og_image":[{"url":"https:\/\/projet.eomiya.com\/wp-content\/uploads\/elementor\/thumbs\/toshop-2-rdfkinb7p06uyqebqsojhkubkfekmlv6jpmy3jbnw8.webp","type":"","width":"","height":""}],"twitter_card":"summary_large_image","twitter_misc":{"\u63a8\u5b9a\u8aad\u307f\u53d6\u308a\u6642\u9593":"1\u5206"},"schema":{"@context":"https:\/\/schema.org","@graph":[{"@type":"WebPage","@id":"https:\/\/projet.eomiya.com\/anachronism-art\/","url":"https:\/\/projet.eomiya.com\/anachronism-art\/","name":"ANACHRONISM - ART - KODAMA -echoes of the mountain-","isPartOf":{"@id":"https:\/\/projet.eomiya.com\/#website"},"primaryImageOfPage":{"@id":"https:\/\/projet.eomiya.com\/anachronism-art\/#primaryimage"},"image":{"@id":"https:\/\/projet.eomiya.com\/anachronism-art\/#primaryimage"},"thumbnailUrl":"https:\/\/projet.eomiya.com\/wp-content\/uploads\/elementor\/thumbs\/toshop-2-rdfkinb7p06uyqebqsojhkubkfekmlv6jpmy3jbnw8.webp","datePublished":"2025-10-19T10:54:19+00:00","dateModified":"2025-11-07T09:29:10+00:00","breadcrumb":{"@id":"https:\/\/projet.eomiya.com\/anachronism-art\/#breadcrumb"},"inLanguage":"ja","potentialAction":[{"@type":"ReadAction","target":["https:\/\/projet.eomiya.com\/anachronism-art\/"]}]},{"@type":"ImageObject","inLanguage":"ja","@id":"https:\/\/projet.eomiya.com\/anachronism-art\/#primaryimage","url":"https:\/\/projet.eomiya.com\/wp-content\/uploads\/elementor\/thumbs\/toshop-2-rdfkinb7p06uyqebqsojhkubkfekmlv6jpmy3jbnw8.webp","contentUrl":"https:\/\/projet.eomiya.com\/wp-content\/uploads\/elementor\/thumbs\/toshop-2-rdfkinb7p06uyqebqsojhkubkfekmlv6jpmy3jbnw8.webp"},{"@type":"BreadcrumbList","@id":"https:\/\/projet.eomiya.com\/anachronism-art\/#breadcrumb","itemListElement":[{"@type":"ListItem","position":1,"name":"Accueil","item":"https:\/\/projet.eomiya.com\/"},{"@type":"ListItem","position":2,"name":"ANACHRONISM &#8211; ART"}]},{"@type":"WebSite","@id":"https:\/\/projet.eomiya.com\/#website","url":"https:\/\/projet.eomiya.com\/","name":"KODAMA -echoes of the mountain-","description":"","publisher":{"@id":"https:\/\/projet.eomiya.com\/#organization"},"potentialAction":[{"@type":"SearchAction","target":{"@type":"EntryPoint","urlTemplate":"https:\/\/projet.eomiya.com\/?s={search_term_string}"},"query-input":{"@type":"PropertyValueSpecification","valueRequired":true,"valueName":"search_term_string"}}],"inLanguage":"ja"},{"@type":"Organization","@id":"https:\/\/projet.eomiya.com\/#organization","name":"KODAMA -echoes of the mountain-","url":"https:\/\/projet.eomiya.com\/","logo":{"@type":"ImageObject","inLanguage":"ja","@id":"https:\/\/projet.eomiya.com\/#\/schema\/logo\/image\/","url":"https:\/\/projet.eomiya.com\/wp-content\/uploads\/2025\/10\/cropped-SUBMARKAsset-3.webp","contentUrl":"https:\/\/projet.eomiya.com\/wp-content\/uploads\/2025\/10\/cropped-SUBMARKAsset-3.webp","width":262,"height":262,"caption":"KODAMA -echoes of the mountain-"},"image":{"@id":"https:\/\/projet.eomiya.com\/#\/schema\/logo\/image\/"}}]}},"_links":{"self":[{"href":"https:\/\/projet.eomiya.com\/ja\/wp-json\/wp\/v2\/pages\/202","targetHints":{"allow":["GET"]}}],"collection":[{"href":"https:\/\/projet.eomiya.com\/ja\/wp-json\/wp\/v2\/pages"}],"about":[{"href":"https:\/\/projet.eomiya.com\/ja\/wp-json\/wp\/v2\/types\/page"}],"author":[{"embeddable":true,"href":"https:\/\/projet.eomiya.com\/ja\/wp-json\/wp\/v2\/users\/1"}],"replies":[{"embeddable":true,"href":"https:\/\/projet.eomiya.com\/ja\/wp-json\/wp\/v2\/comments?post=202"}],"version-history":[{"count":18,"href":"https:\/\/projet.eomiya.com\/ja\/wp-json\/wp\/v2\/pages\/202\/revisions"}],"predecessor-version":[{"id":458,"href":"https:\/\/projet.eomiya.com\/ja\/wp-json\/wp\/v2\/pages\/202\/revisions\/458"}],"wp:attachment":[{"href":"https:\/\/projet.eomiya.com\/ja\/wp-json\/wp\/v2\/media?parent=202"}],"curies":[{"name":"wp","href":"https:\/\/api.w.org\/{rel}","templated":true}]}}