{"id":230,"date":"2025-10-19T11:47:49","date_gmt":"2025-10-19T11:47:49","guid":{"rendered":"https:\/\/projet.eomiya.com\/?page_id=230"},"modified":"2025-11-07T10:02:56","modified_gmt":"2025-11-07T10:02:56","slug":"anachronism-la-photo","status":"publish","type":"page","link":"https:\/\/projet.eomiya.com\/ja\/anachronism-la-photo\/","title":{"rendered":"Anachronism &#8211; LA PHOTO"},"content":{"rendered":"\t\t<div data-elementor-type=\"wp-page\" data-elementor-id=\"230\" class=\"elementor elementor-230\">\n\t\t\t\t<div class=\"elementor-element elementor-element-dd712f5 e-flex e-con-boxed e-con e-parent\" data-id=\"dd712f5\" data-element_type=\"container\" data-e-type=\"container\">\n\t\t\t\t\t<div class=\"e-con-inner\">\n\t\t\t\t<div class=\"elementor-element elementor-element-af5f840 elementor-arrows-position-inside elementor-pagination-position-outside elementor-widget elementor-widget-image-carousel\" data-id=\"af5f840\" data-element_type=\"widget\" data-e-type=\"widget\" data-settings=\"{&quot;slides_to_show&quot;:&quot;1&quot;,&quot;navigation&quot;:&quot;both&quot;,&quot;autoplay&quot;:&quot;yes&quot;,&quot;pause_on_hover&quot;:&quot;yes&quot;,&quot;pause_on_interaction&quot;:&quot;yes&quot;,&quot;autoplay_speed&quot;:5000,&quot;infinite&quot;:&quot;yes&quot;,&quot;effect&quot;:&quot;slide&quot;,&quot;speed&quot;:500}\" data-widget_type=\"image-carousel.default\">\n\t\t\t\t\t\t\t<div class=\"elementor-image-carousel-wrapper swiper\" role=\"region\" aria-roledescription=\"carousel\" aria-label=\"Carrousel d\u2019images\" dir=\"ltr\">\n\t\t\t<div class=\"elementor-image-carousel swiper-wrapper\" aria-live=\"off\">\n\t\t\t\t\t\t\t\t<div class=\"swiper-slide\" role=\"group\" aria-roledescription=\"slide\" aria-label=\"1 sur 4\"><figure class=\"swiper-slide-inner\"><img decoding=\"async\" class=\"swiper-slide-image\" src=\"https:\/\/projet.eomiya.com\/wp-content\/uploads\/elementor\/thumbs\/DSC_0511-scaled-rdfocsn6f89fyyucx2njue34rcvv3dcmwukk0xewmi.webp\" alt=\"Festival Hamamatsu\" \/><\/figure><\/div><div class=\"swiper-slide\" role=\"group\" aria-roledescription=\"slide\" aria-label=\"2 sur 4\"><figure class=\"swiper-slide-inner\"><img decoding=\"async\" class=\"swiper-slide-image\" src=\"https:\/\/projet.eomiya.com\/wp-content\/uploads\/elementor\/thumbs\/20250731_125739-1-scaled-rdfofydne6l4zs95gxteq3dwmzb9yqw5ohib3eq9pm.webp\" alt=\"Ch\u00e2teau Osaka\" \/><\/figure><\/div><div class=\"swiper-slide\" role=\"group\" aria-roledescription=\"slide\" aria-label=\"3 sur 4\"><figure class=\"swiper-slide-inner\"><img decoding=\"async\" class=\"swiper-slide-image\" src=\"https:\/\/projet.eomiya.com\/wp-content\/uploads\/elementor\/thumbs\/DSC_0207-scaled-rdfoj36a6avjozpb6akn1ax7x7vbmfby3zskom30yy.webp\" alt=\"Toshogu Ueno temple\" \/><\/figure><\/div><div class=\"swiper-slide\" role=\"group\" aria-roledescription=\"slide\" aria-label=\"4 sur 4\"><figure class=\"swiper-slide-inner\"><img decoding=\"async\" class=\"swiper-slide-image\" src=\"https:\/\/projet.eomiya.com\/wp-content\/uploads\/elementor\/thumbs\/DSC_0259-scaled-redqgnap2ce38v8v6rmihuq6h56bfhi28tvgj6tdwq.webp\" alt=\"Toshogu Ueno\" \/><\/figure><\/div>\t\t\t<\/div>\n\t\t\t\t\t\t\t\t\t\t\t\t<div class=\"elementor-swiper-button elementor-swiper-button-prev\" role=\"button\" tabindex=\"0\">\n\t\t\t\t\t\t<svg aria-hidden=\"true\" class=\"e-font-icon-svg e-eicon-chevron-left\" viewBox=\"0 0 1000 1000\" xmlns=\"http:\/\/www.w3.org\/2000\/svg\"><path d=\"M646 125C629 125 613 133 604 142L308 442C296 454 292 471 292 487 292 504 296 521 308 533L604 854C617 867 629 875 646 875 663 875 679 871 692 858 704 846 713 829 713 812 713 796 708 779 692 767L438 487 692 225C700 217 708 204 708 187 708 171 704 154 692 142 675 129 663 125 646 125Z\"><\/path><\/svg>\t\t\t\t\t<\/div>\n\t\t\t\t\t<div class=\"elementor-swiper-button elementor-swiper-button-next\" role=\"button\" tabindex=\"0\">\n\t\t\t\t\t\t<svg aria-hidden=\"true\" class=\"e-font-icon-svg e-eicon-chevron-right\" viewBox=\"0 0 1000 1000\" xmlns=\"http:\/\/www.w3.org\/2000\/svg\"><path d=\"M696 533C708 521 713 504 713 487 713 471 708 454 696 446L400 146C388 133 375 125 354 125 338 125 325 129 313 142 300 154 292 171 292 187 292 204 296 221 308 233L563 492 304 771C292 783 288 800 288 817 288 833 296 850 308 863 321 871 338 875 354 875 371 875 388 867 400 854L696 533Z\"><\/path><\/svg>\t\t\t\t\t<\/div>\n\t\t\t\t\n\t\t\t\t\t\t\t\t\t<div class=\"swiper-pagination\"><\/div>\n\t\t\t\t\t\t\t\t\t<\/div>\n\t\t\t\t\t\t<\/div>\n\t\t\t\t<div class=\"elementor-element elementor-element-b75d8f0 elementor-widget elementor-widget-text-editor\" data-id=\"b75d8f0\" data-element_type=\"widget\" data-e-type=\"widget\" data-widget_type=\"text-editor.default\">\n\t\t\t\t\t\t\t\t\t<h2>EO &#8211; The Present Past<\/h2>\t\t\t\t\t\t\t\t<\/div>\n\t\t\t\t<div class=\"elementor-element elementor-element-4ed17e8 elementor-widget elementor-widget-text-editor\" data-id=\"4ed17e8\" data-element_type=\"widget\" data-e-type=\"widget\" data-widget_type=\"text-editor.default\">\n\t\t\t\t\t\t\t\t\t<p>\u73fe\u5728\u306e\u904e\u53bb \/ Ima no Kako<\/p>\t\t\t\t\t\t\t\t<\/div>\n\t\t\t\t<div class=\"elementor-element elementor-element-df0071e elementor-widget elementor-widget-text-editor\" data-id=\"df0071e\" data-element_type=\"widget\" data-e-type=\"widget\" data-widget_type=\"text-editor.default\">\n\t\t\t\t\t\t\t\t\t<p>La photographie nous permettrait-elle de mieux conceptualiser cette confrontation temporelle ?<\/p><p><span style=\"white-space: pre-wrap;\">Des instants ordinaires, sans mise en sc\u00e8ne.\u2028 Des paysages bruts, intacts, o\u00f9 la main de l\u2019homme ne s\u2019impose pas.\u2028 Ces moments-l\u00e0 nous murmurent les illusions invisibles du r\u00e9el.<\/span><br \/><span style=\"white-space: pre-wrap;\">M\u00eame \u00ab l\u2019infini \u00bb, que l\u2019\u0153il ne saurait percevoir,\u2028 appara\u00eet parfois dans le cadre restreint d\u2019une photographie.<\/span><br \/><span style=\"white-space: pre-wrap;\">On dit souvent que la photographie \u00e9voque la m\u00e9moire.\u2028 Mais elle ne poss\u00e8de pas le pouvoir de la reproduire fid\u00e8lement.\u2028 Elle laisse plut\u00f4t des traces,\u2028 faisant rena\u00eetre la pr\u00e9sence de ce qui a disparu.<\/span><\/p>\t\t\t\t\t\t\t\t<\/div>\n\t\t\t\t\t<\/div>\n\t\t\t\t<\/div>\n\t\t<div class=\"elementor-element elementor-element-fd8d83a e-flex e-con-boxed e-con e-parent\" data-id=\"fd8d83a\" data-element_type=\"container\" data-e-type=\"container\">\n\t\t\t\t\t<div class=\"e-con-inner\">\n\t\t\t\t<div class=\"elementor-element elementor-element-7a5a91c elementor-widget elementor-widget-text-editor\" data-id=\"7a5a91c\" data-element_type=\"widget\" data-e-type=\"widget\" data-widget_type=\"text-editor.default\">\n\t\t\t\t\t\t\t\t\t<p><span style=\"white-space: pre-wrap;\">Quelques clich\u00e9s de ce que je peux apercevoir de ce ph\u00e9nom\u00e8ne. <\/span><\/p>\t\t\t\t\t\t\t\t<\/div>\n\t\t\t\t\t<\/div>\n\t\t\t\t<\/div>\n\t\t\t\t<\/div>\n\t\t","protected":false},"excerpt":{"rendered":"<p>EO &#8211; The Present Past \u73fe\u5728\u306e\u904e\u53bb \/ Ima no Kako La photographie nous permettrait-elle de mieux conceptualiser &#8230;<\/p>\n","protected":false},"author":1,"featured_media":0,"parent":0,"menu_order":0,"comment_status":"closed","ping_status":"closed","template":"","meta":{"footnotes":""},"class_list":["post-230","page","type-page","status-publish","hentry"],"yoast_head":"<!-- This site is optimized with the Yoast SEO plugin v27.3 - https:\/\/yoast.com\/product\/yoast-seo-wordpress\/ -->\n<title>Anachronism - LA PHOTO - KODAMA -echoes of the mountain-<\/title>\n<meta name=\"robots\" content=\"index, follow, max-snippet:-1, max-image-preview:large, max-video-preview:-1\" \/>\n<link rel=\"canonical\" href=\"https:\/\/projet.eomiya.com\/ja\/anachronism-la-photo\/\" \/>\n<meta property=\"og:locale\" content=\"ja_JP\" \/>\n<meta property=\"og:locale:alternate\" content=\"en_US\" \/>\n<meta property=\"og:locale:alternate\" content=\"fr_FR\" \/>\n<meta property=\"og:type\" content=\"article\" \/>\n<meta property=\"og:title\" content=\"Anachronism - LA PHOTO - KODAMA -echoes of the mountain-\" \/>\n<meta property=\"og:description\" content=\"EO &#8211; The Present Past \u73fe\u5728\u306e\u904e\u53bb \/ Ima no Kako La photographie nous permettrait-elle de mieux conceptualiser ...\" \/>\n<meta property=\"og:url\" content=\"https:\/\/projet.eomiya.com\/ja\/anachronism-la-photo\/\" \/>\n<meta property=\"og:site_name\" content=\"KODAMA -echoes of the mountain-\" \/>\n<meta property=\"article:modified_time\" content=\"2025-11-07T10:02:56+00:00\" \/>\n<meta property=\"og:image\" content=\"https:\/\/projet.eomiya.com\/wp-content\/uploads\/elementor\/thumbs\/DSC_0511-scaled-rdfocsn6f89fyyucx2njue34rcvv3dcmwukk0xewmi.webp\" \/>\n<meta name=\"twitter:card\" content=\"summary_large_image\" \/>\n<meta name=\"twitter:label1\" content=\"\u63a8\u5b9a\u8aad\u307f\u53d6\u308a\u6642\u9593\" \/>\n\t<meta name=\"twitter:data1\" content=\"2\u5206\" \/>\n<script type=\"application\/ld+json\" class=\"yoast-schema-graph\">{\"@context\":\"https:\\\/\\\/schema.org\",\"@graph\":[{\"@type\":\"WebPage\",\"@id\":\"https:\\\/\\\/projet.eomiya.com\\\/anachronism-la-photo\\\/\",\"url\":\"https:\\\/\\\/projet.eomiya.com\\\/anachronism-la-photo\\\/\",\"name\":\"Anachronism - LA PHOTO - KODAMA -echoes of the mountain-\",\"isPartOf\":{\"@id\":\"https:\\\/\\\/projet.eomiya.com\\\/#website\"},\"primaryImageOfPage\":{\"@id\":\"https:\\\/\\\/projet.eomiya.com\\\/anachronism-la-photo\\\/#primaryimage\"},\"image\":{\"@id\":\"https:\\\/\\\/projet.eomiya.com\\\/anachronism-la-photo\\\/#primaryimage\"},\"thumbnailUrl\":\"https:\\\/\\\/projet.eomiya.com\\\/wp-content\\\/uploads\\\/elementor\\\/thumbs\\\/DSC_0511-scaled-rdfocsn6f89fyyucx2njue34rcvv3dcmwukk0xewmi.webp\",\"datePublished\":\"2025-10-19T11:47:49+00:00\",\"dateModified\":\"2025-11-07T10:02:56+00:00\",\"breadcrumb\":{\"@id\":\"https:\\\/\\\/projet.eomiya.com\\\/anachronism-la-photo\\\/#breadcrumb\"},\"inLanguage\":\"ja\",\"potentialAction\":[{\"@type\":\"ReadAction\",\"target\":[\"https:\\\/\\\/projet.eomiya.com\\\/anachronism-la-photo\\\/\"]}]},{\"@type\":\"ImageObject\",\"inLanguage\":\"ja\",\"@id\":\"https:\\\/\\\/projet.eomiya.com\\\/anachronism-la-photo\\\/#primaryimage\",\"url\":\"https:\\\/\\\/projet.eomiya.com\\\/wp-content\\\/uploads\\\/elementor\\\/thumbs\\\/DSC_0511-scaled-rdfocsn6f89fyyucx2njue34rcvv3dcmwukk0xewmi.webp\",\"contentUrl\":\"https:\\\/\\\/projet.eomiya.com\\\/wp-content\\\/uploads\\\/elementor\\\/thumbs\\\/DSC_0511-scaled-rdfocsn6f89fyyucx2njue34rcvv3dcmwukk0xewmi.webp\"},{\"@type\":\"BreadcrumbList\",\"@id\":\"https:\\\/\\\/projet.eomiya.com\\\/anachronism-la-photo\\\/#breadcrumb\",\"itemListElement\":[{\"@type\":\"ListItem\",\"position\":1,\"name\":\"Accueil\",\"item\":\"https:\\\/\\\/projet.eomiya.com\\\/\"},{\"@type\":\"ListItem\",\"position\":2,\"name\":\"Anachronism &#8211; LA PHOTO\"}]},{\"@type\":\"WebSite\",\"@id\":\"https:\\\/\\\/projet.eomiya.com\\\/#website\",\"url\":\"https:\\\/\\\/projet.eomiya.com\\\/\",\"name\":\"KODAMA -echoes of the mountain-\",\"description\":\"\",\"publisher\":{\"@id\":\"https:\\\/\\\/projet.eomiya.com\\\/#organization\"},\"potentialAction\":[{\"@type\":\"SearchAction\",\"target\":{\"@type\":\"EntryPoint\",\"urlTemplate\":\"https:\\\/\\\/projet.eomiya.com\\\/?s={search_term_string}\"},\"query-input\":{\"@type\":\"PropertyValueSpecification\",\"valueRequired\":true,\"valueName\":\"search_term_string\"}}],\"inLanguage\":\"ja\"},{\"@type\":\"Organization\",\"@id\":\"https:\\\/\\\/projet.eomiya.com\\\/#organization\",\"name\":\"KODAMA -echoes of the mountain-\",\"url\":\"https:\\\/\\\/projet.eomiya.com\\\/\",\"logo\":{\"@type\":\"ImageObject\",\"inLanguage\":\"ja\",\"@id\":\"https:\\\/\\\/projet.eomiya.com\\\/#\\\/schema\\\/logo\\\/image\\\/\",\"url\":\"https:\\\/\\\/projet.eomiya.com\\\/wp-content\\\/uploads\\\/2025\\\/10\\\/cropped-SUBMARKAsset-3.webp\",\"contentUrl\":\"https:\\\/\\\/projet.eomiya.com\\\/wp-content\\\/uploads\\\/2025\\\/10\\\/cropped-SUBMARKAsset-3.webp\",\"width\":262,\"height\":262,\"caption\":\"KODAMA -echoes of the mountain-\"},\"image\":{\"@id\":\"https:\\\/\\\/projet.eomiya.com\\\/#\\\/schema\\\/logo\\\/image\\\/\"}}]}<\/script>\n<!-- \/ Yoast SEO plugin. -->","yoast_head_json":{"title":"Anachronism - LA PHOTO - KODAMA -echoes of the mountain-","robots":{"index":"index","follow":"follow","max-snippet":"max-snippet:-1","max-image-preview":"max-image-preview:large","max-video-preview":"max-video-preview:-1"},"canonical":"https:\/\/projet.eomiya.com\/ja\/anachronism-la-photo\/","og_locale":"ja_JP","og_type":"article","og_title":"Anachronism - LA PHOTO - KODAMA -echoes of the mountain-","og_description":"EO &#8211; The Present Past \u73fe\u5728\u306e\u904e\u53bb \/ Ima no Kako La photographie nous permettrait-elle de mieux conceptualiser ...","og_url":"https:\/\/projet.eomiya.com\/ja\/anachronism-la-photo\/","og_site_name":"KODAMA -echoes of the mountain-","article_modified_time":"2025-11-07T10:02:56+00:00","og_image":[{"url":"https:\/\/projet.eomiya.com\/wp-content\/uploads\/elementor\/thumbs\/DSC_0511-scaled-rdfocsn6f89fyyucx2njue34rcvv3dcmwukk0xewmi.webp","type":"","width":"","height":""}],"twitter_card":"summary_large_image","twitter_misc":{"\u63a8\u5b9a\u8aad\u307f\u53d6\u308a\u6642\u9593":"2\u5206"},"schema":{"@context":"https:\/\/schema.org","@graph":[{"@type":"WebPage","@id":"https:\/\/projet.eomiya.com\/anachronism-la-photo\/","url":"https:\/\/projet.eomiya.com\/anachronism-la-photo\/","name":"Anachronism - LA PHOTO - KODAMA -echoes of the mountain-","isPartOf":{"@id":"https:\/\/projet.eomiya.com\/#website"},"primaryImageOfPage":{"@id":"https:\/\/projet.eomiya.com\/anachronism-la-photo\/#primaryimage"},"image":{"@id":"https:\/\/projet.eomiya.com\/anachronism-la-photo\/#primaryimage"},"thumbnailUrl":"https:\/\/projet.eomiya.com\/wp-content\/uploads\/elementor\/thumbs\/DSC_0511-scaled-rdfocsn6f89fyyucx2njue34rcvv3dcmwukk0xewmi.webp","datePublished":"2025-10-19T11:47:49+00:00","dateModified":"2025-11-07T10:02:56+00:00","breadcrumb":{"@id":"https:\/\/projet.eomiya.com\/anachronism-la-photo\/#breadcrumb"},"inLanguage":"ja","potentialAction":[{"@type":"ReadAction","target":["https:\/\/projet.eomiya.com\/anachronism-la-photo\/"]}]},{"@type":"ImageObject","inLanguage":"ja","@id":"https:\/\/projet.eomiya.com\/anachronism-la-photo\/#primaryimage","url":"https:\/\/projet.eomiya.com\/wp-content\/uploads\/elementor\/thumbs\/DSC_0511-scaled-rdfocsn6f89fyyucx2njue34rcvv3dcmwukk0xewmi.webp","contentUrl":"https:\/\/projet.eomiya.com\/wp-content\/uploads\/elementor\/thumbs\/DSC_0511-scaled-rdfocsn6f89fyyucx2njue34rcvv3dcmwukk0xewmi.webp"},{"@type":"BreadcrumbList","@id":"https:\/\/projet.eomiya.com\/anachronism-la-photo\/#breadcrumb","itemListElement":[{"@type":"ListItem","position":1,"name":"Accueil","item":"https:\/\/projet.eomiya.com\/"},{"@type":"ListItem","position":2,"name":"Anachronism &#8211; LA PHOTO"}]},{"@type":"WebSite","@id":"https:\/\/projet.eomiya.com\/#website","url":"https:\/\/projet.eomiya.com\/","name":"KODAMA -echoes of the mountain-","description":"","publisher":{"@id":"https:\/\/projet.eomiya.com\/#organization"},"potentialAction":[{"@type":"SearchAction","target":{"@type":"EntryPoint","urlTemplate":"https:\/\/projet.eomiya.com\/?s={search_term_string}"},"query-input":{"@type":"PropertyValueSpecification","valueRequired":true,"valueName":"search_term_string"}}],"inLanguage":"ja"},{"@type":"Organization","@id":"https:\/\/projet.eomiya.com\/#organization","name":"KODAMA -echoes of the mountain-","url":"https:\/\/projet.eomiya.com\/","logo":{"@type":"ImageObject","inLanguage":"ja","@id":"https:\/\/projet.eomiya.com\/#\/schema\/logo\/image\/","url":"https:\/\/projet.eomiya.com\/wp-content\/uploads\/2025\/10\/cropped-SUBMARKAsset-3.webp","contentUrl":"https:\/\/projet.eomiya.com\/wp-content\/uploads\/2025\/10\/cropped-SUBMARKAsset-3.webp","width":262,"height":262,"caption":"KODAMA -echoes of the mountain-"},"image":{"@id":"https:\/\/projet.eomiya.com\/#\/schema\/logo\/image\/"}}]}},"_links":{"self":[{"href":"https:\/\/projet.eomiya.com\/ja\/wp-json\/wp\/v2\/pages\/230","targetHints":{"allow":["GET"]}}],"collection":[{"href":"https:\/\/projet.eomiya.com\/ja\/wp-json\/wp\/v2\/pages"}],"about":[{"href":"https:\/\/projet.eomiya.com\/ja\/wp-json\/wp\/v2\/types\/page"}],"author":[{"embeddable":true,"href":"https:\/\/projet.eomiya.com\/ja\/wp-json\/wp\/v2\/users\/1"}],"replies":[{"embeddable":true,"href":"https:\/\/projet.eomiya.com\/ja\/wp-json\/wp\/v2\/comments?post=230"}],"version-history":[{"count":7,"href":"https:\/\/projet.eomiya.com\/ja\/wp-json\/wp\/v2\/pages\/230\/revisions"}],"predecessor-version":[{"id":461,"href":"https:\/\/projet.eomiya.com\/ja\/wp-json\/wp\/v2\/pages\/230\/revisions\/461"}],"wp:attachment":[{"href":"https:\/\/projet.eomiya.com\/ja\/wp-json\/wp\/v2\/media?parent=230"}],"curies":[{"name":"wp","href":"https:\/\/api.w.org\/{rel}","templated":true}]}}