{"id":90,"date":"2025-10-18T17:56:57","date_gmt":"2025-10-18T17:56:57","guid":{"rendered":"https:\/\/projet.eomiya.com\/?page_id=90"},"modified":"2025-11-17T09:09:18","modified_gmt":"2025-11-17T09:09:18","slug":"anachronism","status":"publish","type":"page","link":"https:\/\/projet.eomiya.com\/ja\/anachronism\/","title":{"rendered":"ANACHRONISM"},"content":{"rendered":"\t\t<div data-elementor-type=\"wp-page\" data-elementor-id=\"90\" class=\"elementor elementor-90\">\n\t\t\t\t<div class=\"elementor-element elementor-element-44ae1672 e-flex e-con-boxed e-con e-parent\" data-id=\"44ae1672\" data-element_type=\"container\" data-e-type=\"container\">\n\t\t\t\t\t<div class=\"e-con-inner\">\n\t\t\t\t<div class=\"elementor-element elementor-element-55fda344 elementor-widget elementor-widget-text-editor\" data-id=\"55fda344\" data-element_type=\"widget\" data-e-type=\"widget\" data-widget_type=\"text-editor.default\">\n\t\t\t\t\t\t\t\t\t<blockquote><br \/>\n<p>Comprendre l\u2019histoire afin de construire le futur, car le pass\u00e9 rencontre aujourd\u2019hui<\/p>\n<\/blockquote>\n<!-- \/wp:pullquote --><!-- wp:image {\"id\":91,\"sizeSlug\":\"large\",\"linkDestination\":\"none\"} -->\n<figure class=\"wp-block-image size-large\"><img fetchpriority=\"high\" decoding=\"async\" width=\"1024\" height=\"516\" class=\"wp-image-91\" src=\"https:\/\/projet.eomiya.com\/wp-content\/uploads\/2025\/10\/Anachronisme-1024x516.png\" alt=\"\" srcset=\"https:\/\/projet.eomiya.com\/wp-content\/uploads\/2025\/10\/Anachronisme-1024x516.png 1024w, https:\/\/projet.eomiya.com\/wp-content\/uploads\/2025\/10\/Anachronisme-300x151.png 300w, https:\/\/projet.eomiya.com\/wp-content\/uploads\/2025\/10\/Anachronisme-768x387.png 768w, https:\/\/projet.eomiya.com\/wp-content\/uploads\/2025\/10\/Anachronisme-850x428.png 850w, https:\/\/projet.eomiya.com\/wp-content\/uploads\/2025\/10\/Anachronisme.png 1340w\" sizes=\"(max-width: 1024px) 100vw, 1024px\" \/><\/figure>\n<!-- \/wp:image --><!-- wp:heading {\"textAlign\":\"center\"} -->\n<h2 class=\"wp-block-heading has-text-align-center\">Comprendre le projet<\/h2>\n<!-- \/wp:heading --><!-- wp:paragraph {\"align\":\"center\"} -->\n<p class=\"has-text-align-center\">Quand nous essayons de conscientiser des faits qui se sont produits \u00e0 un \u00e2ge \u00e9loign\u00e9 et inconnu, essayer de se relier \u00e0 ces \u00eatres qui s&#8217;y sont retrouv\u00e9s pi\u00e9g\u00e9s devient un probl\u00e8me. Comment exprimer, prendre conscience d&#8217;un pass\u00e9 qui a disparu ? Avec quel regard pouvons-nous prendre en compte les valeurs de cette dite \u00e9poque ? Comment vivaient-ils, comment cr\u00e9aient-ils des liens ? Il nous est impossible de reconna\u00eetre des \u00e9v\u00e8nements qui se sont pass\u00e9s dans un univers inatteignable, et finissons donc par les interpr\u00e9ter comme des \u0153uvres fictives. Que ce soit dans le large pan de l&#8217;Histoire ou dans les courtes existences humaines, nous devons vivre avec le poids de cette fatalit\u00e9;<\/p>\n<!-- \/wp:paragraph --><!-- wp:paragraph {\"align\":\"center\"} -->\n<p class=\"has-text-align-center\">celle de n&#8217;avoir plus aucun lien avec le nous du pass\u00e9, celle de devoir accepter cette perte qu&#8217;il nous est difficile de supporter. Pour exprimer ce qui compose l&#8217;humanit\u00e9, il y a l&#8217;Histoire et l&#8217;art. N&#8217;essayerions-nous pas de remettre en question nos pens\u00e9es fondamentales ?<\/p>\n<!-- \/wp:paragraph --><!-- wp:columns -->\n<div class=\"wp-block-columns\"><!-- wp:column -->\n<div class=\"wp-block-column\"><!-- wp:image {\"id\":95,\"sizeSlug\":\"full\",\"linkDestination\":\"none\"} -->\n<figure class=\"wp-block-image size-full\"><\/figure>\n<!-- \/wp:image --><!-- wp:buttons --><!-- \/wp:buttons --><\/div>\n<!-- \/wp:column --><!-- wp:column --><!-- \/wp:column --><!-- wp:column --><!-- \/wp:column --><\/div>\n<!-- \/wp:columns -->\t\t\t\t\t\t\t\t<\/div>\n\t\t\t\t\t<\/div>\n\t\t\t\t<\/div>\n\t\t<div class=\"elementor-element elementor-element-a1f3754 e-grid animated-slow e-con-boxed elementor-invisible e-con e-parent\" data-id=\"a1f3754\" data-element_type=\"container\" data-e-type=\"container\" data-settings=\"{&quot;animation&quot;:&quot;fadeInUp&quot;}\">\n\t\t\t\t\t<div class=\"e-con-inner\">\n\t\t\t\t<div class=\"elementor-element elementor-element-984130d elementor-widget elementor-widget-image\" data-id=\"984130d\" data-element_type=\"widget\" data-e-type=\"widget\" data-widget_type=\"image.default\">\n\t\t\t\t\t\t\t\t\t\t\t\t\t\t\t<img decoding=\"async\" width=\"720\" height=\"675\" src=\"https:\/\/projet.eomiya.com\/wp-content\/uploads\/2025\/11\/Ana-vraiment-analyse.jpg\" class=\"attachment-full size-full wp-image-407\" alt=\"\" srcset=\"https:\/\/projet.eomiya.com\/wp-content\/uploads\/2025\/11\/Ana-vraiment-analyse.jpg 720w, https:\/\/projet.eomiya.com\/wp-content\/uploads\/2025\/11\/Ana-vraiment-analyse-300x281.jpg 300w\" sizes=\"(max-width: 720px) 100vw, 720px\" \/>\t\t\t\t\t\t\t\t\t\t\t\t\t\t\t<\/div>\n\t\t\t\t<div class=\"elementor-element elementor-element-c22504b elementor-widget elementor-widget-image\" data-id=\"c22504b\" data-element_type=\"widget\" data-e-type=\"widget\" data-widget_type=\"image.default\">\n\t\t\t\t\t\t\t\t\t\t\t\t\t\t\t<img decoding=\"async\" width=\"640\" height=\"600\" src=\"https:\/\/projet.eomiya.com\/wp-content\/uploads\/2025\/11\/Ana-art.jpg\" class=\"attachment-large size-large wp-image-409\" alt=\"\" srcset=\"https:\/\/projet.eomiya.com\/wp-content\/uploads\/2025\/11\/Ana-art.jpg 720w, https:\/\/projet.eomiya.com\/wp-content\/uploads\/2025\/11\/Ana-art-300x281.jpg 300w\" sizes=\"(max-width: 640px) 100vw, 640px\" \/>\t\t\t\t\t\t\t\t\t\t\t\t\t\t\t<\/div>\n\t\t\t\t<div class=\"elementor-element elementor-element-1d198ac elementor-widget elementor-widget-image\" data-id=\"1d198ac\" data-element_type=\"widget\" data-e-type=\"widget\" data-widget_type=\"image.default\">\n\t\t\t\t\t\t\t\t\t\t\t\t\t\t\t<img loading=\"lazy\" decoding=\"async\" width=\"640\" height=\"600\" src=\"https:\/\/projet.eomiya.com\/wp-content\/uploads\/2025\/11\/Ana-article.jpg\" class=\"attachment-large size-large wp-image-408\" alt=\"\" srcset=\"https:\/\/projet.eomiya.com\/wp-content\/uploads\/2025\/11\/Ana-article.jpg 720w, https:\/\/projet.eomiya.com\/wp-content\/uploads\/2025\/11\/Ana-article-300x281.jpg 300w\" sizes=\"(max-width: 640px) 100vw, 640px\" \/>\t\t\t\t\t\t\t\t\t\t\t\t\t\t\t<\/div>\n\t\t\t\t<div class=\"elementor-element elementor-element-4661834 elementor-widget elementor-widget-button\" data-id=\"4661834\" data-element_type=\"widget\" data-e-type=\"widget\" data-widget_type=\"button.default\">\n\t\t\t\t\t\t\t\t\t\t<a class=\"elementor-button elementor-button-link elementor-size-sm elementor-animation-grow\" href=\"https:\/\/projet.eomiya.com\/anachronism-analyse\/\">\n\t\t\t\t\t\t<span class=\"elementor-button-content-wrapper\">\n\t\t\t\t\t\t\t\t\t<span class=\"elementor-button-text\">D\u00e9couvrir \"Analyse\"<\/span>\n\t\t\t\t\t<\/span>\n\t\t\t\t\t<\/a>\n\t\t\t\t\t\t\t\t<\/div>\n\t\t\t\t<div class=\"elementor-element elementor-element-ae65ae5 elementor-widget elementor-widget-button\" data-id=\"ae65ae5\" data-element_type=\"widget\" data-e-type=\"widget\" data-widget_type=\"button.default\">\n\t\t\t\t\t\t\t\t\t\t<a class=\"elementor-button elementor-button-link elementor-size-sm elementor-animation-grow\" href=\"https:\/\/projet.eomiya.com\/anachronism-art\/\">\n\t\t\t\t\t\t<span class=\"elementor-button-content-wrapper\">\n\t\t\t\t\t\t\t\t\t<span class=\"elementor-button-text\">D\u00e9couvrir \"Art\"<\/span>\n\t\t\t\t\t<\/span>\n\t\t\t\t\t<\/a>\n\t\t\t\t\t\t\t\t<\/div>\n\t\t\t\t<div class=\"elementor-element elementor-element-f97d7ba elementor-widget elementor-widget-button\" data-id=\"f97d7ba\" data-element_type=\"widget\" data-e-type=\"widget\" data-widget_type=\"button.default\">\n\t\t\t\t\t\t\t\t\t\t<a class=\"elementor-button elementor-button-link elementor-size-sm\" href=\"https:\/\/projet.eomiya.com\/anachronism-articles\/\">\n\t\t\t\t\t\t<span class=\"elementor-button-content-wrapper\">\n\t\t\t\t\t\t\t\t\t<span class=\"elementor-button-text\">D\u00e9couvrir \"Articles\"<\/span>\n\t\t\t\t\t<\/span>\n\t\t\t\t\t<\/a>\n\t\t\t\t\t\t\t\t<\/div>\n\t\t\t\t\t<\/div>\n\t\t\t\t<\/div>\n\t\t<div class=\"elementor-element elementor-element-4d1213d e-flex e-con-boxed e-con e-parent\" data-id=\"4d1213d\" data-element_type=\"container\" data-e-type=\"container\">\n\t\t\t\t\t<div class=\"e-con-inner\">\n\t\t\t\t<div class=\"elementor-element elementor-element-1c5300f elementor-widget elementor-widget-text-editor\" data-id=\"1c5300f\" data-element_type=\"widget\" data-e-type=\"widget\" data-widget_type=\"text-editor.default\">\n\t\t\t\t\t\t\t\t\t<p>*N&#8217;h\u00e9sitez pas \u00e0 vous inscrire \u00e0 la newsletter pour suivre l&#8217;\u00e9volution d&#8217;Echoes of the mountain ! \u2193<\/p>\t\t\t\t\t\t\t\t<\/div>\n\t\t\t\t\t<\/div>\n\t\t\t\t<\/div>\n\t\t\t\t<\/div>\n\t\t","protected":false},"excerpt":{"rendered":"<p>Comprendre l\u2019histoire afin de construire le futur, car le pass\u00e9 rencontre aujourd\u2019hui Comprendre le projet Qua&#8230;<\/p>\n","protected":false},"author":1,"featured_media":0,"parent":0,"menu_order":0,"comment_status":"closed","ping_status":"closed","template":"","meta":{"footnotes":""},"class_list":["post-90","page","type-page","status-publish","hentry"],"yoast_head":"<!-- This site is optimized with the Yoast SEO plugin v27.3 - https:\/\/yoast.com\/product\/yoast-seo-wordpress\/ -->\n<title>ANACHRONISM Notre rapport au pass\u00e9 KODAMA -echoes of the mountain-<\/title>\n<meta name=\"description\" content=\"Explorez l\u2019anachronisme dans Echoes of the Mountain : comment le pass\u00e9 r\u00e9sonne aujourd\u2019hui et fa\u00e7onne notre m\u00e9moire au-del\u00e0 du temps.\" \/>\n<meta name=\"robots\" content=\"index, follow, max-snippet:-1, max-image-preview:large, max-video-preview:-1\" \/>\n<link rel=\"canonical\" href=\"https:\/\/projet.eomiya.com\/ja\/anachronism\/\" \/>\n<meta property=\"og:locale\" content=\"ja_JP\" \/>\n<meta property=\"og:locale:alternate\" content=\"en_US\" \/>\n<meta property=\"og:locale:alternate\" content=\"fr_FR\" \/>\n<meta property=\"og:type\" content=\"article\" \/>\n<meta property=\"og:title\" content=\"ANACHRONISM Notre rapport au pass\u00e9 KODAMA -echoes of the mountain-\" \/>\n<meta property=\"og:description\" content=\"Explorez l\u2019anachronisme dans Echoes of the Mountain : comment le pass\u00e9 r\u00e9sonne aujourd\u2019hui et fa\u00e7onne notre m\u00e9moire au-del\u00e0 du temps.\" \/>\n<meta property=\"og:url\" content=\"https:\/\/projet.eomiya.com\/ja\/anachronism\/\" \/>\n<meta property=\"og:site_name\" content=\"KODAMA -echoes of the mountain-\" \/>\n<meta property=\"article:modified_time\" content=\"2025-11-17T09:09:18+00:00\" \/>\n<meta property=\"og:image\" content=\"https:\/\/projet.eomiya.com\/wp-content\/uploads\/2025\/10\/Anachronisme.png\" \/>\n\t<meta property=\"og:image:width\" content=\"1340\" \/>\n\t<meta property=\"og:image:height\" content=\"675\" \/>\n\t<meta property=\"og:image:type\" content=\"image\/png\" \/>\n<meta name=\"twitter:card\" content=\"summary_large_image\" \/>\n<meta name=\"twitter:label1\" content=\"\u63a8\u5b9a\u8aad\u307f\u53d6\u308a\u6642\u9593\" \/>\n\t<meta name=\"twitter:data1\" content=\"2\u5206\" \/>\n<script type=\"application\/ld+json\" class=\"yoast-schema-graph\">{\"@context\":\"https:\\\/\\\/schema.org\",\"@graph\":[{\"@type\":\"WebPage\",\"@id\":\"https:\\\/\\\/projet.eomiya.com\\\/anachronism\\\/\",\"url\":\"https:\\\/\\\/projet.eomiya.com\\\/anachronism\\\/\",\"name\":\"ANACHRONISM Notre rapport au pass\u00e9 KODAMA -echoes of the mountain-\",\"isPartOf\":{\"@id\":\"https:\\\/\\\/projet.eomiya.com\\\/#website\"},\"primaryImageOfPage\":{\"@id\":\"https:\\\/\\\/projet.eomiya.com\\\/anachronism\\\/#primaryimage\"},\"image\":{\"@id\":\"https:\\\/\\\/projet.eomiya.com\\\/anachronism\\\/#primaryimage\"},\"thumbnailUrl\":\"https:\\\/\\\/projet.eomiya.com\\\/wp-content\\\/uploads\\\/2025\\\/10\\\/Anachronisme-1024x516.png\",\"datePublished\":\"2025-10-18T17:56:57+00:00\",\"dateModified\":\"2025-11-17T09:09:18+00:00\",\"description\":\"Explorez l\u2019anachronisme dans Echoes of the Mountain : comment le pass\u00e9 r\u00e9sonne aujourd\u2019hui et fa\u00e7onne notre m\u00e9moire au-del\u00e0 du temps.\",\"breadcrumb\":{\"@id\":\"https:\\\/\\\/projet.eomiya.com\\\/anachronism\\\/#breadcrumb\"},\"inLanguage\":\"ja\",\"potentialAction\":[{\"@type\":\"ReadAction\",\"target\":[\"https:\\\/\\\/projet.eomiya.com\\\/anachronism\\\/\"]}]},{\"@type\":\"ImageObject\",\"inLanguage\":\"ja\",\"@id\":\"https:\\\/\\\/projet.eomiya.com\\\/anachronism\\\/#primaryimage\",\"url\":\"https:\\\/\\\/projet.eomiya.com\\\/wp-content\\\/uploads\\\/2025\\\/10\\\/Anachronisme-1024x516.png\",\"contentUrl\":\"https:\\\/\\\/projet.eomiya.com\\\/wp-content\\\/uploads\\\/2025\\\/10\\\/Anachronisme-1024x516.png\"},{\"@type\":\"BreadcrumbList\",\"@id\":\"https:\\\/\\\/projet.eomiya.com\\\/anachronism\\\/#breadcrumb\",\"itemListElement\":[{\"@type\":\"ListItem\",\"position\":1,\"name\":\"Accueil\",\"item\":\"https:\\\/\\\/projet.eomiya.com\\\/\"},{\"@type\":\"ListItem\",\"position\":2,\"name\":\"ANACHRONISM\"}]},{\"@type\":\"WebSite\",\"@id\":\"https:\\\/\\\/projet.eomiya.com\\\/#website\",\"url\":\"https:\\\/\\\/projet.eomiya.com\\\/\",\"name\":\"KODAMA -echoes of the mountain-\",\"description\":\"\",\"publisher\":{\"@id\":\"https:\\\/\\\/projet.eomiya.com\\\/#organization\"},\"potentialAction\":[{\"@type\":\"SearchAction\",\"target\":{\"@type\":\"EntryPoint\",\"urlTemplate\":\"https:\\\/\\\/projet.eomiya.com\\\/?s={search_term_string}\"},\"query-input\":{\"@type\":\"PropertyValueSpecification\",\"valueRequired\":true,\"valueName\":\"search_term_string\"}}],\"inLanguage\":\"ja\"},{\"@type\":\"Organization\",\"@id\":\"https:\\\/\\\/projet.eomiya.com\\\/#organization\",\"name\":\"KODAMA -echoes of the mountain-\",\"url\":\"https:\\\/\\\/projet.eomiya.com\\\/\",\"logo\":{\"@type\":\"ImageObject\",\"inLanguage\":\"ja\",\"@id\":\"https:\\\/\\\/projet.eomiya.com\\\/#\\\/schema\\\/logo\\\/image\\\/\",\"url\":\"https:\\\/\\\/projet.eomiya.com\\\/wp-content\\\/uploads\\\/2025\\\/10\\\/cropped-SUBMARKAsset-3.webp\",\"contentUrl\":\"https:\\\/\\\/projet.eomiya.com\\\/wp-content\\\/uploads\\\/2025\\\/10\\\/cropped-SUBMARKAsset-3.webp\",\"width\":262,\"height\":262,\"caption\":\"KODAMA -echoes of the mountain-\"},\"image\":{\"@id\":\"https:\\\/\\\/projet.eomiya.com\\\/#\\\/schema\\\/logo\\\/image\\\/\"}}]}<\/script>\n<!-- \/ Yoast SEO plugin. -->","yoast_head_json":{"title":"ANACHRONISM Notre rapport au pass\u00e9 KODAMA -echoes of the mountain-","description":"Explorez l\u2019anachronisme dans Echoes of the Mountain : comment le pass\u00e9 r\u00e9sonne aujourd\u2019hui et fa\u00e7onne notre m\u00e9moire au-del\u00e0 du temps.","robots":{"index":"index","follow":"follow","max-snippet":"max-snippet:-1","max-image-preview":"max-image-preview:large","max-video-preview":"max-video-preview:-1"},"canonical":"https:\/\/projet.eomiya.com\/ja\/anachronism\/","og_locale":"ja_JP","og_type":"article","og_title":"ANACHRONISM Notre rapport au pass\u00e9 KODAMA -echoes of the mountain-","og_description":"Explorez l\u2019anachronisme dans Echoes of the Mountain : comment le pass\u00e9 r\u00e9sonne aujourd\u2019hui et fa\u00e7onne notre m\u00e9moire au-del\u00e0 du temps.","og_url":"https:\/\/projet.eomiya.com\/ja\/anachronism\/","og_site_name":"KODAMA -echoes of the mountain-","article_modified_time":"2025-11-17T09:09:18+00:00","og_image":[{"width":1340,"height":675,"url":"https:\/\/projet.eomiya.com\/wp-content\/uploads\/2025\/10\/Anachronisme.png","type":"image\/png"}],"twitter_card":"summary_large_image","twitter_misc":{"\u63a8\u5b9a\u8aad\u307f\u53d6\u308a\u6642\u9593":"2\u5206"},"schema":{"@context":"https:\/\/schema.org","@graph":[{"@type":"WebPage","@id":"https:\/\/projet.eomiya.com\/anachronism\/","url":"https:\/\/projet.eomiya.com\/anachronism\/","name":"ANACHRONISM Notre rapport au pass\u00e9 KODAMA -echoes of the mountain-","isPartOf":{"@id":"https:\/\/projet.eomiya.com\/#website"},"primaryImageOfPage":{"@id":"https:\/\/projet.eomiya.com\/anachronism\/#primaryimage"},"image":{"@id":"https:\/\/projet.eomiya.com\/anachronism\/#primaryimage"},"thumbnailUrl":"https:\/\/projet.eomiya.com\/wp-content\/uploads\/2025\/10\/Anachronisme-1024x516.png","datePublished":"2025-10-18T17:56:57+00:00","dateModified":"2025-11-17T09:09:18+00:00","description":"Explorez l\u2019anachronisme dans Echoes of the Mountain : comment le pass\u00e9 r\u00e9sonne aujourd\u2019hui et fa\u00e7onne notre m\u00e9moire au-del\u00e0 du temps.","breadcrumb":{"@id":"https:\/\/projet.eomiya.com\/anachronism\/#breadcrumb"},"inLanguage":"ja","potentialAction":[{"@type":"ReadAction","target":["https:\/\/projet.eomiya.com\/anachronism\/"]}]},{"@type":"ImageObject","inLanguage":"ja","@id":"https:\/\/projet.eomiya.com\/anachronism\/#primaryimage","url":"https:\/\/projet.eomiya.com\/wp-content\/uploads\/2025\/10\/Anachronisme-1024x516.png","contentUrl":"https:\/\/projet.eomiya.com\/wp-content\/uploads\/2025\/10\/Anachronisme-1024x516.png"},{"@type":"BreadcrumbList","@id":"https:\/\/projet.eomiya.com\/anachronism\/#breadcrumb","itemListElement":[{"@type":"ListItem","position":1,"name":"Accueil","item":"https:\/\/projet.eomiya.com\/"},{"@type":"ListItem","position":2,"name":"ANACHRONISM"}]},{"@type":"WebSite","@id":"https:\/\/projet.eomiya.com\/#website","url":"https:\/\/projet.eomiya.com\/","name":"KODAMA -echoes of the mountain-","description":"","publisher":{"@id":"https:\/\/projet.eomiya.com\/#organization"},"potentialAction":[{"@type":"SearchAction","target":{"@type":"EntryPoint","urlTemplate":"https:\/\/projet.eomiya.com\/?s={search_term_string}"},"query-input":{"@type":"PropertyValueSpecification","valueRequired":true,"valueName":"search_term_string"}}],"inLanguage":"ja"},{"@type":"Organization","@id":"https:\/\/projet.eomiya.com\/#organization","name":"KODAMA -echoes of the mountain-","url":"https:\/\/projet.eomiya.com\/","logo":{"@type":"ImageObject","inLanguage":"ja","@id":"https:\/\/projet.eomiya.com\/#\/schema\/logo\/image\/","url":"https:\/\/projet.eomiya.com\/wp-content\/uploads\/2025\/10\/cropped-SUBMARKAsset-3.webp","contentUrl":"https:\/\/projet.eomiya.com\/wp-content\/uploads\/2025\/10\/cropped-SUBMARKAsset-3.webp","width":262,"height":262,"caption":"KODAMA -echoes of the mountain-"},"image":{"@id":"https:\/\/projet.eomiya.com\/#\/schema\/logo\/image\/"}}]}},"_links":{"self":[{"href":"https:\/\/projet.eomiya.com\/ja\/wp-json\/wp\/v2\/pages\/90","targetHints":{"allow":["GET"]}}],"collection":[{"href":"https:\/\/projet.eomiya.com\/ja\/wp-json\/wp\/v2\/pages"}],"about":[{"href":"https:\/\/projet.eomiya.com\/ja\/wp-json\/wp\/v2\/types\/page"}],"author":[{"embeddable":true,"href":"https:\/\/projet.eomiya.com\/ja\/wp-json\/wp\/v2\/users\/1"}],"replies":[{"embeddable":true,"href":"https:\/\/projet.eomiya.com\/ja\/wp-json\/wp\/v2\/comments?post=90"}],"version-history":[{"count":30,"href":"https:\/\/projet.eomiya.com\/ja\/wp-json\/wp\/v2\/pages\/90\/revisions"}],"predecessor-version":[{"id":607,"href":"https:\/\/projet.eomiya.com\/ja\/wp-json\/wp\/v2\/pages\/90\/revisions\/607"}],"wp:attachment":[{"href":"https:\/\/projet.eomiya.com\/ja\/wp-json\/wp\/v2\/media?parent=90"}],"curies":[{"name":"wp","href":"https:\/\/api.w.org\/{rel}","templated":true}]}}